{"id":3698741,"date":"2025-10-13T14:17:12","date_gmt":"2025-10-13T18:17:12","guid":{"rendered":"https:\/\/stoic-curie.212-227-153-4.plesk.page\/product\/mangueira-de-agua-refittex-12-x-18mm\/"},"modified":"2026-02-25T00:28:13","modified_gmt":"2026-02-25T00:28:13","slug":"mangueira-de-agua-refittex-12-x-18mm","status":"publish","type":"product","link":"https:\/\/stoic-curie.212-227-153-4.plesk.page\/pt\/product\/mangueira-de-agua-refittex-12-x-18mm\/","title":{"rendered":"Mangueira de \u00c1gua Refittex 12 x 18mm"},"content":{"rendered":"<p>Mangueira de \u00c1gua Refittex 12 x 18mm &#8211; <\/p>\n<p>Mangueira de PVC transparente, n\u00e3o t\u00f3xica e tran\u00e7ada, resistente \u00e0 \u00e1gua do mar e \u00e0 maioria dos produtos qu\u00edmicos. Muito flex\u00edvel e resistente, n\u00e3o sofre deforma\u00e7\u00f5es ou estreitamentos, sendo adequada para sistemas de \u00e1gua a bordo, por\u00f5es, ar pressurizado e qualquer atividade em pontes ou docas. Cumpre a diretiva europeia Reg.(EU)10\/2011 para simulantes A-B-C. A press\u00e3o de ruptura \u00e9 igual a tr\u00eas vezes a press\u00e3o de trabalho indicada na tabela.<\/p>\n","protected":false},"excerpt":{"rendered":"<p>Mangueira de \u00c1gua Refittex 12 x 18mm &#8211; Mangueira de PVC transparente, n\u00e3o t\u00f3xica e tran\u00e7ada, resistente \u00e0 \u00e1gua do<\/p>\n","protected":false},"featured_media":5945410,"comment_status":"closed","ping_status":"closed","template":"","meta":[],"product_brand":[3357],"product_cat":[1942],"product_tag":[],"class_list":{"0":"post-3698741","1":"product","2":"type-product","3":"status-publish","4":"has-post-thumbnail","6":"product_brand-seaflow-pt","7":"product_cat-mangueiras-de-agua","9":"first","10":"instock","11":"shipping-taxable","12":"purchasable","13":"product-type-simple"},"_links":{"self":[{"href":"https:\/\/stoic-curie.212-227-153-4.plesk.page\/pt\/wp-json\/wp\/v2\/product\/3698741","targetHints":{"allow":["GET"]}}],"collection":[{"href":"https:\/\/stoic-curie.212-227-153-4.plesk.page\/pt\/wp-json\/wp\/v2\/product"}],"about":[{"href":"https:\/\/stoic-curie.212-227-153-4.plesk.page\/pt\/wp-json\/wp\/v2\/types\/product"}],"replies":[{"embeddable":true,"href":"https:\/\/stoic-curie.212-227-153-4.plesk.page\/pt\/wp-json\/wp\/v2\/comments?post=3698741"}],"version-history":[{"count":0,"href":"https:\/\/stoic-curie.212-227-153-4.plesk.page\/pt\/wp-json\/wp\/v2\/product\/3698741\/revisions"}],"wp:featuredmedia":[{"embeddable":true,"href":"https:\/\/stoic-curie.212-227-153-4.plesk.page\/pt\/wp-json\/wp\/v2\/media\/5945410"}],"wp:attachment":[{"href":"https:\/\/stoic-curie.212-227-153-4.plesk.page\/pt\/wp-json\/wp\/v2\/media?parent=3698741"}],"wp:term":[{"taxonomy":"product_brand","embeddable":true,"href":"https:\/\/stoic-curie.212-227-153-4.plesk.page\/pt\/wp-json\/wp\/v2\/product_brand?post=3698741"},{"taxonomy":"product_cat","embeddable":true,"href":"https:\/\/stoic-curie.212-227-153-4.plesk.page\/pt\/wp-json\/wp\/v2\/product_cat?post=3698741"},{"taxonomy":"product_tag","embeddable":true,"href":"https:\/\/stoic-curie.212-227-153-4.plesk.page\/pt\/wp-json\/wp\/v2\/product_tag?post=3698741"}],"curies":[{"name":"wp","href":"https:\/\/api.w.org\/{rel}","templated":true}]}}