{"id":3698757,"date":"2025-10-13T14:17:15","date_gmt":"2025-10-13T18:17:15","guid":{"rendered":"https:\/\/stoic-curie.212-227-153-4.plesk.page\/product\/cabo-eletrico-marinco-50a\/"},"modified":"2026-02-25T00:28:13","modified_gmt":"2026-02-25T00:28:13","slug":"cabo-eletrico-marinco-50a","status":"publish","type":"product","link":"https:\/\/stoic-curie.212-227-153-4.plesk.page\/pt\/product\/cabo-eletrico-marinco-50a\/","title":{"rendered":"Cabo El\u00e9trico Marinco 50A"},"content":{"rendered":"<p>Cabo El\u00e9trico Marinco 50A &#8211; <\/p>\n<p>Cabo el\u00e9trico de energia em terra de grau marinho certificado pela CE para fichas e tomadas. Fio de cobre vermelho estanhado da classe 5 IEC60228, isolado e revestido em PVC, proporcionando prote\u00e7\u00e3o m\u00e1xima contra corros\u00e3o e eletrolise. Manto de isolamento de flexibilidade superior feito de um composto especial de borracha nitr\u00edlica e PVC, resistente \u00e0 \u00e1gua do mar, certificado pela IEC60332-1 como retardante de chama e resistente ao \u00f3leo.<\/p>\n","protected":false},"excerpt":{"rendered":"<p>Cabo El\u00e9trico Marinco 50A &#8211; Cabo el\u00e9trico de energia em terra de grau marinho certificado pela CE para fichas e<\/p>\n","protected":false},"featured_media":5945466,"comment_status":"closed","ping_status":"closed","template":"","meta":[],"product_brand":[3107],"product_cat":[2037],"product_tag":[],"class_list":{"0":"post-3698757","1":"product","2":"type-product","3":"status-publish","4":"has-post-thumbnail","6":"product_brand-marinco-pt","7":"product_cat-ligacao-eletrica-a-terra","9":"first","10":"instock","11":"shipping-taxable","12":"purchasable","13":"product-type-simple"},"_links":{"self":[{"href":"https:\/\/stoic-curie.212-227-153-4.plesk.page\/pt\/wp-json\/wp\/v2\/product\/3698757","targetHints":{"allow":["GET"]}}],"collection":[{"href":"https:\/\/stoic-curie.212-227-153-4.plesk.page\/pt\/wp-json\/wp\/v2\/product"}],"about":[{"href":"https:\/\/stoic-curie.212-227-153-4.plesk.page\/pt\/wp-json\/wp\/v2\/types\/product"}],"replies":[{"embeddable":true,"href":"https:\/\/stoic-curie.212-227-153-4.plesk.page\/pt\/wp-json\/wp\/v2\/comments?post=3698757"}],"version-history":[{"count":0,"href":"https:\/\/stoic-curie.212-227-153-4.plesk.page\/pt\/wp-json\/wp\/v2\/product\/3698757\/revisions"}],"wp:featuredmedia":[{"embeddable":true,"href":"https:\/\/stoic-curie.212-227-153-4.plesk.page\/pt\/wp-json\/wp\/v2\/media\/5945466"}],"wp:attachment":[{"href":"https:\/\/stoic-curie.212-227-153-4.plesk.page\/pt\/wp-json\/wp\/v2\/media?parent=3698757"}],"wp:term":[{"taxonomy":"product_brand","embeddable":true,"href":"https:\/\/stoic-curie.212-227-153-4.plesk.page\/pt\/wp-json\/wp\/v2\/product_brand?post=3698757"},{"taxonomy":"product_cat","embeddable":true,"href":"https:\/\/stoic-curie.212-227-153-4.plesk.page\/pt\/wp-json\/wp\/v2\/product_cat?post=3698757"},{"taxonomy":"product_tag","embeddable":true,"href":"https:\/\/stoic-curie.212-227-153-4.plesk.page\/pt\/wp-json\/wp\/v2\/product_tag?post=3698757"}],"curies":[{"name":"wp","href":"https:\/\/api.w.org\/{rel}","templated":true}]}}