{"id":3698769,"date":"2025-10-13T14:17:18","date_gmt":"2025-10-13T18:17:18","guid":{"rendered":"https:\/\/stoic-curie.212-227-153-4.plesk.page\/product\/lampada-festoon-led-12v-38mm\/"},"modified":"2026-02-25T00:28:13","modified_gmt":"2026-02-25T00:28:13","slug":"lampada-festoon-led-12v-38mm","status":"publish","type":"product","link":"https:\/\/stoic-curie.212-227-153-4.plesk.page\/pt\/product\/lampada-festoon-led-12v-38mm\/","title":{"rendered":"L\u00e2mpada Festoon LED 12V 38mm"},"content":{"rendered":"<p>L\u00e2mpada Festoon LED 12V 38mm &#8211; <\/p>\n<p>L\u00e2mpada festoon LED cl\u00e1ssica com cobertura transparente. Consumo reduzido e longa dura\u00e7\u00e3o. Luz branca quente de 3000 K\u00b0.<\/p>\n","protected":false},"excerpt":{"rendered":"<p>L\u00e2mpada Festoon LED 12V 38mm &#8211; L\u00e2mpada festoon LED cl\u00e1ssica com cobertura transparente. Consumo reduzido e longa dura\u00e7\u00e3o. Luz branca<\/p>\n","protected":false},"featured_media":5945475,"comment_status":"closed","ping_status":"closed","template":"","meta":[],"product_brand":[3222],"product_cat":[2026,2023],"product_tag":[],"class_list":{"0":"post-3698769","1":"product","2":"type-product","3":"status-publish","4":"has-post-thumbnail","6":"product_brand-oceanled-pt","7":"product_cat-iluminacao","8":"product_cat-luzes-de-navegacao-led","10":"first","11":"instock","12":"shipping-taxable","13":"purchasable","14":"product-type-simple"},"_links":{"self":[{"href":"https:\/\/stoic-curie.212-227-153-4.plesk.page\/pt\/wp-json\/wp\/v2\/product\/3698769","targetHints":{"allow":["GET"]}}],"collection":[{"href":"https:\/\/stoic-curie.212-227-153-4.plesk.page\/pt\/wp-json\/wp\/v2\/product"}],"about":[{"href":"https:\/\/stoic-curie.212-227-153-4.plesk.page\/pt\/wp-json\/wp\/v2\/types\/product"}],"replies":[{"embeddable":true,"href":"https:\/\/stoic-curie.212-227-153-4.plesk.page\/pt\/wp-json\/wp\/v2\/comments?post=3698769"}],"version-history":[{"count":0,"href":"https:\/\/stoic-curie.212-227-153-4.plesk.page\/pt\/wp-json\/wp\/v2\/product\/3698769\/revisions"}],"wp:featuredmedia":[{"embeddable":true,"href":"https:\/\/stoic-curie.212-227-153-4.plesk.page\/pt\/wp-json\/wp\/v2\/media\/5945475"}],"wp:attachment":[{"href":"https:\/\/stoic-curie.212-227-153-4.plesk.page\/pt\/wp-json\/wp\/v2\/media?parent=3698769"}],"wp:term":[{"taxonomy":"product_brand","embeddable":true,"href":"https:\/\/stoic-curie.212-227-153-4.plesk.page\/pt\/wp-json\/wp\/v2\/product_brand?post=3698769"},{"taxonomy":"product_cat","embeddable":true,"href":"https:\/\/stoic-curie.212-227-153-4.plesk.page\/pt\/wp-json\/wp\/v2\/product_cat?post=3698769"},{"taxonomy":"product_tag","embeddable":true,"href":"https:\/\/stoic-curie.212-227-153-4.plesk.page\/pt\/wp-json\/wp\/v2\/product_tag?post=3698769"}],"curies":[{"name":"wp","href":"https:\/\/api.w.org\/{rel}","templated":true}]}}