{"id":3698774,"date":"2025-10-13T14:17:19","date_gmt":"2025-10-13T18:17:19","guid":{"rendered":"https:\/\/stoic-curie.212-227-153-4.plesk.page\/product\/lampadas-para-luzes-de-navegacao-bay15-24v-25w\/"},"modified":"2026-02-25T00:28:13","modified_gmt":"2026-02-25T00:28:13","slug":"lampadas-para-luzes-de-navegacao-bay15-24v-25w","status":"publish","type":"product","link":"https:\/\/stoic-curie.212-227-153-4.plesk.page\/pt\/product\/lampadas-para-luzes-de-navegacao-bay15-24v-25w\/","title":{"rendered":"L\u00e2mpadas para luzes de navega\u00e7\u00e3o BAY15 24V 25W"},"content":{"rendered":"<p>L\u00e2mpadas para luzes de navega\u00e7\u00e3o BAY15 24V 25W &#8211; <\/p>\n<p>Bombilhas verticais de baioneta dupla BAY 15D para luzes de navega\u00e7\u00e3o de barcos acima de 12 metros: DHR &#8211; Hella &#8211; Aqua Signal.<\/p>\n","protected":false},"excerpt":{"rendered":"<p>L\u00e2mpadas para luzes de navega\u00e7\u00e3o BAY15 24V 25W &#8211; Bombilhas verticais de baioneta dupla BAY 15D para luzes de navega\u00e7\u00e3o<\/p>\n","protected":false},"featured_media":5937516,"comment_status":"closed","ping_status":"closed","template":"","meta":[],"product_brand":[2832],"product_cat":[2028],"product_tag":[],"class_list":{"0":"post-3698774","1":"product","2":"type-product","3":"status-publish","4":"has-post-thumbnail","6":"product_brand-blue-sea-systems-pt","7":"product_cat-luzes-de-navegacao","9":"first","10":"instock","11":"shipping-taxable","12":"purchasable","13":"product-type-simple"},"_links":{"self":[{"href":"https:\/\/stoic-curie.212-227-153-4.plesk.page\/pt\/wp-json\/wp\/v2\/product\/3698774","targetHints":{"allow":["GET"]}}],"collection":[{"href":"https:\/\/stoic-curie.212-227-153-4.plesk.page\/pt\/wp-json\/wp\/v2\/product"}],"about":[{"href":"https:\/\/stoic-curie.212-227-153-4.plesk.page\/pt\/wp-json\/wp\/v2\/types\/product"}],"replies":[{"embeddable":true,"href":"https:\/\/stoic-curie.212-227-153-4.plesk.page\/pt\/wp-json\/wp\/v2\/comments?post=3698774"}],"version-history":[{"count":0,"href":"https:\/\/stoic-curie.212-227-153-4.plesk.page\/pt\/wp-json\/wp\/v2\/product\/3698774\/revisions"}],"wp:featuredmedia":[{"embeddable":true,"href":"https:\/\/stoic-curie.212-227-153-4.plesk.page\/pt\/wp-json\/wp\/v2\/media\/5937516"}],"wp:attachment":[{"href":"https:\/\/stoic-curie.212-227-153-4.plesk.page\/pt\/wp-json\/wp\/v2\/media?parent=3698774"}],"wp:term":[{"taxonomy":"product_brand","embeddable":true,"href":"https:\/\/stoic-curie.212-227-153-4.plesk.page\/pt\/wp-json\/wp\/v2\/product_brand?post=3698774"},{"taxonomy":"product_cat","embeddable":true,"href":"https:\/\/stoic-curie.212-227-153-4.plesk.page\/pt\/wp-json\/wp\/v2\/product_cat?post=3698774"},{"taxonomy":"product_tag","embeddable":true,"href":"https:\/\/stoic-curie.212-227-153-4.plesk.page\/pt\/wp-json\/wp\/v2\/product_tag?post=3698774"}],"curies":[{"name":"wp","href":"https:\/\/api.w.org\/{rel}","templated":true}]}}