{"id":3698783,"date":"2025-10-13T14:17:20","date_gmt":"2025-10-13T18:17:20","guid":{"rendered":"https:\/\/stoic-curie.212-227-153-4.plesk.page\/product\/holofote-de-aluminio-115mm-12-24v-6-x-3w\/"},"modified":"2026-02-25T00:28:13","modified_gmt":"2026-02-25T00:28:13","slug":"holofote-de-aluminio-115mm-12-24v-6-x-3w","status":"publish","type":"product","link":"https:\/\/stoic-curie.212-227-153-4.plesk.page\/pt\/product\/holofote-de-aluminio-115mm-12-24v-6-x-3w\/","title":{"rendered":"Holofote de Alum\u00ednio 115mm 12-24V (6 x 3W)"},"content":{"rendered":"<p>Holofote de Alum\u00ednio 115mm 12-24V (6 x 3W) &#8211; <\/p>\n<p>Spotlight LED de cockpit e deck \u00e0 prova d&#8217;\u00e1gua IP67. Estrutura de liga de alum\u00ednio resistente \u00e0 corros\u00e3o com suporte de a\u00e7o inoxid\u00e1vel. Tens\u00e3o de 10-30V. Pot\u00eancia de 18W. 1500 l\u00famens. Luz branca de 6000\u00c2\u00b0K.<\/p>\n","protected":false},"excerpt":{"rendered":"<p>Holofote de Alum\u00ednio 115mm 12-24V (6 x 3W) &#8211; Spotlight LED de cockpit e deck \u00e0 prova d&#8217;\u00e1gua IP67. Estrutura<\/p>\n","protected":false},"featured_media":5945495,"comment_status":"closed","ping_status":"closed","template":"","meta":[],"product_brand":[3222],"product_cat":[2021],"product_tag":[],"class_list":{"0":"post-3698783","1":"product","2":"type-product","3":"status-publish","4":"has-post-thumbnail","6":"product_brand-oceanled-pt","7":"product_cat-projetores-e-holofotes","9":"first","10":"instock","11":"shipping-taxable","12":"purchasable","13":"product-type-simple"},"_links":{"self":[{"href":"https:\/\/stoic-curie.212-227-153-4.plesk.page\/pt\/wp-json\/wp\/v2\/product\/3698783","targetHints":{"allow":["GET"]}}],"collection":[{"href":"https:\/\/stoic-curie.212-227-153-4.plesk.page\/pt\/wp-json\/wp\/v2\/product"}],"about":[{"href":"https:\/\/stoic-curie.212-227-153-4.plesk.page\/pt\/wp-json\/wp\/v2\/types\/product"}],"replies":[{"embeddable":true,"href":"https:\/\/stoic-curie.212-227-153-4.plesk.page\/pt\/wp-json\/wp\/v2\/comments?post=3698783"}],"version-history":[{"count":0,"href":"https:\/\/stoic-curie.212-227-153-4.plesk.page\/pt\/wp-json\/wp\/v2\/product\/3698783\/revisions"}],"wp:featuredmedia":[{"embeddable":true,"href":"https:\/\/stoic-curie.212-227-153-4.plesk.page\/pt\/wp-json\/wp\/v2\/media\/5945495"}],"wp:attachment":[{"href":"https:\/\/stoic-curie.212-227-153-4.plesk.page\/pt\/wp-json\/wp\/v2\/media?parent=3698783"}],"wp:term":[{"taxonomy":"product_brand","embeddable":true,"href":"https:\/\/stoic-curie.212-227-153-4.plesk.page\/pt\/wp-json\/wp\/v2\/product_brand?post=3698783"},{"taxonomy":"product_cat","embeddable":true,"href":"https:\/\/stoic-curie.212-227-153-4.plesk.page\/pt\/wp-json\/wp\/v2\/product_cat?post=3698783"},{"taxonomy":"product_tag","embeddable":true,"href":"https:\/\/stoic-curie.212-227-153-4.plesk.page\/pt\/wp-json\/wp\/v2\/product_tag?post=3698783"}],"curies":[{"name":"wp","href":"https:\/\/api.w.org\/{rel}","templated":true}]}}