{"id":3698784,"date":"2025-10-13T14:17:20","date_gmt":"2025-10-13T18:17:20","guid":{"rendered":"https:\/\/stoic-curie.212-227-153-4.plesk.page\/product\/cabo-de-extensao-4m-para-farol-de-xenon-ajustavel\/"},"modified":"2026-02-25T00:28:13","modified_gmt":"2026-02-25T00:28:13","slug":"cabo-de-extensao-4m-para-farol-de-xenon-ajustavel","status":"publish","type":"product","link":"https:\/\/stoic-curie.212-227-153-4.plesk.page\/pt\/product\/cabo-de-extensao-4m-para-farol-de-xenon-ajustavel\/","title":{"rendered":"Cabo de Extens\u00e3o 4m para Farol de Xenon Ajust\u00e1vel"},"content":{"rendered":"<p>Cabo de Extens\u00e3o 4m para Farol de Xenon Ajust\u00e1vel &#8211; <\/p>\n<p>Holofote ajust\u00e1vel com painel de controle com fio \u00e0 prova d&#8217;\u00e1gua, com rota\u00e7\u00e3o de 360\u00c2\u00b0 x 70\u00c2\u00b0 para cima\/para baixo. Feixe selado de XENON 7 vezes mais brilhante do que um holofote padr\u00e3o. Dimens\u00f5es: 350 mm de comprimento &#8211; 260 mm de largura &#8211; 320 mm de altura. Controle sem fio opcional com receptor e transmissor plug and play de at\u00e9 35 m. Se instalado, substitui o painel de controle com fio. Para manter ambos, deve-se adquirir o painel de esta\u00e7\u00e3o dupla.<\/p>\n","protected":false},"excerpt":{"rendered":"<p>Cabo de Extens\u00e3o 4m para Farol de Xenon Ajust\u00e1vel &#8211; Holofote ajust\u00e1vel com painel de controle com fio \u00e0 prova<\/p>\n","protected":false},"featured_media":5945499,"comment_status":"closed","ping_status":"closed","template":"","meta":[],"product_brand":[3142],"product_cat":[2021],"product_tag":[],"class_list":{"0":"post-3698784","1":"product","2":"type-product","3":"status-publish","4":"has-post-thumbnail","6":"product_brand-matromarine-pt","7":"product_cat-projetores-e-holofotes","9":"first","10":"instock","11":"shipping-taxable","12":"purchasable","13":"product-type-simple"},"_links":{"self":[{"href":"https:\/\/stoic-curie.212-227-153-4.plesk.page\/pt\/wp-json\/wp\/v2\/product\/3698784","targetHints":{"allow":["GET"]}}],"collection":[{"href":"https:\/\/stoic-curie.212-227-153-4.plesk.page\/pt\/wp-json\/wp\/v2\/product"}],"about":[{"href":"https:\/\/stoic-curie.212-227-153-4.plesk.page\/pt\/wp-json\/wp\/v2\/types\/product"}],"replies":[{"embeddable":true,"href":"https:\/\/stoic-curie.212-227-153-4.plesk.page\/pt\/wp-json\/wp\/v2\/comments?post=3698784"}],"version-history":[{"count":0,"href":"https:\/\/stoic-curie.212-227-153-4.plesk.page\/pt\/wp-json\/wp\/v2\/product\/3698784\/revisions"}],"wp:featuredmedia":[{"embeddable":true,"href":"https:\/\/stoic-curie.212-227-153-4.plesk.page\/pt\/wp-json\/wp\/v2\/media\/5945499"}],"wp:attachment":[{"href":"https:\/\/stoic-curie.212-227-153-4.plesk.page\/pt\/wp-json\/wp\/v2\/media?parent=3698784"}],"wp:term":[{"taxonomy":"product_brand","embeddable":true,"href":"https:\/\/stoic-curie.212-227-153-4.plesk.page\/pt\/wp-json\/wp\/v2\/product_brand?post=3698784"},{"taxonomy":"product_cat","embeddable":true,"href":"https:\/\/stoic-curie.212-227-153-4.plesk.page\/pt\/wp-json\/wp\/v2\/product_cat?post=3698784"},{"taxonomy":"product_tag","embeddable":true,"href":"https:\/\/stoic-curie.212-227-153-4.plesk.page\/pt\/wp-json\/wp\/v2\/product_tag?post=3698784"}],"curies":[{"name":"wp","href":"https:\/\/api.w.org\/{rel}","templated":true}]}}