{"id":3698786,"date":"2025-10-13T14:17:21","date_gmt":"2025-10-13T18:17:21","guid":{"rendered":"https:\/\/stoic-curie.212-227-153-4.plesk.page\/product\/luminaria-de-domo-led-130mm-12v\/"},"modified":"2026-02-25T00:28:13","modified_gmt":"2026-02-25T00:28:13","slug":"luminaria-de-domo-led-130mm-12v","status":"publish","type":"product","link":"https:\/\/stoic-curie.212-227-153-4.plesk.page\/pt\/product\/luminaria-de-domo-led-130mm-12v\/","title":{"rendered":"Lumin\u00e1ria de Domo LED 130mm 12V"},"content":{"rendered":"<p>Lumin\u00e1ria de Domo LED 130mm 12V &#8211; <\/p>\n<p>Lanterna de c\u00fapula LED muito brilhante e \u00e0 prova d&#8217;\u00e1gua IP67 em tecnopol\u00edmero 12\/24V. Habita\u00e7\u00e3o de montagem em superf\u00edcie muito fina. Luz branca natural de 5000 K\u00b0.<\/p>\n","protected":false},"excerpt":{"rendered":"<p>Lumin\u00e1ria de Domo LED 130mm 12V &#8211; Lanterna de c\u00fapula LED muito brilhante e \u00e0 prova d&#8217;\u00e1gua IP67 em tecnopol\u00edmero<\/p>\n","protected":false},"featured_media":5945521,"comment_status":"closed","ping_status":"closed","template":"","meta":[],"product_brand":[3222],"product_cat":[2026],"product_tag":[],"class_list":{"0":"post-3698786","1":"product","2":"type-product","3":"status-publish","4":"has-post-thumbnail","6":"product_brand-oceanled-pt","7":"product_cat-iluminacao","9":"first","10":"instock","11":"shipping-taxable","12":"purchasable","13":"product-type-simple"},"_links":{"self":[{"href":"https:\/\/stoic-curie.212-227-153-4.plesk.page\/pt\/wp-json\/wp\/v2\/product\/3698786","targetHints":{"allow":["GET"]}}],"collection":[{"href":"https:\/\/stoic-curie.212-227-153-4.plesk.page\/pt\/wp-json\/wp\/v2\/product"}],"about":[{"href":"https:\/\/stoic-curie.212-227-153-4.plesk.page\/pt\/wp-json\/wp\/v2\/types\/product"}],"replies":[{"embeddable":true,"href":"https:\/\/stoic-curie.212-227-153-4.plesk.page\/pt\/wp-json\/wp\/v2\/comments?post=3698786"}],"version-history":[{"count":0,"href":"https:\/\/stoic-curie.212-227-153-4.plesk.page\/pt\/wp-json\/wp\/v2\/product\/3698786\/revisions"}],"wp:featuredmedia":[{"embeddable":true,"href":"https:\/\/stoic-curie.212-227-153-4.plesk.page\/pt\/wp-json\/wp\/v2\/media\/5945521"}],"wp:attachment":[{"href":"https:\/\/stoic-curie.212-227-153-4.plesk.page\/pt\/wp-json\/wp\/v2\/media?parent=3698786"}],"wp:term":[{"taxonomy":"product_brand","embeddable":true,"href":"https:\/\/stoic-curie.212-227-153-4.plesk.page\/pt\/wp-json\/wp\/v2\/product_brand?post=3698786"},{"taxonomy":"product_cat","embeddable":true,"href":"https:\/\/stoic-curie.212-227-153-4.plesk.page\/pt\/wp-json\/wp\/v2\/product_cat?post=3698786"},{"taxonomy":"product_tag","embeddable":true,"href":"https:\/\/stoic-curie.212-227-153-4.plesk.page\/pt\/wp-json\/wp\/v2\/product_tag?post=3698786"}],"curies":[{"name":"wp","href":"https:\/\/api.w.org\/{rel}","templated":true}]}}