{"id":3698787,"date":"2025-10-13T14:17:21","date_gmt":"2025-10-13T18:17:21","guid":{"rendered":"https:\/\/stoic-curie.212-227-153-4.plesk.page\/product\/luminaria-de-teto-led-top-inox-2-12v-108mm\/"},"modified":"2026-02-25T00:28:13","modified_gmt":"2026-02-25T00:28:13","slug":"luminaria-de-teto-led-top-inox-2-12v-108mm","status":"publish","type":"product","link":"https:\/\/stoic-curie.212-227-153-4.plesk.page\/pt\/product\/luminaria-de-teto-led-top-inox-2-12v-108mm\/","title":{"rendered":"Lumin\u00e1ria de Teto LED Top Inox 2 12V 108mm"},"content":{"rendered":"<p>Lumin\u00e1ria de Teto LED Top Inox 2 12V 108mm &#8211; <\/p>\n<p>Lanterna LED de teto 12V dimm\u00e1vel e \u00e0 prova d&#8217;\u00e1gua IP67 com estrutura de a\u00e7o inoxid\u00e1vel. Montagem embutida. Consumo 6W. Luz branca quente de 3000 K\u00b0.<\/p>\n","protected":false},"excerpt":{"rendered":"<p>Lumin\u00e1ria de Teto LED Top Inox 2 12V 108mm &#8211; Lanterna LED de teto 12V dimm\u00e1vel e \u00e0 prova d&#8217;\u00e1gua<\/p>\n","protected":false},"featured_media":5945523,"comment_status":"closed","ping_status":"closed","template":"","meta":[],"product_brand":[3222],"product_cat":[2026],"product_tag":[],"class_list":{"0":"post-3698787","1":"product","2":"type-product","3":"status-publish","4":"has-post-thumbnail","6":"product_brand-oceanled-pt","7":"product_cat-iluminacao","9":"first","10":"instock","11":"shipping-taxable","12":"purchasable","13":"product-type-simple"},"_links":{"self":[{"href":"https:\/\/stoic-curie.212-227-153-4.plesk.page\/pt\/wp-json\/wp\/v2\/product\/3698787","targetHints":{"allow":["GET"]}}],"collection":[{"href":"https:\/\/stoic-curie.212-227-153-4.plesk.page\/pt\/wp-json\/wp\/v2\/product"}],"about":[{"href":"https:\/\/stoic-curie.212-227-153-4.plesk.page\/pt\/wp-json\/wp\/v2\/types\/product"}],"replies":[{"embeddable":true,"href":"https:\/\/stoic-curie.212-227-153-4.plesk.page\/pt\/wp-json\/wp\/v2\/comments?post=3698787"}],"version-history":[{"count":0,"href":"https:\/\/stoic-curie.212-227-153-4.plesk.page\/pt\/wp-json\/wp\/v2\/product\/3698787\/revisions"}],"wp:featuredmedia":[{"embeddable":true,"href":"https:\/\/stoic-curie.212-227-153-4.plesk.page\/pt\/wp-json\/wp\/v2\/media\/5945523"}],"wp:attachment":[{"href":"https:\/\/stoic-curie.212-227-153-4.plesk.page\/pt\/wp-json\/wp\/v2\/media?parent=3698787"}],"wp:term":[{"taxonomy":"product_brand","embeddable":true,"href":"https:\/\/stoic-curie.212-227-153-4.plesk.page\/pt\/wp-json\/wp\/v2\/product_brand?post=3698787"},{"taxonomy":"product_cat","embeddable":true,"href":"https:\/\/stoic-curie.212-227-153-4.plesk.page\/pt\/wp-json\/wp\/v2\/product_cat?post=3698787"},{"taxonomy":"product_tag","embeddable":true,"href":"https:\/\/stoic-curie.212-227-153-4.plesk.page\/pt\/wp-json\/wp\/v2\/product_tag?post=3698787"}],"curies":[{"name":"wp","href":"https:\/\/api.w.org\/{rel}","templated":true}]}}