{"id":3698791,"date":"2025-10-13T14:17:22","date_gmt":"2025-10-13T18:17:22","guid":{"rendered":"https:\/\/stoic-curie.212-227-153-4.plesk.page\/product\/bussola-manual-riviera-mizar-preta\/"},"modified":"2026-02-25T00:28:13","modified_gmt":"2026-02-25T00:28:13","slug":"bussola-manual-riviera-mizar-preta","status":"publish","type":"product","link":"https:\/\/stoic-curie.212-227-153-4.plesk.page\/pt\/product\/bussola-manual-riviera-mizar-preta\/","title":{"rendered":"B\u00fassola Manual Riviera Mizar Preta"},"content":{"rendered":"<p>B\u00fassola Manual Riviera Mizar Preta &#8211; <\/p>\n<p>Compasso de m\u00e3o flutuante Riviera Mizar. <br \/>\u2022 Di\u00e2metro aparente 1&#8243;7\/8 (-50 mm) <br \/>\u2022 Leitura direta (gradu\u00e7\u00e3o do cart\u00e3o 10\u00b0) <br \/>\u2022 Flutuante &#8211; Resistente a choques <br \/>\u2022 Bezel rotativo &#8211; Cart\u00e3o luminescente <br \/>\u2022 Dimens\u00f5es: 80x60x22 mm<\/p>\n","protected":false},"excerpt":{"rendered":"<p>B\u00fassola Manual Riviera Mizar Preta &#8211; Compasso de m\u00e3o flutuante Riviera Mizar. \u2022 Di\u00e2metro aparente 1&#8243;7\/8 (-50 mm) \u2022 Leitura<\/p>\n","protected":false},"featured_media":5945535,"comment_status":"closed","ping_status":"closed","template":"","meta":[],"product_brand":[3307],"product_cat":[2067,2062],"product_tag":[],"class_list":{"0":"post-3698791","1":"product","2":"type-product","3":"status-publish","4":"has-post-thumbnail","6":"product_brand-riviera-pt","7":"product_cat-bussola-de-navegacao","8":"product_cat-bussolas-maritimas-portateis","10":"first","11":"instock","12":"shipping-taxable","13":"purchasable","14":"product-type-simple"},"_links":{"self":[{"href":"https:\/\/stoic-curie.212-227-153-4.plesk.page\/pt\/wp-json\/wp\/v2\/product\/3698791","targetHints":{"allow":["GET"]}}],"collection":[{"href":"https:\/\/stoic-curie.212-227-153-4.plesk.page\/pt\/wp-json\/wp\/v2\/product"}],"about":[{"href":"https:\/\/stoic-curie.212-227-153-4.plesk.page\/pt\/wp-json\/wp\/v2\/types\/product"}],"replies":[{"embeddable":true,"href":"https:\/\/stoic-curie.212-227-153-4.plesk.page\/pt\/wp-json\/wp\/v2\/comments?post=3698791"}],"version-history":[{"count":0,"href":"https:\/\/stoic-curie.212-227-153-4.plesk.page\/pt\/wp-json\/wp\/v2\/product\/3698791\/revisions"}],"wp:featuredmedia":[{"embeddable":true,"href":"https:\/\/stoic-curie.212-227-153-4.plesk.page\/pt\/wp-json\/wp\/v2\/media\/5945535"}],"wp:attachment":[{"href":"https:\/\/stoic-curie.212-227-153-4.plesk.page\/pt\/wp-json\/wp\/v2\/media?parent=3698791"}],"wp:term":[{"taxonomy":"product_brand","embeddable":true,"href":"https:\/\/stoic-curie.212-227-153-4.plesk.page\/pt\/wp-json\/wp\/v2\/product_brand?post=3698791"},{"taxonomy":"product_cat","embeddable":true,"href":"https:\/\/stoic-curie.212-227-153-4.plesk.page\/pt\/wp-json\/wp\/v2\/product_cat?post=3698791"},{"taxonomy":"product_tag","embeddable":true,"href":"https:\/\/stoic-curie.212-227-153-4.plesk.page\/pt\/wp-json\/wp\/v2\/product_tag?post=3698791"}],"curies":[{"name":"wp","href":"https:\/\/api.w.org\/{rel}","templated":true}]}}