{"id":3698793,"date":"2025-10-13T14:17:22","date_gmt":"2025-10-13T18:17:22","guid":{"rendered":"https:\/\/stoic-curie.212-227-153-4.plesk.page\/product\/manometro-de-pressao-de-oleo-preto-ecms-0-30-bar-52-mm\/"},"modified":"2026-02-25T00:28:13","modified_gmt":"2026-02-25T00:28:13","slug":"manometro-de-pressao-de-oleo-preto-ecms-0-30-bar-52-mm","status":"publish","type":"product","link":"https:\/\/stoic-curie.212-227-153-4.plesk.page\/pt\/product\/manometro-de-pressao-de-oleo-preto-ecms-0-30-bar-52-mm\/","title":{"rendered":"Man\u00f3metro de Press\u00e3o de \u00d3leo Preto ECMS 0-30 bar 52 mm"},"content":{"rendered":"<p>Man\u00f3metro de Press\u00e3o de \u00d3leo Preto ECMS 0-30 bar 52 mm &#8211; <\/p>\n<p>Man\u00f4metros Ecms 12\/24V Todo Preto, completos com conector Molex com fio. Moldura de a\u00e7o inoxid\u00e1vel preto e mostrador preto. Lente convexa resistente \u00e0 \u00e1gua e protegida por IP67. Mostrador retroiluminado LED personaliz\u00e1vel de v\u00e1rias cores. Os medidores de n\u00edvel podem ser configurados para qualquer valor de imped\u00e2ncia usando o bot\u00e3o de configura\u00e7\u00e3o na parte de tr\u00e1s. Eles s\u00e3o pr\u00e9-definidos para o valor padr\u00e3o de 0-190 Ohm. Os man\u00f4metros de press\u00e3o de \u00f3leo de 5 e 10 bar s\u00e3o compat\u00edveis com sensores padr\u00e3o (10-180 Ohm), enquanto o de 30 bar \u00e9 compat\u00edvel apenas com sensores eletr\u00f4nicos (0,5-4,5V). Os amper\u00edmetros s\u00e3o fornecidos com sensor (shunt) para medir a corrente.<\/p>\n","protected":false},"excerpt":{"rendered":"<p>Man\u00f3metro de Press\u00e3o de \u00d3leo Preto ECMS 0-30 bar 52 mm &#8211; Man\u00f4metros Ecms 12\/24V Todo Preto, completos com conector<\/p>\n","protected":false},"featured_media":5942910,"comment_status":"closed","ping_status":"closed","template":"","meta":[],"product_brand":[2912],"product_cat":[2098],"product_tag":[],"class_list":{"0":"post-3698793","1":"product","2":"type-product","3":"status-publish","4":"has-post-thumbnail","6":"product_brand-ecms-marine-pt","7":"product_cat-manometros-ecms","9":"first","10":"instock","11":"shipping-taxable","12":"purchasable","13":"product-type-simple"},"_links":{"self":[{"href":"https:\/\/stoic-curie.212-227-153-4.plesk.page\/pt\/wp-json\/wp\/v2\/product\/3698793","targetHints":{"allow":["GET"]}}],"collection":[{"href":"https:\/\/stoic-curie.212-227-153-4.plesk.page\/pt\/wp-json\/wp\/v2\/product"}],"about":[{"href":"https:\/\/stoic-curie.212-227-153-4.plesk.page\/pt\/wp-json\/wp\/v2\/types\/product"}],"replies":[{"embeddable":true,"href":"https:\/\/stoic-curie.212-227-153-4.plesk.page\/pt\/wp-json\/wp\/v2\/comments?post=3698793"}],"version-history":[{"count":0,"href":"https:\/\/stoic-curie.212-227-153-4.plesk.page\/pt\/wp-json\/wp\/v2\/product\/3698793\/revisions"}],"wp:featuredmedia":[{"embeddable":true,"href":"https:\/\/stoic-curie.212-227-153-4.plesk.page\/pt\/wp-json\/wp\/v2\/media\/5942910"}],"wp:attachment":[{"href":"https:\/\/stoic-curie.212-227-153-4.plesk.page\/pt\/wp-json\/wp\/v2\/media?parent=3698793"}],"wp:term":[{"taxonomy":"product_brand","embeddable":true,"href":"https:\/\/stoic-curie.212-227-153-4.plesk.page\/pt\/wp-json\/wp\/v2\/product_brand?post=3698793"},{"taxonomy":"product_cat","embeddable":true,"href":"https:\/\/stoic-curie.212-227-153-4.plesk.page\/pt\/wp-json\/wp\/v2\/product_cat?post=3698793"},{"taxonomy":"product_tag","embeddable":true,"href":"https:\/\/stoic-curie.212-227-153-4.plesk.page\/pt\/wp-json\/wp\/v2\/product_tag?post=3698793"}],"curies":[{"name":"wp","href":"https:\/\/api.w.org\/{rel}","templated":true}]}}