{"id":3698796,"date":"2025-10-13T14:17:23","date_gmt":"2025-10-13T18:17:23","guid":{"rendered":"https:\/\/stoic-curie.212-227-153-4.plesk.page\/product\/emissores-de-nivel-de-agua-e-combustivel-em-aco-inoxidavel-ecms-12-24v-0-190-ohm-150-mm\/"},"modified":"2026-02-25T00:28:13","modified_gmt":"2026-02-25T00:28:13","slug":"emissores-de-nivel-de-agua-e-combustivel-em-aco-inoxidavel-ecms-12-24v-0-190-ohm-150-mm","status":"publish","type":"product","link":"https:\/\/stoic-curie.212-227-153-4.plesk.page\/pt\/product\/emissores-de-nivel-de-agua-e-combustivel-em-aco-inoxidavel-ecms-12-24v-0-190-ohm-150-mm\/","title":{"rendered":"Emissores de N\u00edvel de \u00c1gua e Combust\u00edvel em A\u00e7o Inoxid\u00e1vel ECMS 12-24V \/ 0-190 ohm &#8211; 150 mm"},"content":{"rendered":"<p>Emissores de N\u00edvel de \u00c1gua e Combust\u00edvel em A\u00e7o Inoxid\u00e1vel ECMS 12-24V \/ 0-190 ohm &#8211; 150 mm &#8211; <\/p>\n<p>Transdutores de n\u00edvel de \u00e1gua e combust\u00edvel em a\u00e7o inoxid\u00e1vel 316. Tipo VDO com 5 furos, flange de 54 mm de di\u00e2metro. Fonte de alimenta\u00e7\u00e3o 12\/24V. Imped\u00e2ncia m\u00e9dia de 0 &#8211; 190 Ohm.<\/p>\n","protected":false},"excerpt":{"rendered":"<p>Emissores de N\u00edvel de \u00c1gua e Combust\u00edvel em A\u00e7o Inoxid\u00e1vel ECMS 12-24V \/ 0-190 ohm &#8211; 150 mm &#8211; Transdutores<\/p>\n","protected":false},"featured_media":5945565,"comment_status":"closed","ping_status":"closed","template":"","meta":[],"product_brand":[2912],"product_cat":[2069,1945],"product_tag":[],"class_list":{"0":"post-3698796","1":"product","2":"type-product","3":"status-publish","4":"has-post-thumbnail","6":"product_brand-ecms-marine-pt","7":"product_cat-indicadores-de-nivel-de-combustivel","8":"product_cat-medidores-do-nivel-de-agua","10":"first","11":"instock","12":"shipping-taxable","13":"purchasable","14":"product-type-simple"},"_links":{"self":[{"href":"https:\/\/stoic-curie.212-227-153-4.plesk.page\/pt\/wp-json\/wp\/v2\/product\/3698796","targetHints":{"allow":["GET"]}}],"collection":[{"href":"https:\/\/stoic-curie.212-227-153-4.plesk.page\/pt\/wp-json\/wp\/v2\/product"}],"about":[{"href":"https:\/\/stoic-curie.212-227-153-4.plesk.page\/pt\/wp-json\/wp\/v2\/types\/product"}],"replies":[{"embeddable":true,"href":"https:\/\/stoic-curie.212-227-153-4.plesk.page\/pt\/wp-json\/wp\/v2\/comments?post=3698796"}],"version-history":[{"count":0,"href":"https:\/\/stoic-curie.212-227-153-4.plesk.page\/pt\/wp-json\/wp\/v2\/product\/3698796\/revisions"}],"wp:featuredmedia":[{"embeddable":true,"href":"https:\/\/stoic-curie.212-227-153-4.plesk.page\/pt\/wp-json\/wp\/v2\/media\/5945565"}],"wp:attachment":[{"href":"https:\/\/stoic-curie.212-227-153-4.plesk.page\/pt\/wp-json\/wp\/v2\/media?parent=3698796"}],"wp:term":[{"taxonomy":"product_brand","embeddable":true,"href":"https:\/\/stoic-curie.212-227-153-4.plesk.page\/pt\/wp-json\/wp\/v2\/product_brand?post=3698796"},{"taxonomy":"product_cat","embeddable":true,"href":"https:\/\/stoic-curie.212-227-153-4.plesk.page\/pt\/wp-json\/wp\/v2\/product_cat?post=3698796"},{"taxonomy":"product_tag","embeddable":true,"href":"https:\/\/stoic-curie.212-227-153-4.plesk.page\/pt\/wp-json\/wp\/v2\/product_tag?post=3698796"}],"curies":[{"name":"wp","href":"https:\/\/api.w.org\/{rel}","templated":true}]}}