{"id":3698799,"date":"2025-10-13T14:17:24","date_gmt":"2025-10-13T18:17:24","guid":{"rendered":"https:\/\/stoic-curie.212-227-153-4.plesk.page\/product\/cabo-coaxial-glomex-fm-rg62-6m\/"},"modified":"2026-02-25T00:28:13","modified_gmt":"2026-02-25T00:28:13","slug":"cabo-coaxial-glomex-fm-rg62-6m","status":"publish","type":"product","link":"https:\/\/stoic-curie.212-227-153-4.plesk.page\/pt\/product\/cabo-coaxial-glomex-fm-rg62-6m\/","title":{"rendered":"Cabo Coaxial Glomex FM RG62 6m"},"content":{"rendered":"<p>Cabo Coaxial Glomex FM RG62 6m &#8211; <\/p>\n<p>Pronto para instalar cabo coaxial FM RG62 com conector FME pr\u00e9-instalado de um lado e plugue Motorola do outro. Cabo de 6 mm 50 Ohm Twin Screen + Baixa Perda com prote\u00e7\u00e3o de dupla tela e baixa perda de sinal.<\/p>\n","protected":false},"excerpt":{"rendered":"<p>Cabo Coaxial Glomex FM RG62 6m &#8211; Pronto para instalar cabo coaxial FM RG62 com conector FME pr\u00e9-instalado de um<\/p>\n","protected":false},"featured_media":5944520,"comment_status":"closed","ping_status":"closed","template":"","meta":[],"product_brand":[2982],"product_cat":[2040],"product_tag":[],"class_list":{"0":"post-3698799","1":"product","2":"type-product","3":"status-publish","4":"has-post-thumbnail","6":"product_brand-glomex-pt","7":"product_cat-antenas-vhf-equipamento-eletrico","9":"first","10":"instock","11":"shipping-taxable","12":"purchasable","13":"product-type-simple"},"_links":{"self":[{"href":"https:\/\/stoic-curie.212-227-153-4.plesk.page\/pt\/wp-json\/wp\/v2\/product\/3698799","targetHints":{"allow":["GET"]}}],"collection":[{"href":"https:\/\/stoic-curie.212-227-153-4.plesk.page\/pt\/wp-json\/wp\/v2\/product"}],"about":[{"href":"https:\/\/stoic-curie.212-227-153-4.plesk.page\/pt\/wp-json\/wp\/v2\/types\/product"}],"replies":[{"embeddable":true,"href":"https:\/\/stoic-curie.212-227-153-4.plesk.page\/pt\/wp-json\/wp\/v2\/comments?post=3698799"}],"version-history":[{"count":0,"href":"https:\/\/stoic-curie.212-227-153-4.plesk.page\/pt\/wp-json\/wp\/v2\/product\/3698799\/revisions"}],"wp:featuredmedia":[{"embeddable":true,"href":"https:\/\/stoic-curie.212-227-153-4.plesk.page\/pt\/wp-json\/wp\/v2\/media\/5944520"}],"wp:attachment":[{"href":"https:\/\/stoic-curie.212-227-153-4.plesk.page\/pt\/wp-json\/wp\/v2\/media?parent=3698799"}],"wp:term":[{"taxonomy":"product_brand","embeddable":true,"href":"https:\/\/stoic-curie.212-227-153-4.plesk.page\/pt\/wp-json\/wp\/v2\/product_brand?post=3698799"},{"taxonomy":"product_cat","embeddable":true,"href":"https:\/\/stoic-curie.212-227-153-4.plesk.page\/pt\/wp-json\/wp\/v2\/product_cat?post=3698799"},{"taxonomy":"product_tag","embeddable":true,"href":"https:\/\/stoic-curie.212-227-153-4.plesk.page\/pt\/wp-json\/wp\/v2\/product_tag?post=3698799"}],"curies":[{"name":"wp","href":"https:\/\/api.w.org\/{rel}","templated":true}]}}