{"id":3698800,"date":"2025-10-13T14:17:24","date_gmt":"2025-10-13T18:17:24","guid":{"rendered":"https:\/\/stoic-curie.212-227-153-4.plesk.page\/product\/antena-am-fm-dab-supergain-almafi\/"},"modified":"2026-02-25T00:28:13","modified_gmt":"2026-02-25T00:28:13","slug":"antena-am-fm-dab-supergain-almafi","status":"publish","type":"product","link":"https:\/\/stoic-curie.212-227-153-4.plesk.page\/pt\/product\/antena-am-fm-dab-supergain-almafi\/","title":{"rendered":"Antena AM-FM\/DAB Supergain Almafi"},"content":{"rendered":"<p>Antena AM-FM\/DAB Supergain Almafi &#8211; <\/p>\n<p>Antenna AM-FM Supergain Amalfi de alto desempenho para qualquer tipo de barco. Ideal para instala\u00e7\u00e3o em barras de suporte, gra\u00e7as ao suporte integrado com veda\u00e7\u00e3o \u00e0 prova d&#8217;\u00e1gua. Stylus flex\u00edvel preto de a\u00e7o inoxid\u00e1vel. 100 mA-12V \/ 8db AM-FM \/ AM 535-1705\/FM 88-108 MHz \/ 50-75 Ohm. Altura de 0,49 m. Completa com cabo coaxial de 0,56 m com plugue Motorola.<\/p>\n","protected":false},"excerpt":{"rendered":"<p>Antena AM-FM\/DAB Supergain Almafi &#8211; Antenna AM-FM Supergain Amalfi de alto desempenho para qualquer tipo de barco. Ideal para instala\u00e7\u00e3o<\/p>\n","protected":false},"featured_media":5945566,"comment_status":"closed","ping_status":"closed","template":"","meta":[],"product_brand":[3447],"product_cat":[2020],"product_tag":[],"class_list":{"0":"post-3698800","1":"product","2":"type-product","3":"status-publish","4":"has-post-thumbnail","6":"product_brand-supergain-pt","7":"product_cat-equipamento-de-som-e-colunas","9":"first","10":"instock","11":"shipping-taxable","12":"purchasable","13":"product-type-simple"},"_links":{"self":[{"href":"https:\/\/stoic-curie.212-227-153-4.plesk.page\/pt\/wp-json\/wp\/v2\/product\/3698800","targetHints":{"allow":["GET"]}}],"collection":[{"href":"https:\/\/stoic-curie.212-227-153-4.plesk.page\/pt\/wp-json\/wp\/v2\/product"}],"about":[{"href":"https:\/\/stoic-curie.212-227-153-4.plesk.page\/pt\/wp-json\/wp\/v2\/types\/product"}],"replies":[{"embeddable":true,"href":"https:\/\/stoic-curie.212-227-153-4.plesk.page\/pt\/wp-json\/wp\/v2\/comments?post=3698800"}],"version-history":[{"count":0,"href":"https:\/\/stoic-curie.212-227-153-4.plesk.page\/pt\/wp-json\/wp\/v2\/product\/3698800\/revisions"}],"wp:featuredmedia":[{"embeddable":true,"href":"https:\/\/stoic-curie.212-227-153-4.plesk.page\/pt\/wp-json\/wp\/v2\/media\/5945566"}],"wp:attachment":[{"href":"https:\/\/stoic-curie.212-227-153-4.plesk.page\/pt\/wp-json\/wp\/v2\/media?parent=3698800"}],"wp:term":[{"taxonomy":"product_brand","embeddable":true,"href":"https:\/\/stoic-curie.212-227-153-4.plesk.page\/pt\/wp-json\/wp\/v2\/product_brand?post=3698800"},{"taxonomy":"product_cat","embeddable":true,"href":"https:\/\/stoic-curie.212-227-153-4.plesk.page\/pt\/wp-json\/wp\/v2\/product_cat?post=3698800"},{"taxonomy":"product_tag","embeddable":true,"href":"https:\/\/stoic-curie.212-227-153-4.plesk.page\/pt\/wp-json\/wp\/v2\/product_tag?post=3698800"}],"curies":[{"name":"wp","href":"https:\/\/api.w.org\/{rel}","templated":true}]}}