{"id":3698802,"date":"2025-10-13T14:17:24","date_gmt":"2025-10-13T18:17:24","guid":{"rendered":"https:\/\/stoic-curie.212-227-153-4.plesk.page\/product\/extintor-de-incendio-marinho-2-kg-13-a-89-b-c\/"},"modified":"2026-02-25T00:28:13","modified_gmt":"2026-02-25T00:28:13","slug":"extintor-de-incendio-marinho-2-kg-13-a-89-b-c","status":"publish","type":"product","link":"https:\/\/stoic-curie.212-227-153-4.plesk.page\/pt\/product\/extintor-de-incendio-marinho-2-kg-13-a-89-b-c\/","title":{"rendered":"Extintor de Inc\u00eandio Marinho 2 kg (13 A-89 B-C)"},"content":{"rendered":"<p>Extintor de Inc\u00eandio Marinho 2 kg (13 A-89 B-C) &#8211; <\/p>\n<p>Extintor a p\u00f3 seco aprovado de acordo com M.E.D. 96\/98\/CE e CE 0029 EN3. Acompanha man\u00f4metro de carga e data de fabrica\u00e7\u00e3o carimbada. Vendido sem etiqueta de validade (n\u00e3o \u00e9 necess\u00e1rio para pequenas embarca\u00e7\u00f5es). Para barcos, a etiqueta de validade deve ser solicitada a um t\u00e9cnico de manuten\u00e7\u00e3o de extintores.<\/p>\n","protected":false},"excerpt":{"rendered":"<p>Extintor de Inc\u00eandio Marinho 2 kg (13 A-89 B-C) &#8211; Extintor a p\u00f3 seco aprovado de acordo com M.E.D. 96\/98\/CE<\/p>\n","protected":false},"featured_media":5945605,"comment_status":"closed","ping_status":"closed","template":"","meta":[],"product_brand":[2777],"product_cat":[1887],"product_tag":[],"class_list":{"0":"post-3698802","1":"product","2":"type-product","3":"status-publish","4":"has-post-thumbnail","6":"product_brand-anaf-marine-pt","7":"product_cat-extintores-de-incendio","9":"first","10":"instock","11":"shipping-taxable","12":"purchasable","13":"product-type-simple"},"_links":{"self":[{"href":"https:\/\/stoic-curie.212-227-153-4.plesk.page\/pt\/wp-json\/wp\/v2\/product\/3698802","targetHints":{"allow":["GET"]}}],"collection":[{"href":"https:\/\/stoic-curie.212-227-153-4.plesk.page\/pt\/wp-json\/wp\/v2\/product"}],"about":[{"href":"https:\/\/stoic-curie.212-227-153-4.plesk.page\/pt\/wp-json\/wp\/v2\/types\/product"}],"replies":[{"embeddable":true,"href":"https:\/\/stoic-curie.212-227-153-4.plesk.page\/pt\/wp-json\/wp\/v2\/comments?post=3698802"}],"version-history":[{"count":0,"href":"https:\/\/stoic-curie.212-227-153-4.plesk.page\/pt\/wp-json\/wp\/v2\/product\/3698802\/revisions"}],"wp:featuredmedia":[{"embeddable":true,"href":"https:\/\/stoic-curie.212-227-153-4.plesk.page\/pt\/wp-json\/wp\/v2\/media\/5945605"}],"wp:attachment":[{"href":"https:\/\/stoic-curie.212-227-153-4.plesk.page\/pt\/wp-json\/wp\/v2\/media?parent=3698802"}],"wp:term":[{"taxonomy":"product_brand","embeddable":true,"href":"https:\/\/stoic-curie.212-227-153-4.plesk.page\/pt\/wp-json\/wp\/v2\/product_brand?post=3698802"},{"taxonomy":"product_cat","embeddable":true,"href":"https:\/\/stoic-curie.212-227-153-4.plesk.page\/pt\/wp-json\/wp\/v2\/product_cat?post=3698802"},{"taxonomy":"product_tag","embeddable":true,"href":"https:\/\/stoic-curie.212-227-153-4.plesk.page\/pt\/wp-json\/wp\/v2\/product_tag?post=3698802"}],"curies":[{"name":"wp","href":"https:\/\/api.w.org\/{rel}","templated":true}]}}