{"id":3698807,"date":"2025-10-13T14:17:25","date_gmt":"2025-10-13T18:17:25","guid":{"rendered":"https:\/\/stoic-curie.212-227-153-4.plesk.page\/product\/cabo-de-seguranca-vsg-elastico-1-a-2-m-com-2-ganchos\/"},"modified":"2026-02-25T00:28:13","modified_gmt":"2026-02-25T00:28:13","slug":"cabo-de-seguranca-vsg-elastico-1-a-2-m-com-2-ganchos","status":"publish","type":"product","link":"https:\/\/stoic-curie.212-227-153-4.plesk.page\/pt\/product\/cabo-de-seguranca-vsg-elastico-1-a-2-m-com-2-ganchos\/","title":{"rendered":"Cabo de Seguran\u00e7a VSG El\u00e1stico 1 a 2 m com 2 ganchos"},"content":{"rendered":"<p>Cabo de Seguran\u00e7a VSG El\u00e1stico 1 a 2 m com 2 ganchos &#8211; <\/p>\n<p>Linhas de seguran\u00e7a de poli\u00e9ster para arneses com mosquet\u00f5es de a\u00e7o inoxid\u00e1vel de fecho autom\u00e1tico. Certificado CE-ISO12401. A linha 3015058 possui um mosquet\u00e3o e um olho. A linha 3015061 possui dois mosquet\u00f5es. A linha 3015063 com dois mosquet\u00f5es \u00e9 extens\u00edvel de 1 a 2 m.<\/p>\n","protected":false},"excerpt":{"rendered":"<p>Cabo de Seguran\u00e7a VSG El\u00e1stico 1 a 2 m com 2 ganchos &#8211; Linhas de seguran\u00e7a de poli\u00e9ster para arneses<\/p>\n","protected":false},"featured_media":5945618,"comment_status":"closed","ping_status":"closed","template":"","meta":[],"product_brand":[3517],"product_cat":[1891],"product_tag":[],"class_list":{"0":"post-3698807","1":"product","2":"type-product","3":"status-publish","4":"has-post-thumbnail","6":"product_brand-veleria-san-giorgio-pt","7":"product_cat-boias-e-retinidas-salva-vidas","9":"first","10":"instock","11":"shipping-taxable","12":"purchasable","13":"product-type-simple"},"_links":{"self":[{"href":"https:\/\/stoic-curie.212-227-153-4.plesk.page\/pt\/wp-json\/wp\/v2\/product\/3698807","targetHints":{"allow":["GET"]}}],"collection":[{"href":"https:\/\/stoic-curie.212-227-153-4.plesk.page\/pt\/wp-json\/wp\/v2\/product"}],"about":[{"href":"https:\/\/stoic-curie.212-227-153-4.plesk.page\/pt\/wp-json\/wp\/v2\/types\/product"}],"replies":[{"embeddable":true,"href":"https:\/\/stoic-curie.212-227-153-4.plesk.page\/pt\/wp-json\/wp\/v2\/comments?post=3698807"}],"version-history":[{"count":0,"href":"https:\/\/stoic-curie.212-227-153-4.plesk.page\/pt\/wp-json\/wp\/v2\/product\/3698807\/revisions"}],"wp:featuredmedia":[{"embeddable":true,"href":"https:\/\/stoic-curie.212-227-153-4.plesk.page\/pt\/wp-json\/wp\/v2\/media\/5945618"}],"wp:attachment":[{"href":"https:\/\/stoic-curie.212-227-153-4.plesk.page\/pt\/wp-json\/wp\/v2\/media?parent=3698807"}],"wp:term":[{"taxonomy":"product_brand","embeddable":true,"href":"https:\/\/stoic-curie.212-227-153-4.plesk.page\/pt\/wp-json\/wp\/v2\/product_brand?post=3698807"},{"taxonomy":"product_cat","embeddable":true,"href":"https:\/\/stoic-curie.212-227-153-4.plesk.page\/pt\/wp-json\/wp\/v2\/product_cat?post=3698807"},{"taxonomy":"product_tag","embeddable":true,"href":"https:\/\/stoic-curie.212-227-153-4.plesk.page\/pt\/wp-json\/wp\/v2\/product_tag?post=3698807"}],"curies":[{"name":"wp","href":"https:\/\/api.w.org\/{rel}","templated":true}]}}