{"id":3698812,"date":"2025-10-13T14:17:27","date_gmt":"2025-10-13T18:17:27","guid":{"rendered":"https:\/\/stoic-curie.212-227-153-4.plesk.page\/product\/terminais-de-garfo-para-cabo-de-6mm-em-aco-inoxidavel\/"},"modified":"2026-02-25T00:28:15","modified_gmt":"2026-02-25T00:28:15","slug":"terminais-de-garfo-para-cabo-de-6mm-em-aco-inoxidavel","status":"publish","type":"product","link":"https:\/\/stoic-curie.212-227-153-4.plesk.page\/pt\/product\/terminais-de-garfo-para-cabo-de-6mm-em-aco-inoxidavel\/","title":{"rendered":"Terminais de Garfo para Cabo de 6mm em A\u00e7o Inoxid\u00e1vel"},"content":{"rendered":"<p>Terminais de Garfo para Cabo de 6mm em A\u00e7o Inoxid\u00e1vel &#8211; <\/p>\n<p>Terminais de garfo sem termina\u00e7\u00e3o em a\u00e7o inoxid\u00e1vel 316. Pot\u00eancia de reten\u00e7\u00e3o excepcional equivalente \u00e0 carga de ruptura do fio. F\u00e1cil de montar; basta inserir o fio de a\u00e7o no terminal e o eixo o prende automaticamente. Adequado para todos os tipos de fios de a\u00e7o (fios 19\/49\/133).<\/p>\n","protected":false},"excerpt":{"rendered":"<p>Terminais de Garfo para Cabo de 6mm em A\u00e7o Inoxid\u00e1vel &#8211; Terminais de garfo sem termina\u00e7\u00e3o em a\u00e7o inoxid\u00e1vel 316.<\/p>\n","protected":false},"featured_media":5935756,"comment_status":"closed","ping_status":"closed","template":"","meta":[],"product_brand":[3122],"product_cat":[2052,1983],"product_tag":[],"class_list":{"0":"post-3698812","1":"product","2":"type-product","3":"status-publish","4":"has-post-thumbnail","6":"product_brand-marinetech-pt","7":"product_cat-ferragens","8":"product_cat-terminais-para-cabos-inox","10":"first","11":"instock","12":"shipping-taxable","13":"purchasable","14":"product-type-simple"},"_links":{"self":[{"href":"https:\/\/stoic-curie.212-227-153-4.plesk.page\/pt\/wp-json\/wp\/v2\/product\/3698812","targetHints":{"allow":["GET"]}}],"collection":[{"href":"https:\/\/stoic-curie.212-227-153-4.plesk.page\/pt\/wp-json\/wp\/v2\/product"}],"about":[{"href":"https:\/\/stoic-curie.212-227-153-4.plesk.page\/pt\/wp-json\/wp\/v2\/types\/product"}],"replies":[{"embeddable":true,"href":"https:\/\/stoic-curie.212-227-153-4.plesk.page\/pt\/wp-json\/wp\/v2\/comments?post=3698812"}],"version-history":[{"count":0,"href":"https:\/\/stoic-curie.212-227-153-4.plesk.page\/pt\/wp-json\/wp\/v2\/product\/3698812\/revisions"}],"wp:featuredmedia":[{"embeddable":true,"href":"https:\/\/stoic-curie.212-227-153-4.plesk.page\/pt\/wp-json\/wp\/v2\/media\/5935756"}],"wp:attachment":[{"href":"https:\/\/stoic-curie.212-227-153-4.plesk.page\/pt\/wp-json\/wp\/v2\/media?parent=3698812"}],"wp:term":[{"taxonomy":"product_brand","embeddable":true,"href":"https:\/\/stoic-curie.212-227-153-4.plesk.page\/pt\/wp-json\/wp\/v2\/product_brand?post=3698812"},{"taxonomy":"product_cat","embeddable":true,"href":"https:\/\/stoic-curie.212-227-153-4.plesk.page\/pt\/wp-json\/wp\/v2\/product_cat?post=3698812"},{"taxonomy":"product_tag","embeddable":true,"href":"https:\/\/stoic-curie.212-227-153-4.plesk.page\/pt\/wp-json\/wp\/v2\/product_tag?post=3698812"}],"curies":[{"name":"wp","href":"https:\/\/api.w.org\/{rel}","templated":true}]}}