{"id":3698814,"date":"2025-10-13T14:17:28","date_gmt":"2025-10-13T18:17:28","guid":{"rendered":"https:\/\/stoic-curie.212-227-153-4.plesk.page\/product\/cobertura-para-corrimao-azul-navishell-150cm\/"},"modified":"2026-02-25T00:28:15","modified_gmt":"2026-02-25T00:28:15","slug":"cobertura-para-corrimao-azul-navishell-150cm","status":"publish","type":"product","link":"https:\/\/stoic-curie.212-227-153-4.plesk.page\/pt\/product\/cobertura-para-corrimao-azul-navishell-150cm\/","title":{"rendered":"Cobertura para Corrim\u00e3o Azul Navishell 150cm"},"content":{"rendered":"<p>Cobertura para Corrim\u00e3o Azul Navishell 150cm &#8211; <\/p>\n<p>Cobertura para grade Navishell feita de tecido acr\u00edlico repelente \u00e0 \u00e1gua e resistente aos raios UV. A cor estabilizada e indel\u00e9vel n\u00e3o desbota e permanece intensa mesmo ap\u00f3s 3 anos de uso cont\u00ednuo. Equipado com um forte z\u00edper para uma montagem f\u00e1cil e segura.<\/p>\n","protected":false},"excerpt":{"rendered":"<p>Cobertura para Corrim\u00e3o Azul Navishell 150cm &#8211; Cobertura para grade Navishell feita de tecido acr\u00edlico repelente \u00e0 \u00e1gua e resistente<\/p>\n","protected":false},"featured_media":5944007,"comment_status":"closed","ping_status":"closed","template":"","meta":[],"product_brand":[3177],"product_cat":[2053,2045],"product_tag":[],"class_list":{"0":"post-3698814","1":"product","2":"type-product","3":"status-publish","4":"has-post-thumbnail","6":"product_brand-navishell-pt","7":"product_cat-coberturas-e-protetores","8":"product_cat-guarda-mancebo","10":"first","11":"instock","12":"shipping-taxable","13":"purchasable","14":"product-type-simple"},"_links":{"self":[{"href":"https:\/\/stoic-curie.212-227-153-4.plesk.page\/pt\/wp-json\/wp\/v2\/product\/3698814","targetHints":{"allow":["GET"]}}],"collection":[{"href":"https:\/\/stoic-curie.212-227-153-4.plesk.page\/pt\/wp-json\/wp\/v2\/product"}],"about":[{"href":"https:\/\/stoic-curie.212-227-153-4.plesk.page\/pt\/wp-json\/wp\/v2\/types\/product"}],"replies":[{"embeddable":true,"href":"https:\/\/stoic-curie.212-227-153-4.plesk.page\/pt\/wp-json\/wp\/v2\/comments?post=3698814"}],"version-history":[{"count":0,"href":"https:\/\/stoic-curie.212-227-153-4.plesk.page\/pt\/wp-json\/wp\/v2\/product\/3698814\/revisions"}],"wp:featuredmedia":[{"embeddable":true,"href":"https:\/\/stoic-curie.212-227-153-4.plesk.page\/pt\/wp-json\/wp\/v2\/media\/5944007"}],"wp:attachment":[{"href":"https:\/\/stoic-curie.212-227-153-4.plesk.page\/pt\/wp-json\/wp\/v2\/media?parent=3698814"}],"wp:term":[{"taxonomy":"product_brand","embeddable":true,"href":"https:\/\/stoic-curie.212-227-153-4.plesk.page\/pt\/wp-json\/wp\/v2\/product_brand?post=3698814"},{"taxonomy":"product_cat","embeddable":true,"href":"https:\/\/stoic-curie.212-227-153-4.plesk.page\/pt\/wp-json\/wp\/v2\/product_cat?post=3698814"},{"taxonomy":"product_tag","embeddable":true,"href":"https:\/\/stoic-curie.212-227-153-4.plesk.page\/pt\/wp-json\/wp\/v2\/product_tag?post=3698814"}],"curies":[{"name":"wp","href":"https:\/\/api.w.org\/{rel}","templated":true}]}}