{"id":3698816,"date":"2025-10-13T14:17:28","date_gmt":"2025-10-13T18:17:28","guid":{"rendered":"https:\/\/stoic-curie.212-227-153-4.plesk.page\/product\/pega-flutuante-para-guincho-200mm\/"},"modified":"2026-02-25T00:28:15","modified_gmt":"2026-02-25T00:28:15","slug":"pega-flutuante-para-guincho-200mm","status":"publish","type":"product","link":"https:\/\/stoic-curie.212-227-153-4.plesk.page\/pt\/product\/pega-flutuante-para-guincho-200mm\/","title":{"rendered":"Pega Flutuante para Guincho 200mm"},"content":{"rendered":"<p>Pega Flutuante para Guincho 200mm &#8211; <\/p>\n<p>Esta al\u00e7a \u00e9 ideal para veleiros pequenos e m\u00e9dios. Possui uma constru\u00e7\u00e3o leve e resistente com um sistema de bloqueio. Ela flutua.<\/p>\n","protected":false},"excerpt":{"rendered":"<p>Pega Flutuante para Guincho 200mm &#8211; Esta al\u00e7a \u00e9 ideal para veleiros pequenos e m\u00e9dios. Possui uma constru\u00e7\u00e3o leve e<\/p>\n","protected":false},"featured_media":5945684,"comment_status":"closed","ping_status":"closed","template":"","meta":[],"product_brand":[3237],"product_cat":[2060],"product_tag":[],"class_list":{"0":"post-3698816","1":"product","2":"type-product","3":"status-publish","4":"has-post-thumbnail","6":"product_brand-osculati-pt","7":"product_cat-winch-antal-equipamento-para-veleiros","9":"first","10":"instock","11":"shipping-taxable","12":"purchasable","13":"product-type-simple"},"_links":{"self":[{"href":"https:\/\/stoic-curie.212-227-153-4.plesk.page\/pt\/wp-json\/wp\/v2\/product\/3698816","targetHints":{"allow":["GET"]}}],"collection":[{"href":"https:\/\/stoic-curie.212-227-153-4.plesk.page\/pt\/wp-json\/wp\/v2\/product"}],"about":[{"href":"https:\/\/stoic-curie.212-227-153-4.plesk.page\/pt\/wp-json\/wp\/v2\/types\/product"}],"replies":[{"embeddable":true,"href":"https:\/\/stoic-curie.212-227-153-4.plesk.page\/pt\/wp-json\/wp\/v2\/comments?post=3698816"}],"version-history":[{"count":0,"href":"https:\/\/stoic-curie.212-227-153-4.plesk.page\/pt\/wp-json\/wp\/v2\/product\/3698816\/revisions"}],"wp:featuredmedia":[{"embeddable":true,"href":"https:\/\/stoic-curie.212-227-153-4.plesk.page\/pt\/wp-json\/wp\/v2\/media\/5945684"}],"wp:attachment":[{"href":"https:\/\/stoic-curie.212-227-153-4.plesk.page\/pt\/wp-json\/wp\/v2\/media?parent=3698816"}],"wp:term":[{"taxonomy":"product_brand","embeddable":true,"href":"https:\/\/stoic-curie.212-227-153-4.plesk.page\/pt\/wp-json\/wp\/v2\/product_brand?post=3698816"},{"taxonomy":"product_cat","embeddable":true,"href":"https:\/\/stoic-curie.212-227-153-4.plesk.page\/pt\/wp-json\/wp\/v2\/product_cat?post=3698816"},{"taxonomy":"product_tag","embeddable":true,"href":"https:\/\/stoic-curie.212-227-153-4.plesk.page\/pt\/wp-json\/wp\/v2\/product_tag?post=3698816"}],"curies":[{"name":"wp","href":"https:\/\/api.w.org\/{rel}","templated":true}]}}