{"id":3698819,"date":"2025-10-13T14:17:28","date_gmt":"2025-10-13T18:17:28","guid":{"rendered":"https:\/\/stoic-curie.212-227-153-4.plesk.page\/product\/corda-elastica-preta-10mm-vendida-por-metro\/"},"modified":"2026-02-25T00:28:15","modified_gmt":"2026-02-25T00:28:15","slug":"corda-elastica-preta-10mm-vendida-por-metro","status":"publish","type":"product","link":"https:\/\/stoic-curie.212-227-153-4.plesk.page\/pt\/product\/corda-elastica-preta-10mm-vendida-por-metro\/","title":{"rendered":"Corda El\u00e1stica Preta 10mm (vendida por metro)"},"content":{"rendered":"<p>Corda El\u00e1stica Preta 10mm (vendida por metro) &#8211; <\/p>\n<p>Corda el\u00e1stica preta de alta qualidade e dur\u00e1vel.<\/p>\n","protected":false},"excerpt":{"rendered":"<p>Corda El\u00e1stica Preta 10mm (vendida por metro) &#8211; Corda el\u00e1stica preta de alta qualidade e dur\u00e1vel.<\/p>\n","protected":false},"featured_media":5936821,"comment_status":"closed","ping_status":"closed","template":"","meta":[],"product_brand":[3492],"product_cat":[1895],"product_tag":[],"class_list":{"0":"post-3698819","1":"product","2":"type-product","3":"status-publish","4":"has-post-thumbnail","6":"product_brand-trem-pt","7":"product_cat-corda-elastica","9":"first","10":"instock","11":"shipping-taxable","12":"purchasable","13":"product-type-simple"},"_links":{"self":[{"href":"https:\/\/stoic-curie.212-227-153-4.plesk.page\/pt\/wp-json\/wp\/v2\/product\/3698819","targetHints":{"allow":["GET"]}}],"collection":[{"href":"https:\/\/stoic-curie.212-227-153-4.plesk.page\/pt\/wp-json\/wp\/v2\/product"}],"about":[{"href":"https:\/\/stoic-curie.212-227-153-4.plesk.page\/pt\/wp-json\/wp\/v2\/types\/product"}],"replies":[{"embeddable":true,"href":"https:\/\/stoic-curie.212-227-153-4.plesk.page\/pt\/wp-json\/wp\/v2\/comments?post=3698819"}],"version-history":[{"count":0,"href":"https:\/\/stoic-curie.212-227-153-4.plesk.page\/pt\/wp-json\/wp\/v2\/product\/3698819\/revisions"}],"wp:featuredmedia":[{"embeddable":true,"href":"https:\/\/stoic-curie.212-227-153-4.plesk.page\/pt\/wp-json\/wp\/v2\/media\/5936821"}],"wp:attachment":[{"href":"https:\/\/stoic-curie.212-227-153-4.plesk.page\/pt\/wp-json\/wp\/v2\/media?parent=3698819"}],"wp:term":[{"taxonomy":"product_brand","embeddable":true,"href":"https:\/\/stoic-curie.212-227-153-4.plesk.page\/pt\/wp-json\/wp\/v2\/product_brand?post=3698819"},{"taxonomy":"product_cat","embeddable":true,"href":"https:\/\/stoic-curie.212-227-153-4.plesk.page\/pt\/wp-json\/wp\/v2\/product_cat?post=3698819"},{"taxonomy":"product_tag","embeddable":true,"href":"https:\/\/stoic-curie.212-227-153-4.plesk.page\/pt\/wp-json\/wp\/v2\/product_tag?post=3698819"}],"curies":[{"name":"wp","href":"https:\/\/api.w.org\/{rel}","templated":true}]}}