{"id":3698820,"date":"2025-10-13T14:17:29","date_gmt":"2025-10-13T18:17:29","guid":{"rendered":"https:\/\/stoic-curie.212-227-153-4.plesk.page\/product\/correia-de-catraca-50mm-x-85m-4000-kg\/"},"modified":"2026-02-25T00:28:15","modified_gmt":"2026-02-25T00:28:15","slug":"correia-de-catraca-50mm-x-85m-4000-kg","status":"publish","type":"product","link":"https:\/\/stoic-curie.212-227-153-4.plesk.page\/pt\/product\/correia-de-catraca-50mm-x-85m-4000-kg\/","title":{"rendered":"Correia de Catraca 50mm x 8,5m 4000 kg"},"content":{"rendered":"<p>Correia de Catraca 50mm x 8,5m 4000 kg &#8211; <\/p>\n<p>Faixa de catraca com cintas de poli\u00e9ster de alta tenacidade e catraca de ferro-c\u00e1dmio. Ideal para amarrar qualquer carga em barcos, pontes, por\u00f5es, carrinhos e ve\u00edculos. Marcado CE de acordo com a EN 12195-2.<\/p>\n","protected":false},"excerpt":{"rendered":"<p>Correia de Catraca 50mm x 8,5m 4000 kg &#8211; Faixa de catraca com cintas de poli\u00e9ster de alta tenacidade e<\/p>\n","protected":false},"featured_media":5945688,"comment_status":"closed","ping_status":"closed","template":"","meta":[],"product_brand":[2892],"product_cat":[2125],"product_tag":[],"class_list":{"0":"post-3698820","1":"product","2":"type-product","3":"status-publish","4":"has-post-thumbnail","6":"product_brand-domar-pt","7":"product_cat-correias-e-cintas-com-roquete","9":"first","10":"instock","11":"shipping-taxable","12":"purchasable","13":"product-type-simple"},"_links":{"self":[{"href":"https:\/\/stoic-curie.212-227-153-4.plesk.page\/pt\/wp-json\/wp\/v2\/product\/3698820","targetHints":{"allow":["GET"]}}],"collection":[{"href":"https:\/\/stoic-curie.212-227-153-4.plesk.page\/pt\/wp-json\/wp\/v2\/product"}],"about":[{"href":"https:\/\/stoic-curie.212-227-153-4.plesk.page\/pt\/wp-json\/wp\/v2\/types\/product"}],"replies":[{"embeddable":true,"href":"https:\/\/stoic-curie.212-227-153-4.plesk.page\/pt\/wp-json\/wp\/v2\/comments?post=3698820"}],"version-history":[{"count":0,"href":"https:\/\/stoic-curie.212-227-153-4.plesk.page\/pt\/wp-json\/wp\/v2\/product\/3698820\/revisions"}],"wp:featuredmedia":[{"embeddable":true,"href":"https:\/\/stoic-curie.212-227-153-4.plesk.page\/pt\/wp-json\/wp\/v2\/media\/5945688"}],"wp:attachment":[{"href":"https:\/\/stoic-curie.212-227-153-4.plesk.page\/pt\/wp-json\/wp\/v2\/media?parent=3698820"}],"wp:term":[{"taxonomy":"product_brand","embeddable":true,"href":"https:\/\/stoic-curie.212-227-153-4.plesk.page\/pt\/wp-json\/wp\/v2\/product_brand?post=3698820"},{"taxonomy":"product_cat","embeddable":true,"href":"https:\/\/stoic-curie.212-227-153-4.plesk.page\/pt\/wp-json\/wp\/v2\/product_cat?post=3698820"},{"taxonomy":"product_tag","embeddable":true,"href":"https:\/\/stoic-curie.212-227-153-4.plesk.page\/pt\/wp-json\/wp\/v2\/product_tag?post=3698820"}],"curies":[{"name":"wp","href":"https:\/\/api.w.org\/{rel}","templated":true}]}}