{"id":3698821,"date":"2025-10-13T14:17:29","date_gmt":"2025-10-13T18:17:29","guid":{"rendered":"https:\/\/stoic-curie.212-227-153-4.plesk.page\/product\/catraca-de-aco-inoxidavel-6m-400kg\/"},"modified":"2026-02-25T00:28:15","modified_gmt":"2026-02-25T00:28:15","slug":"catraca-de-aco-inoxidavel-6m-400kg","status":"publish","type":"product","link":"https:\/\/stoic-curie.212-227-153-4.plesk.page\/pt\/product\/catraca-de-aco-inoxidavel-6m-400kg\/","title":{"rendered":"Catraca de A\u00e7o Inoxid\u00e1vel 6m 400kg"},"content":{"rendered":"<p>Catraca de A\u00e7o Inoxid\u00e1vel 6m 400kg &#8211; <\/p>\n<p>Correia de catraca com cinta de poli\u00e9ster de alta resist\u00eancia e catraca de a\u00e7o inoxid\u00e1vel com ganchos. Ideal para amarra\u00e7\u00e3o de qualquer carga em barcos, pontes, compartimentos de carga, carrinhos e ve\u00edculos. Marcado CE de acordo com a EN 12195-2.<\/p>\n","protected":false},"excerpt":{"rendered":"<p>Catraca de A\u00e7o Inoxid\u00e1vel 6m 400kg &#8211; Correia de catraca com cinta de poli\u00e9ster de alta resist\u00eancia e catraca de<\/p>\n","protected":false},"featured_media":5945691,"comment_status":"closed","ping_status":"closed","template":"","meta":[],"product_brand":[2892],"product_cat":[2125],"product_tag":[],"class_list":{"0":"post-3698821","1":"product","2":"type-product","3":"status-publish","4":"has-post-thumbnail","6":"product_brand-domar-pt","7":"product_cat-correias-e-cintas-com-roquete","9":"first","10":"instock","11":"shipping-taxable","12":"purchasable","13":"product-type-simple"},"_links":{"self":[{"href":"https:\/\/stoic-curie.212-227-153-4.plesk.page\/pt\/wp-json\/wp\/v2\/product\/3698821","targetHints":{"allow":["GET"]}}],"collection":[{"href":"https:\/\/stoic-curie.212-227-153-4.plesk.page\/pt\/wp-json\/wp\/v2\/product"}],"about":[{"href":"https:\/\/stoic-curie.212-227-153-4.plesk.page\/pt\/wp-json\/wp\/v2\/types\/product"}],"replies":[{"embeddable":true,"href":"https:\/\/stoic-curie.212-227-153-4.plesk.page\/pt\/wp-json\/wp\/v2\/comments?post=3698821"}],"version-history":[{"count":0,"href":"https:\/\/stoic-curie.212-227-153-4.plesk.page\/pt\/wp-json\/wp\/v2\/product\/3698821\/revisions"}],"wp:featuredmedia":[{"embeddable":true,"href":"https:\/\/stoic-curie.212-227-153-4.plesk.page\/pt\/wp-json\/wp\/v2\/media\/5945691"}],"wp:attachment":[{"href":"https:\/\/stoic-curie.212-227-153-4.plesk.page\/pt\/wp-json\/wp\/v2\/media?parent=3698821"}],"wp:term":[{"taxonomy":"product_brand","embeddable":true,"href":"https:\/\/stoic-curie.212-227-153-4.plesk.page\/pt\/wp-json\/wp\/v2\/product_brand?post=3698821"},{"taxonomy":"product_cat","embeddable":true,"href":"https:\/\/stoic-curie.212-227-153-4.plesk.page\/pt\/wp-json\/wp\/v2\/product_cat?post=3698821"},{"taxonomy":"product_tag","embeddable":true,"href":"https:\/\/stoic-curie.212-227-153-4.plesk.page\/pt\/wp-json\/wp\/v2\/product_tag?post=3698821"}],"curies":[{"name":"wp","href":"https:\/\/api.w.org\/{rel}","templated":true}]}}