{"id":3698848,"date":"2025-10-13T14:17:35","date_gmt":"2025-10-13T18:17:35","guid":{"rendered":"https:\/\/stoic-curie.212-227-153-4.plesk.page\/product\/anodos-ogivas-hexagonais-para-eixo-de-40-mm\/"},"modified":"2026-02-25T00:28:15","modified_gmt":"2026-02-25T00:28:15","slug":"anodos-ogivas-hexagonais-para-eixo-de-40-mm","status":"publish","type":"product","link":"https:\/\/stoic-curie.212-227-153-4.plesk.page\/pt\/product\/anodos-ogivas-hexagonais-para-eixo-de-40-mm\/","title":{"rendered":"\u00c2nodos Ogivas Hexagonais para eixo de 40 mm"},"content":{"rendered":"<p>\u00c2nodos Ogivas Hexagonais para eixo de 40 mm &#8211; <\/p>\n<p>\u00c2nodo ogival com inserto hexagonal c\u00f4nico para eixos de h\u00e9lice.<\/p>\n","protected":false},"excerpt":{"rendered":"<p>\u00c2nodos Ogivas Hexagonais para eixo de 40 mm &#8211; \u00c2nodo ogival com inserto hexagonal c\u00f4nico para eixos de h\u00e9lice.<\/p>\n","protected":false},"featured_media":5935614,"comment_status":"closed","ping_status":"closed","template":"","meta":[],"product_brand":[3477],"product_cat":[1923],"product_tag":[],"class_list":{"0":"post-3698848","1":"product","2":"type-product","3":"status-publish","4":"has-post-thumbnail","6":"product_brand-tecnoseal-pt","7":"product_cat-anodos-para-helice","9":"first","10":"instock","11":"shipping-taxable","12":"purchasable","13":"product-type-simple"},"_links":{"self":[{"href":"https:\/\/stoic-curie.212-227-153-4.plesk.page\/pt\/wp-json\/wp\/v2\/product\/3698848","targetHints":{"allow":["GET"]}}],"collection":[{"href":"https:\/\/stoic-curie.212-227-153-4.plesk.page\/pt\/wp-json\/wp\/v2\/product"}],"about":[{"href":"https:\/\/stoic-curie.212-227-153-4.plesk.page\/pt\/wp-json\/wp\/v2\/types\/product"}],"replies":[{"embeddable":true,"href":"https:\/\/stoic-curie.212-227-153-4.plesk.page\/pt\/wp-json\/wp\/v2\/comments?post=3698848"}],"version-history":[{"count":0,"href":"https:\/\/stoic-curie.212-227-153-4.plesk.page\/pt\/wp-json\/wp\/v2\/product\/3698848\/revisions"}],"wp:featuredmedia":[{"embeddable":true,"href":"https:\/\/stoic-curie.212-227-153-4.plesk.page\/pt\/wp-json\/wp\/v2\/media\/5935614"}],"wp:attachment":[{"href":"https:\/\/stoic-curie.212-227-153-4.plesk.page\/pt\/wp-json\/wp\/v2\/media?parent=3698848"}],"wp:term":[{"taxonomy":"product_brand","embeddable":true,"href":"https:\/\/stoic-curie.212-227-153-4.plesk.page\/pt\/wp-json\/wp\/v2\/product_brand?post=3698848"},{"taxonomy":"product_cat","embeddable":true,"href":"https:\/\/stoic-curie.212-227-153-4.plesk.page\/pt\/wp-json\/wp\/v2\/product_cat?post=3698848"},{"taxonomy":"product_tag","embeddable":true,"href":"https:\/\/stoic-curie.212-227-153-4.plesk.page\/pt\/wp-json\/wp\/v2\/product_tag?post=3698848"}],"curies":[{"name":"wp","href":"https:\/\/api.w.org\/{rel}","templated":true}]}}