{"id":3698852,"date":"2025-10-13T14:17:36","date_gmt":"2025-10-13T18:17:36","guid":{"rendered":"https:\/\/stoic-curie.212-227-153-4.plesk.page\/product\/placa-adaptadora-para-anodos-lombardini\/"},"modified":"2026-02-25T00:28:15","modified_gmt":"2026-02-25T00:28:15","slug":"placa-adaptadora-para-anodos-lombardini","status":"publish","type":"product","link":"https:\/\/stoic-curie.212-227-153-4.plesk.page\/pt\/product\/placa-adaptadora-para-anodos-lombardini\/","title":{"rendered":"Placa Adaptadora para \u00c2nodos Lombardini"},"content":{"rendered":"<p>Placa Adaptadora para \u00c2nodos Lombardini &#8211; <\/p>\n<p>Anodo de gola para motores Lombardini Sail-Drive. A placa de adaptador de a\u00e7o inoxid\u00e1vel \u00e9 utilizada para a montagem de golas em duas se\u00e7\u00f5es na posi\u00e7\u00e3o do orif\u00edcio do antigo anodo de gola de uma s\u00f3 pe\u00e7a.<\/p>\n","protected":false},"excerpt":{"rendered":"<p>Placa Adaptadora para \u00c2nodos Lombardini &#8211; Anodo de gola para motores Lombardini Sail-Drive. A placa de adaptador de a\u00e7o inoxid\u00e1vel<\/p>\n","protected":false},"featured_media":5945760,"comment_status":"closed","ping_status":"closed","template":"","meta":[],"product_brand":[3477],"product_cat":[1923],"product_tag":[],"class_list":{"0":"post-3698852","1":"product","2":"type-product","3":"status-publish","4":"has-post-thumbnail","6":"product_brand-tecnoseal-pt","7":"product_cat-anodos-para-helice","9":"first","10":"instock","11":"shipping-taxable","12":"purchasable","13":"product-type-simple"},"_links":{"self":[{"href":"https:\/\/stoic-curie.212-227-153-4.plesk.page\/pt\/wp-json\/wp\/v2\/product\/3698852","targetHints":{"allow":["GET"]}}],"collection":[{"href":"https:\/\/stoic-curie.212-227-153-4.plesk.page\/pt\/wp-json\/wp\/v2\/product"}],"about":[{"href":"https:\/\/stoic-curie.212-227-153-4.plesk.page\/pt\/wp-json\/wp\/v2\/types\/product"}],"replies":[{"embeddable":true,"href":"https:\/\/stoic-curie.212-227-153-4.plesk.page\/pt\/wp-json\/wp\/v2\/comments?post=3698852"}],"version-history":[{"count":0,"href":"https:\/\/stoic-curie.212-227-153-4.plesk.page\/pt\/wp-json\/wp\/v2\/product\/3698852\/revisions"}],"wp:featuredmedia":[{"embeddable":true,"href":"https:\/\/stoic-curie.212-227-153-4.plesk.page\/pt\/wp-json\/wp\/v2\/media\/5945760"}],"wp:attachment":[{"href":"https:\/\/stoic-curie.212-227-153-4.plesk.page\/pt\/wp-json\/wp\/v2\/media?parent=3698852"}],"wp:term":[{"taxonomy":"product_brand","embeddable":true,"href":"https:\/\/stoic-curie.212-227-153-4.plesk.page\/pt\/wp-json\/wp\/v2\/product_brand?post=3698852"},{"taxonomy":"product_cat","embeddable":true,"href":"https:\/\/stoic-curie.212-227-153-4.plesk.page\/pt\/wp-json\/wp\/v2\/product_cat?post=3698852"},{"taxonomy":"product_tag","embeddable":true,"href":"https:\/\/stoic-curie.212-227-153-4.plesk.page\/pt\/wp-json\/wp\/v2\/product_tag?post=3698852"}],"curies":[{"name":"wp","href":"https:\/\/api.w.org\/{rel}","templated":true}]}}