{"id":3698853,"date":"2025-10-13T14:17:36","date_gmt":"2025-10-13T18:17:36","guid":{"rendered":"https:\/\/stoic-curie.212-227-153-4.plesk.page\/product\/anodo-de-aluminio-para-omc-cobra-3853818\/"},"modified":"2026-02-25T00:28:15","modified_gmt":"2026-02-25T00:28:15","slug":"anodo-de-aluminio-para-omc-cobra-3853818","status":"publish","type":"product","link":"https:\/\/stoic-curie.212-227-153-4.plesk.page\/pt\/product\/anodo-de-aluminio-para-omc-cobra-3853818\/","title":{"rendered":"\u00c2nodo de Alum\u00ednio para OMC Cobra 3853818"},"content":{"rendered":"<p>\u00c2nodo de Alum\u00ednio para OMC Cobra 3853818 &#8211; <\/p>\n<p>Anodo da placa do motor OMC Cobra (1987-1993). Zn = Zinco, Al = Alum\u00ednio<\/p>\n","protected":false},"excerpt":{"rendered":"<p>\u00c2nodo de Alum\u00ednio para OMC Cobra 3853818 &#8211; Anodo da placa do motor OMC Cobra (1987-1993). Zn = Zinco, Al<\/p>\n","protected":false},"featured_media":5943494,"comment_status":"closed","ping_status":"closed","template":"","meta":[],"product_brand":[3477],"product_cat":[2107],"product_tag":[],"class_list":{"0":"post-3698853","1":"product","2":"type-product","3":"status-publish","4":"has-post-thumbnail","6":"product_brand-tecnoseal-pt","7":"product_cat-pecas-para-motores-omc","9":"first","10":"instock","11":"shipping-taxable","12":"purchasable","13":"product-type-simple"},"_links":{"self":[{"href":"https:\/\/stoic-curie.212-227-153-4.plesk.page\/pt\/wp-json\/wp\/v2\/product\/3698853","targetHints":{"allow":["GET"]}}],"collection":[{"href":"https:\/\/stoic-curie.212-227-153-4.plesk.page\/pt\/wp-json\/wp\/v2\/product"}],"about":[{"href":"https:\/\/stoic-curie.212-227-153-4.plesk.page\/pt\/wp-json\/wp\/v2\/types\/product"}],"replies":[{"embeddable":true,"href":"https:\/\/stoic-curie.212-227-153-4.plesk.page\/pt\/wp-json\/wp\/v2\/comments?post=3698853"}],"version-history":[{"count":0,"href":"https:\/\/stoic-curie.212-227-153-4.plesk.page\/pt\/wp-json\/wp\/v2\/product\/3698853\/revisions"}],"wp:featuredmedia":[{"embeddable":true,"href":"https:\/\/stoic-curie.212-227-153-4.plesk.page\/pt\/wp-json\/wp\/v2\/media\/5943494"}],"wp:attachment":[{"href":"https:\/\/stoic-curie.212-227-153-4.plesk.page\/pt\/wp-json\/wp\/v2\/media?parent=3698853"}],"wp:term":[{"taxonomy":"product_brand","embeddable":true,"href":"https:\/\/stoic-curie.212-227-153-4.plesk.page\/pt\/wp-json\/wp\/v2\/product_brand?post=3698853"},{"taxonomy":"product_cat","embeddable":true,"href":"https:\/\/stoic-curie.212-227-153-4.plesk.page\/pt\/wp-json\/wp\/v2\/product_cat?post=3698853"},{"taxonomy":"product_tag","embeddable":true,"href":"https:\/\/stoic-curie.212-227-153-4.plesk.page\/pt\/wp-json\/wp\/v2\/product_tag?post=3698853"}],"curies":[{"name":"wp","href":"https:\/\/api.w.org\/{rel}","templated":true}]}}