{"id":3698855,"date":"2025-10-13T14:17:36","date_gmt":"2025-10-13T18:17:36","guid":{"rendered":"https:\/\/stoic-curie.212-227-153-4.plesk.page\/product\/anodo-de-aluminio-skeg-yamaha-67c-45371-00\/"},"modified":"2026-02-25T00:28:15","modified_gmt":"2026-02-25T00:28:15","slug":"anodo-de-aluminio-skeg-yamaha-67c-45371-00","status":"publish","type":"product","link":"https:\/\/stoic-curie.212-227-153-4.plesk.page\/pt\/product\/anodo-de-aluminio-skeg-yamaha-67c-45371-00\/","title":{"rendered":"\u00c2nodo de Alum\u00ednio Skeg Yamaha 67C-45371-00"},"content":{"rendered":"<p>\u00c2nodo de Alum\u00ednio Skeg Yamaha 67C-45371-00 &#8211; <\/p>\n<p>\u00c2nodo Skeg para motores Yamaha FT25F\/B-F30A\/B-F40A\/B\/C\/D\/F-F50A\/F-FT50C-F60A\/C. Zn = Zinco, Al = Alum\u00ednio<\/p>\n","protected":false},"excerpt":{"rendered":"<p>\u00c2nodo de Alum\u00ednio Skeg Yamaha 67C-45371-00 &#8211; \u00c2nodo Skeg para motores Yamaha FT25F\/B-F30A\/B-F40A\/B\/C\/D\/F-F50A\/F-FT50C-F60A\/C. Zn = Zinco, Al = Alum\u00ednio<\/p>\n","protected":false},"featured_media":5943500,"comment_status":"closed","ping_status":"closed","template":"","meta":[],"product_brand":[3127],"product_cat":[2118],"product_tag":[],"class_list":{"0":"post-3698855","1":"product","2":"type-product","3":"status-publish","4":"has-post-thumbnail","6":"product_brand-martyr-pt","7":"product_cat-pecas-para-motores-fora-de-bordo-yamaha","9":"first","10":"instock","11":"shipping-taxable","12":"purchasable","13":"product-type-simple"},"_links":{"self":[{"href":"https:\/\/stoic-curie.212-227-153-4.plesk.page\/pt\/wp-json\/wp\/v2\/product\/3698855","targetHints":{"allow":["GET"]}}],"collection":[{"href":"https:\/\/stoic-curie.212-227-153-4.plesk.page\/pt\/wp-json\/wp\/v2\/product"}],"about":[{"href":"https:\/\/stoic-curie.212-227-153-4.plesk.page\/pt\/wp-json\/wp\/v2\/types\/product"}],"replies":[{"embeddable":true,"href":"https:\/\/stoic-curie.212-227-153-4.plesk.page\/pt\/wp-json\/wp\/v2\/comments?post=3698855"}],"version-history":[{"count":0,"href":"https:\/\/stoic-curie.212-227-153-4.plesk.page\/pt\/wp-json\/wp\/v2\/product\/3698855\/revisions"}],"wp:featuredmedia":[{"embeddable":true,"href":"https:\/\/stoic-curie.212-227-153-4.plesk.page\/pt\/wp-json\/wp\/v2\/media\/5943500"}],"wp:attachment":[{"href":"https:\/\/stoic-curie.212-227-153-4.plesk.page\/pt\/wp-json\/wp\/v2\/media?parent=3698855"}],"wp:term":[{"taxonomy":"product_brand","embeddable":true,"href":"https:\/\/stoic-curie.212-227-153-4.plesk.page\/pt\/wp-json\/wp\/v2\/product_brand?post=3698855"},{"taxonomy":"product_cat","embeddable":true,"href":"https:\/\/stoic-curie.212-227-153-4.plesk.page\/pt\/wp-json\/wp\/v2\/product_cat?post=3698855"},{"taxonomy":"product_tag","embeddable":true,"href":"https:\/\/stoic-curie.212-227-153-4.plesk.page\/pt\/wp-json\/wp\/v2\/product_tag?post=3698855"}],"curies":[{"name":"wp","href":"https:\/\/api.w.org\/{rel}","templated":true}]}}