{"id":3698864,"date":"2025-10-13T14:17:38","date_gmt":"2025-10-13T18:17:38","guid":{"rendered":"https:\/\/stoic-curie.212-227-153-4.plesk.page\/product\/kit-de-anodos-de-aluminio-para-volvo-penta-290-duo-prop-2\/"},"modified":"2026-02-25T00:28:15","modified_gmt":"2026-02-25T00:28:15","slug":"kit-de-anodos-de-aluminio-para-volvo-penta-290-duo-prop-2","status":"publish","type":"product","link":"https:\/\/stoic-curie.212-227-153-4.plesk.page\/pt\/product\/kit-de-anodos-de-aluminio-para-volvo-penta-290-duo-prop-2\/","title":{"rendered":"Kit de \u00c2nodos de Alum\u00ednio para Volvo Penta 290 Duo Prop"},"content":{"rendered":"<p>Kit de \u00c2nodos de Alum\u00ednio para Volvo Penta 290 Duo Prop &#8211; <\/p>\n<p>Kit de \u00c2nodos de Alum\u00ednio Tecnoseal para Volvo Penta 290 Duo Prop<br \/> \u2022 Protege 50% mais do que \u00e2nodos de zinco tradicionais<br \/> \u2022 Pesa 50% menos do que \u00e2nodos de zinco tradicionais<\/p>\n","protected":false},"excerpt":{"rendered":"<p>Kit de \u00c2nodos de Alum\u00ednio para Volvo Penta 290 Duo Prop &#8211; Kit de \u00c2nodos de Alum\u00ednio Tecnoseal para Volvo<\/p>\n","protected":false},"featured_media":5945768,"comment_status":"closed","ping_status":"closed","template":"","meta":[],"product_brand":[3477],"product_cat":[2116],"product_tag":[],"class_list":{"0":"post-3698864","1":"product","2":"type-product","3":"status-publish","4":"has-post-thumbnail","6":"product_brand-tecnoseal-pt","7":"product_cat-pecas-para-motores-volvo-penta","9":"first","10":"instock","11":"shipping-taxable","12":"purchasable","13":"product-type-simple"},"_links":{"self":[{"href":"https:\/\/stoic-curie.212-227-153-4.plesk.page\/pt\/wp-json\/wp\/v2\/product\/3698864","targetHints":{"allow":["GET"]}}],"collection":[{"href":"https:\/\/stoic-curie.212-227-153-4.plesk.page\/pt\/wp-json\/wp\/v2\/product"}],"about":[{"href":"https:\/\/stoic-curie.212-227-153-4.plesk.page\/pt\/wp-json\/wp\/v2\/types\/product"}],"replies":[{"embeddable":true,"href":"https:\/\/stoic-curie.212-227-153-4.plesk.page\/pt\/wp-json\/wp\/v2\/comments?post=3698864"}],"version-history":[{"count":0,"href":"https:\/\/stoic-curie.212-227-153-4.plesk.page\/pt\/wp-json\/wp\/v2\/product\/3698864\/revisions"}],"wp:featuredmedia":[{"embeddable":true,"href":"https:\/\/stoic-curie.212-227-153-4.plesk.page\/pt\/wp-json\/wp\/v2\/media\/5945768"}],"wp:attachment":[{"href":"https:\/\/stoic-curie.212-227-153-4.plesk.page\/pt\/wp-json\/wp\/v2\/media?parent=3698864"}],"wp:term":[{"taxonomy":"product_brand","embeddable":true,"href":"https:\/\/stoic-curie.212-227-153-4.plesk.page\/pt\/wp-json\/wp\/v2\/product_brand?post=3698864"},{"taxonomy":"product_cat","embeddable":true,"href":"https:\/\/stoic-curie.212-227-153-4.plesk.page\/pt\/wp-json\/wp\/v2\/product_cat?post=3698864"},{"taxonomy":"product_tag","embeddable":true,"href":"https:\/\/stoic-curie.212-227-153-4.plesk.page\/pt\/wp-json\/wp\/v2\/product_tag?post=3698864"}],"curies":[{"name":"wp","href":"https:\/\/api.w.org\/{rel}","templated":true}]}}