{"id":3698868,"date":"2025-10-13T14:17:39","date_gmt":"2025-10-13T18:17:39","guid":{"rendered":"https:\/\/stoic-curie.212-227-153-4.plesk.page\/product\/vela-de-ignicao-ngk-bkr7es-11\/"},"modified":"2026-02-25T00:28:15","modified_gmt":"2026-02-25T00:28:15","slug":"vela-de-ignicao-ngk-bkr7es-11","status":"publish","type":"product","link":"https:\/\/stoic-curie.212-227-153-4.plesk.page\/pt\/product\/vela-de-ignicao-ngk-bkr7es-11\/","title":{"rendered":"Vela de igni\u00e7\u00e3o NGK BKR7ES-11"},"content":{"rendered":"<p>Vela de igni\u00e7\u00e3o NGK BKR7ES-11 &#8211; <\/p>\n<p>Tabela de refer\u00eancia cruzada Motomarine vs OEM. A coluna esquerda cont\u00e9m os c\u00f3digos das velas de igni\u00e7\u00e3o Motomarine. A coluna da direita cont\u00e9m os c\u00f3digos das velas de igni\u00e7\u00e3o OEM.<\/p>\n","protected":false},"excerpt":{"rendered":"<p>Vela de igni\u00e7\u00e3o NGK BKR7ES-11 &#8211; Tabela de refer\u00eancia cruzada Motomarine vs OEM. A coluna esquerda cont\u00e9m os c\u00f3digos das<\/p>\n","protected":false},"featured_media":5940460,"comment_status":"closed","ping_status":"closed","template":"","meta":[],"product_brand":[3192],"product_cat":[2106],"product_tag":[],"class_list":{"0":"post-3698868","1":"product","2":"type-product","3":"status-publish","4":"has-post-thumbnail","6":"product_brand-ngk-pt","7":"product_cat-velas-de-ignicao-maritimas","9":"first","10":"instock","11":"shipping-taxable","12":"purchasable","13":"product-type-simple"},"_links":{"self":[{"href":"https:\/\/stoic-curie.212-227-153-4.plesk.page\/pt\/wp-json\/wp\/v2\/product\/3698868","targetHints":{"allow":["GET"]}}],"collection":[{"href":"https:\/\/stoic-curie.212-227-153-4.plesk.page\/pt\/wp-json\/wp\/v2\/product"}],"about":[{"href":"https:\/\/stoic-curie.212-227-153-4.plesk.page\/pt\/wp-json\/wp\/v2\/types\/product"}],"replies":[{"embeddable":true,"href":"https:\/\/stoic-curie.212-227-153-4.plesk.page\/pt\/wp-json\/wp\/v2\/comments?post=3698868"}],"version-history":[{"count":0,"href":"https:\/\/stoic-curie.212-227-153-4.plesk.page\/pt\/wp-json\/wp\/v2\/product\/3698868\/revisions"}],"wp:featuredmedia":[{"embeddable":true,"href":"https:\/\/stoic-curie.212-227-153-4.plesk.page\/pt\/wp-json\/wp\/v2\/media\/5940460"}],"wp:attachment":[{"href":"https:\/\/stoic-curie.212-227-153-4.plesk.page\/pt\/wp-json\/wp\/v2\/media?parent=3698868"}],"wp:term":[{"taxonomy":"product_brand","embeddable":true,"href":"https:\/\/stoic-curie.212-227-153-4.plesk.page\/pt\/wp-json\/wp\/v2\/product_brand?post=3698868"},{"taxonomy":"product_cat","embeddable":true,"href":"https:\/\/stoic-curie.212-227-153-4.plesk.page\/pt\/wp-json\/wp\/v2\/product_cat?post=3698868"},{"taxonomy":"product_tag","embeddable":true,"href":"https:\/\/stoic-curie.212-227-153-4.plesk.page\/pt\/wp-json\/wp\/v2\/product_tag?post=3698868"}],"curies":[{"name":"wp","href":"https:\/\/api.w.org\/{rel}","templated":true}]}}