{"id":3700823,"date":"2025-10-13T14:24:27","date_gmt":"2025-10-13T18:24:27","guid":{"rendered":"https:\/\/stoic-curie.212-227-153-4.plesk.page\/product\/cabo-de-aco-inoxidavel-7-x-19-2mm\/"},"modified":"2026-02-25T00:28:27","modified_gmt":"2026-02-25T00:28:27","slug":"cabo-de-aco-inoxidavel-7-x-19-2mm","status":"publish","type":"product","link":"https:\/\/stoic-curie.212-227-153-4.plesk.page\/pt\/product\/cabo-de-aco-inoxidavel-7-x-19-2mm\/","title":{"rendered":"Cabo de A\u00e7o Inoxid\u00e1vel 7 x 19 2mm"},"content":{"rendered":"<p>Cabo de A\u00e7o Inoxid\u00e1vel 7 x 19 2mm &#8211; <\/p>\n<p>Corda de arame de a\u00e7o inoxid\u00e1vel 316 com 133 fios, dispon\u00edvel em carretel de 50 m. Qualidade superior, verificada e testada.<\/p>\n","protected":false},"excerpt":{"rendered":"<p>Cabo de A\u00e7o Inoxid\u00e1vel 7 x 19 2mm &#8211; Corda de arame de a\u00e7o inoxid\u00e1vel 316 com 133 fios, dispon\u00edvel<\/p>\n","protected":false},"featured_media":5948682,"comment_status":"closed","ping_status":"closed","template":"","meta":[],"product_brand":[3122],"product_cat":[2043,1966],"product_tag":[],"class_list":{"0":"post-3700823","1":"product","2":"type-product","3":"status-publish","4":"has-post-thumbnail","6":"product_brand-marinetech-pt","7":"product_cat-cabo-de-aco","8":"product_cat-cabo-de-aco-inoxidavel","10":"first","11":"instock","12":"shipping-taxable","13":"purchasable","14":"product-type-simple"},"_links":{"self":[{"href":"https:\/\/stoic-curie.212-227-153-4.plesk.page\/pt\/wp-json\/wp\/v2\/product\/3700823","targetHints":{"allow":["GET"]}}],"collection":[{"href":"https:\/\/stoic-curie.212-227-153-4.plesk.page\/pt\/wp-json\/wp\/v2\/product"}],"about":[{"href":"https:\/\/stoic-curie.212-227-153-4.plesk.page\/pt\/wp-json\/wp\/v2\/types\/product"}],"replies":[{"embeddable":true,"href":"https:\/\/stoic-curie.212-227-153-4.plesk.page\/pt\/wp-json\/wp\/v2\/comments?post=3700823"}],"version-history":[{"count":0,"href":"https:\/\/stoic-curie.212-227-153-4.plesk.page\/pt\/wp-json\/wp\/v2\/product\/3700823\/revisions"}],"wp:featuredmedia":[{"embeddable":true,"href":"https:\/\/stoic-curie.212-227-153-4.plesk.page\/pt\/wp-json\/wp\/v2\/media\/5948682"}],"wp:attachment":[{"href":"https:\/\/stoic-curie.212-227-153-4.plesk.page\/pt\/wp-json\/wp\/v2\/media?parent=3700823"}],"wp:term":[{"taxonomy":"product_brand","embeddable":true,"href":"https:\/\/stoic-curie.212-227-153-4.plesk.page\/pt\/wp-json\/wp\/v2\/product_brand?post=3700823"},{"taxonomy":"product_cat","embeddable":true,"href":"https:\/\/stoic-curie.212-227-153-4.plesk.page\/pt\/wp-json\/wp\/v2\/product_cat?post=3700823"},{"taxonomy":"product_tag","embeddable":true,"href":"https:\/\/stoic-curie.212-227-153-4.plesk.page\/pt\/wp-json\/wp\/v2\/product_tag?post=3700823"}],"curies":[{"name":"wp","href":"https:\/\/api.w.org\/{rel}","templated":true}]}}