{"id":3700829,"date":"2025-10-13T14:24:29","date_gmt":"2025-10-13T18:24:29","guid":{"rendered":"https:\/\/stoic-curie.212-227-153-4.plesk.page\/product\/osculati-telescop-lona-suporte-altura-ajustavel-90-160cm\/"},"modified":"2026-02-25T00:28:27","modified_gmt":"2026-02-25T00:28:27","slug":"osculati-telescop-lona-suporte-altura-ajustavel-90-160cm","status":"publish","type":"product","link":"https:\/\/stoic-curie.212-227-153-4.plesk.page\/pt\/product\/osculati-telescop-lona-suporte-altura-ajustavel-90-160cm\/","title":{"rendered":"Osculati Telescop Lona Suporte Altura ajust\u00e1vel (90-160cm)"},"content":{"rendered":"<p>Osculati Telescop Lona Suporte Altura ajust\u00e1vel (90-160cm) &#8211; <\/p>\n<div class=\"col-24 col-md-15\">\n<p>O suporte telesc\u00f3pico para lona da Osaculati, ajust\u00e1vel de 90 a 160 cm de altura, \u00e9 feito de uma liga leve anodizada e possui um amplo suporte de PVC macio para evitar danos \u00e0 lona. Di\u00e2metro do tubo: 25\/30 mm<\/p>\n<p>Lona (240\/320 cm): 995210<\/p>\n<p>Lona (300\/360 cm): 995211<\/p>\n<p>Suporte de lona (75-120 cm): 813950<\/p>\n<\/div>\n<p><\/p>\n<table class=\"table\">\n<tbody>\n<tr>\n<td><strong>Descri\u00e7\u00e3o da altura<\/strong><\/td>\n<td>Ajust\u00e1vel de 90 a 160 cm<\/td>\n<\/tr>\n<tr>\n<td><strong>Material<\/strong><\/td>\n<td>Liga leve anodizada, equipada com PVC macio<\/td>\n<\/tr>\n<tr>\n<td><strong>Tipo<\/strong><\/td>\n<td>Suporte de lona<\/td>\n<\/tr>\n<tr>\n<td><strong>Peso<\/strong><\/td>\n<td>0,59 kg<\/td>\n<\/tr>\n<tr>\n<td><strong>Marca<\/strong><\/td>\n<td>Osculati<\/td>\n<\/tr>\n<tr>\n<td><strong>Descri\u00e7\u00e3o do di\u00e2metro<\/strong><\/td>\n<td>25\/30 mm \u00c3\u0098<\/td>\n<\/tr>\n<\/tbody>\n<\/table>\n","protected":false},"excerpt":{"rendered":"<p>Osculati Telescop Lona Suporte Altura ajust\u00e1vel (90-160cm) &#8211; O suporte telesc\u00f3pico para lona da Osaculati, ajust\u00e1vel de 90 a 160<\/p>\n","protected":false},"featured_media":5948753,"comment_status":"closed","ping_status":"closed","template":"","meta":[],"product_brand":[3237],"product_cat":[1970,1990,1976],"product_tag":[],"class_list":{"0":"post-3700829","1":"product","2":"type-product","3":"status-publish","4":"has-post-thumbnail","6":"product_brand-osculati-pt","7":"product_cat-capas-e-protecoes","8":"product_cat-pecas-para-coberturas-e-bimini","9":"product_cat-toldos-bimini-hardware-nautico","11":"first","12":"instock","13":"shipping-taxable","14":"purchasable","15":"product-type-simple"},"_links":{"self":[{"href":"https:\/\/stoic-curie.212-227-153-4.plesk.page\/pt\/wp-json\/wp\/v2\/product\/3700829","targetHints":{"allow":["GET"]}}],"collection":[{"href":"https:\/\/stoic-curie.212-227-153-4.plesk.page\/pt\/wp-json\/wp\/v2\/product"}],"about":[{"href":"https:\/\/stoic-curie.212-227-153-4.plesk.page\/pt\/wp-json\/wp\/v2\/types\/product"}],"replies":[{"embeddable":true,"href":"https:\/\/stoic-curie.212-227-153-4.plesk.page\/pt\/wp-json\/wp\/v2\/comments?post=3700829"}],"version-history":[{"count":0,"href":"https:\/\/stoic-curie.212-227-153-4.plesk.page\/pt\/wp-json\/wp\/v2\/product\/3700829\/revisions"}],"wp:featuredmedia":[{"embeddable":true,"href":"https:\/\/stoic-curie.212-227-153-4.plesk.page\/pt\/wp-json\/wp\/v2\/media\/5948753"}],"wp:attachment":[{"href":"https:\/\/stoic-curie.212-227-153-4.plesk.page\/pt\/wp-json\/wp\/v2\/media?parent=3700829"}],"wp:term":[{"taxonomy":"product_brand","embeddable":true,"href":"https:\/\/stoic-curie.212-227-153-4.plesk.page\/pt\/wp-json\/wp\/v2\/product_brand?post=3700829"},{"taxonomy":"product_cat","embeddable":true,"href":"https:\/\/stoic-curie.212-227-153-4.plesk.page\/pt\/wp-json\/wp\/v2\/product_cat?post=3700829"},{"taxonomy":"product_tag","embeddable":true,"href":"https:\/\/stoic-curie.212-227-153-4.plesk.page\/pt\/wp-json\/wp\/v2\/product_tag?post=3700829"}],"curies":[{"name":"wp","href":"https:\/\/api.w.org\/{rel}","templated":true}]}}