{"id":3700830,"date":"2025-10-13T14:24:29","date_gmt":"2025-10-13T18:24:29","guid":{"rendered":"https:\/\/stoic-curie.212-227-153-4.plesk.page\/product\/jg-speedfit-equal-encaixe-de-tubo-de-cotovelo-para-tubo-de-15mm\/"},"modified":"2026-02-25T00:28:27","modified_gmt":"2026-02-25T00:28:27","slug":"jg-speedfit-equal-encaixe-de-tubo-de-cotovelo-para-tubo-de-15mm","status":"publish","type":"product","link":"https:\/\/stoic-curie.212-227-153-4.plesk.page\/pt\/product\/jg-speedfit-equal-encaixe-de-tubo-de-cotovelo-para-tubo-de-15mm\/","title":{"rendered":"JG Speedfit Equal, Encaixe de Tubo de Cotovelo Para Tubo de 15mm"},"content":{"rendered":"<p>JG Speedfit Equal, Encaixe de Tubo de Cotovelo Para Tubo de 15mm &#8211; <\/p>\n<div class=\"col-24 col-md-15\">\n<p>O cotovelo de pl\u00e1stico push-fit da John Guest Speedfit \u00e9 adequado para conectar tubos de pl\u00e1stico ou cobre em sistemas de \u00e1gua quente ou fria. O encaixe de cotovelo igual possui duas conex\u00f5es Speedfit para tubos de 15 mm, uma em cada extremidade. Este cotovelo de tubo igual em perfil tem uma constru\u00e7\u00e3o livre de chumbo e n\u00e3o t\u00f3xica e \u00e9 livre de acumula\u00e7\u00e3o de calc\u00e1rio e corros\u00e3o.<\/p>\n<p>Para instalar, simplesmente empurre o encaixe completamente na tubula\u00e7\u00e3o e gire a porca pl\u00e1stica no sentido hor\u00e1rio para trav\u00e1-lo no lugar. Para remover a conex\u00e3o, destrave a porca e empurre o colarinho em dire\u00e7\u00e3o ao corpo do encaixe e puxe o tubo para soltar. O encaixe push-fit facilita a instala\u00e7\u00e3o em locais apertados, com um tempo de instala\u00e7\u00e3o reduzido em cerca de 40% em compara\u00e7\u00e3o com m\u00e9todos de fixa\u00e7\u00e3o padr\u00e3o.<\/p>\n<\/div>\n<p><\/p>\n<table class=\"table\">\n<tbody>\n<tr>\n<td><strong>Aprova\u00e7\u00f5es<\/strong><\/td>\n<td>Aprovado pela BSI e WRAS<\/td>\n<\/tr>\n<tr>\n<td><strong>Material<\/strong><\/td>\n<td>Pl\u00e1stico isento de chumbo e n\u00e3o t\u00f3xico<\/td>\n<\/tr>\n<tr>\n<td><strong>Tamanho<\/strong><\/td>\n<td>15 mm<\/td>\n<\/tr>\n<tr>\n<td><strong>Marca<\/strong><\/td>\n<td>JG Speedfit<\/td>\n<\/tr>\n<tr>\n<td><strong>Encaixe<\/strong><\/td>\n<td>Cotovelo|Encaixe Push-Fit<\/td>\n<\/tr>\n<tr>\n<td><strong>Constru\u00e7\u00e3o Prim\u00e1ria<\/strong><\/td>\n<td>Pl\u00e1stico<\/td>\n<\/tr>\n<tr>\n<td><strong>Cor<\/strong><\/td>\n<td>Branco<\/td>\n<\/tr>\n<tr>\n<td><strong>Pa\u00eds de Origem<\/strong><\/td>\n<td>Reino Unido<\/td>\n<\/tr>\n<tr>\n<td><strong>\u00c2ngulo<\/strong><\/td>\n<td>90 graus<\/td>\n<\/tr>\n<tr>\n<td><strong>Descri\u00e7\u00e3o do Di\u00e2metro<\/strong><\/td>\n<td>Para tubo de 15 mm<\/td>\n<\/tr>\n<\/tbody>\n<\/table>\n","protected":false},"excerpt":{"rendered":"<p>JG Speedfit Equal, Encaixe de Tubo de Cotovelo Para Tubo de 15mm &#8211; O cotovelo de pl\u00e1stico push-fit da John<\/p>\n","protected":false},"featured_media":5948758,"comment_status":"closed","ping_status":"closed","template":"","meta":[],"product_brand":[3427],"product_cat":[1948],"product_tag":[],"class_list":{"0":"post-3700830","1":"product","2":"type-product","3":"status-publish","4":"has-post-thumbnail","6":"product_brand-speedfit-pt","7":"product_cat-acessorios-para-canalizacao-de-plastico","9":"first","10":"instock","11":"shipping-taxable","12":"purchasable","13":"product-type-simple"},"_links":{"self":[{"href":"https:\/\/stoic-curie.212-227-153-4.plesk.page\/pt\/wp-json\/wp\/v2\/product\/3700830","targetHints":{"allow":["GET"]}}],"collection":[{"href":"https:\/\/stoic-curie.212-227-153-4.plesk.page\/pt\/wp-json\/wp\/v2\/product"}],"about":[{"href":"https:\/\/stoic-curie.212-227-153-4.plesk.page\/pt\/wp-json\/wp\/v2\/types\/product"}],"replies":[{"embeddable":true,"href":"https:\/\/stoic-curie.212-227-153-4.plesk.page\/pt\/wp-json\/wp\/v2\/comments?post=3700830"}],"version-history":[{"count":0,"href":"https:\/\/stoic-curie.212-227-153-4.plesk.page\/pt\/wp-json\/wp\/v2\/product\/3700830\/revisions"}],"wp:featuredmedia":[{"embeddable":true,"href":"https:\/\/stoic-curie.212-227-153-4.plesk.page\/pt\/wp-json\/wp\/v2\/media\/5948758"}],"wp:attachment":[{"href":"https:\/\/stoic-curie.212-227-153-4.plesk.page\/pt\/wp-json\/wp\/v2\/media?parent=3700830"}],"wp:term":[{"taxonomy":"product_brand","embeddable":true,"href":"https:\/\/stoic-curie.212-227-153-4.plesk.page\/pt\/wp-json\/wp\/v2\/product_brand?post=3700830"},{"taxonomy":"product_cat","embeddable":true,"href":"https:\/\/stoic-curie.212-227-153-4.plesk.page\/pt\/wp-json\/wp\/v2\/product_cat?post=3700830"},{"taxonomy":"product_tag","embeddable":true,"href":"https:\/\/stoic-curie.212-227-153-4.plesk.page\/pt\/wp-json\/wp\/v2\/product_tag?post=3700830"}],"curies":[{"name":"wp","href":"https:\/\/api.w.org\/{rel}","templated":true}]}}