{"id":3700835,"date":"2025-10-13T14:24:30","date_gmt":"2025-10-13T18:24:30","guid":{"rendered":"https:\/\/stoic-curie.212-227-153-4.plesk.page\/product\/elo-de-corrente-inoxidavel-8-x-58mm\/"},"modified":"2026-02-25T00:28:29","modified_gmt":"2026-02-25T00:28:29","slug":"elo-de-corrente-inoxidavel-8-x-58mm","status":"publish","type":"product","link":"https:\/\/stoic-curie.212-227-153-4.plesk.page\/pt\/product\/elo-de-corrente-inoxidavel-8-x-58mm\/","title":{"rendered":"Elo de corrente inoxid\u00e1vel 8 x 58mm"},"content":{"rendered":"<p>Elo de corrente inoxid\u00e1vel 8 x 58mm &#8211; Descubra nossos produtos de alta qualidade, otimizados para atender \u00e0s suas necessidades. Cada produto \u00e9 cuidadosamente selecionado e oferece excelente qualidade e desempenho.<\/p>\n","protected":false},"excerpt":{"rendered":"<p>Elo de corrente inoxid\u00e1vel 8 x 58mm &#8211; Descubra nossos produtos de alta qualidade, otimizados para atender \u00e0s suas necessidades.<\/p>\n","protected":false},"featured_media":5948801,"comment_status":"closed","ping_status":"closed","template":"","meta":[],"product_brand":[3087],"product_cat":[1979,1907],"product_tag":[],"class_list":{"0":"post-3700835","1":"product","2":"type-product","3":"status-publish","4":"has-post-thumbnail","6":"product_brand-maggigroup-pt","7":"product_cat-corrente-em-aco-inoxidavel","8":"product_cat-corrente-em-aco-inoxidavel-calibrada","10":"first","11":"instock","12":"shipping-taxable","13":"purchasable","14":"product-type-simple"},"_links":{"self":[{"href":"https:\/\/stoic-curie.212-227-153-4.plesk.page\/pt\/wp-json\/wp\/v2\/product\/3700835","targetHints":{"allow":["GET"]}}],"collection":[{"href":"https:\/\/stoic-curie.212-227-153-4.plesk.page\/pt\/wp-json\/wp\/v2\/product"}],"about":[{"href":"https:\/\/stoic-curie.212-227-153-4.plesk.page\/pt\/wp-json\/wp\/v2\/types\/product"}],"replies":[{"embeddable":true,"href":"https:\/\/stoic-curie.212-227-153-4.plesk.page\/pt\/wp-json\/wp\/v2\/comments?post=3700835"}],"version-history":[{"count":0,"href":"https:\/\/stoic-curie.212-227-153-4.plesk.page\/pt\/wp-json\/wp\/v2\/product\/3700835\/revisions"}],"wp:featuredmedia":[{"embeddable":true,"href":"https:\/\/stoic-curie.212-227-153-4.plesk.page\/pt\/wp-json\/wp\/v2\/media\/5948801"}],"wp:attachment":[{"href":"https:\/\/stoic-curie.212-227-153-4.plesk.page\/pt\/wp-json\/wp\/v2\/media?parent=3700835"}],"wp:term":[{"taxonomy":"product_brand","embeddable":true,"href":"https:\/\/stoic-curie.212-227-153-4.plesk.page\/pt\/wp-json\/wp\/v2\/product_brand?post=3700835"},{"taxonomy":"product_cat","embeddable":true,"href":"https:\/\/stoic-curie.212-227-153-4.plesk.page\/pt\/wp-json\/wp\/v2\/product_cat?post=3700835"},{"taxonomy":"product_tag","embeddable":true,"href":"https:\/\/stoic-curie.212-227-153-4.plesk.page\/pt\/wp-json\/wp\/v2\/product_tag?post=3700835"}],"curies":[{"name":"wp","href":"https:\/\/api.w.org\/{rel}","templated":true}]}}