{"id":3700838,"date":"2025-10-13T14:24:31","date_gmt":"2025-10-13T18:24:31","guid":{"rendered":"https:\/\/stoic-curie.212-227-153-4.plesk.page\/product\/cabeca-da-panela-parafusos-da-maquina-phillips-din-7985-porcas-mm-6x30-pack-4-pcs\/"},"modified":"2026-02-25T00:28:29","modified_gmt":"2026-02-25T00:28:29","slug":"cabeca-da-panela-parafusos-da-maquina-phillips-din-7985-porcas-mm-6x30-pack-4-pcs","status":"publish","type":"product","link":"https:\/\/stoic-curie.212-227-153-4.plesk.page\/pt\/product\/cabeca-da-panela-parafusos-da-maquina-phillips-din-7985-porcas-mm-6x30-pack-4-pcs\/","title":{"rendered":"Cabe\u00e7a da panela parafusos da m\u00e1quina phillips din 7985 + porcas mm 6&#215;30 pack 4 \/ pcs"},"content":{"rendered":"<p>Cabe\u00e7a da panela parafusos da m\u00e1quina phillips din 7985 + porcas mm 6&#215;30 pack 4 \/ pcs &#8211; <\/p>\n<p>Parafusos de m\u00e1quina com cabe\u00e7a chata Phillips em a\u00e7o inoxid\u00e1vel DIN 7985 A4. Embalados em blister com porcas.<\/p>\n","protected":false},"excerpt":{"rendered":"<p>Cabe\u00e7a da panela parafusos da m\u00e1quina phillips din 7985 + porcas mm 6&#215;30 pack 4 \/ pcs &#8211; Parafusos de<\/p>\n","protected":false},"featured_media":5945185,"comment_status":"closed","ping_status":"closed","template":"","meta":[],"product_brand":[3122],"product_cat":[2008],"product_tag":[],"class_list":{"0":"post-3700838","1":"product","2":"type-product","3":"status-publish","4":"has-post-thumbnail","6":"product_brand-marinetech-pt","7":"product_cat-parafusos-de-aco-inoxidavel-din-7985","9":"first","10":"instock","11":"shipping-taxable","12":"purchasable","13":"product-type-simple"},"_links":{"self":[{"href":"https:\/\/stoic-curie.212-227-153-4.plesk.page\/pt\/wp-json\/wp\/v2\/product\/3700838","targetHints":{"allow":["GET"]}}],"collection":[{"href":"https:\/\/stoic-curie.212-227-153-4.plesk.page\/pt\/wp-json\/wp\/v2\/product"}],"about":[{"href":"https:\/\/stoic-curie.212-227-153-4.plesk.page\/pt\/wp-json\/wp\/v2\/types\/product"}],"replies":[{"embeddable":true,"href":"https:\/\/stoic-curie.212-227-153-4.plesk.page\/pt\/wp-json\/wp\/v2\/comments?post=3700838"}],"version-history":[{"count":0,"href":"https:\/\/stoic-curie.212-227-153-4.plesk.page\/pt\/wp-json\/wp\/v2\/product\/3700838\/revisions"}],"wp:featuredmedia":[{"embeddable":true,"href":"https:\/\/stoic-curie.212-227-153-4.plesk.page\/pt\/wp-json\/wp\/v2\/media\/5945185"}],"wp:attachment":[{"href":"https:\/\/stoic-curie.212-227-153-4.plesk.page\/pt\/wp-json\/wp\/v2\/media?parent=3700838"}],"wp:term":[{"taxonomy":"product_brand","embeddable":true,"href":"https:\/\/stoic-curie.212-227-153-4.plesk.page\/pt\/wp-json\/wp\/v2\/product_brand?post=3700838"},{"taxonomy":"product_cat","embeddable":true,"href":"https:\/\/stoic-curie.212-227-153-4.plesk.page\/pt\/wp-json\/wp\/v2\/product_cat?post=3700838"},{"taxonomy":"product_tag","embeddable":true,"href":"https:\/\/stoic-curie.212-227-153-4.plesk.page\/pt\/wp-json\/wp\/v2\/product_tag?post=3700838"}],"curies":[{"name":"wp","href":"https:\/\/api.w.org\/{rel}","templated":true}]}}