{"id":3700840,"date":"2025-10-13T14:24:31","date_gmt":"2025-10-13T18:24:31","guid":{"rendered":"https:\/\/stoic-curie.212-227-153-4.plesk.page\/product\/s-aco-cabeca-plana-phillips-parafusos-de-aglomerado-din-6112-mm-4x60-pack-6-pcs\/"},"modified":"2026-02-25T00:28:29","modified_gmt":"2026-02-25T00:28:29","slug":"s-aco-cabeca-plana-phillips-parafusos-de-aglomerado-din-6112-mm-4x60-pack-6-pcs","status":"publish","type":"product","link":"https:\/\/stoic-curie.212-227-153-4.plesk.page\/pt\/product\/s-aco-cabeca-plana-phillips-parafusos-de-aglomerado-din-6112-mm-4x60-pack-6-pcs\/","title":{"rendered":"S\/a\u00e7o cabe\u00e7a plana phillips parafusos de aglomerado din 6112 mm 4&#215;60 pack 6 \/ pcs"},"content":{"rendered":"<p>S\/a\u00e7o cabe\u00e7a plana phillips parafusos de aglomerado din 6112 mm 4&#215;60 pack 6 \/ pcs &#8211; <\/p>\n<p>Parafusos de cabe\u00e7a chata Philips DIN 6112 A4 em a\u00e7o inoxid\u00e1vel para chapas de part\u00edculas. Em embalagens blister pr\u00e1ticas e elegantes.<\/p>\n","protected":false},"excerpt":{"rendered":"<p>S\/a\u00e7o cabe\u00e7a plana phillips parafusos de aglomerado din 6112 mm 4&#215;60 pack 6 \/ pcs &#8211; Parafusos de cabe\u00e7a chata<\/p>\n","protected":false},"featured_media":5947236,"comment_status":"closed","ping_status":"closed","template":"","meta":[],"product_brand":[3122],"product_cat":[2009],"product_tag":[],"class_list":{"0":"post-3700840","1":"product","2":"type-product","3":"status-publish","4":"has-post-thumbnail","6":"product_brand-marinetech-pt","7":"product_cat-parafusos-inox-din-6112","9":"first","10":"instock","11":"shipping-taxable","12":"purchasable","13":"product-type-simple"},"_links":{"self":[{"href":"https:\/\/stoic-curie.212-227-153-4.plesk.page\/pt\/wp-json\/wp\/v2\/product\/3700840","targetHints":{"allow":["GET"]}}],"collection":[{"href":"https:\/\/stoic-curie.212-227-153-4.plesk.page\/pt\/wp-json\/wp\/v2\/product"}],"about":[{"href":"https:\/\/stoic-curie.212-227-153-4.plesk.page\/pt\/wp-json\/wp\/v2\/types\/product"}],"replies":[{"embeddable":true,"href":"https:\/\/stoic-curie.212-227-153-4.plesk.page\/pt\/wp-json\/wp\/v2\/comments?post=3700840"}],"version-history":[{"count":0,"href":"https:\/\/stoic-curie.212-227-153-4.plesk.page\/pt\/wp-json\/wp\/v2\/product\/3700840\/revisions"}],"wp:featuredmedia":[{"embeddable":true,"href":"https:\/\/stoic-curie.212-227-153-4.plesk.page\/pt\/wp-json\/wp\/v2\/media\/5947236"}],"wp:attachment":[{"href":"https:\/\/stoic-curie.212-227-153-4.plesk.page\/pt\/wp-json\/wp\/v2\/media?parent=3700840"}],"wp:term":[{"taxonomy":"product_brand","embeddable":true,"href":"https:\/\/stoic-curie.212-227-153-4.plesk.page\/pt\/wp-json\/wp\/v2\/product_brand?post=3700840"},{"taxonomy":"product_cat","embeddable":true,"href":"https:\/\/stoic-curie.212-227-153-4.plesk.page\/pt\/wp-json\/wp\/v2\/product_cat?post=3700840"},{"taxonomy":"product_tag","embeddable":true,"href":"https:\/\/stoic-curie.212-227-153-4.plesk.page\/pt\/wp-json\/wp\/v2\/product_tag?post=3700840"}],"curies":[{"name":"wp","href":"https:\/\/api.w.org\/{rel}","templated":true}]}}