{"id":3700844,"date":"2025-10-13T14:24:32","date_gmt":"2025-10-13T18:24:32","guid":{"rendered":"https:\/\/stoic-curie.212-227-153-4.plesk.page\/product\/ecra-de-mosquito-para-portlight-g-type-325x178mm\/"},"modified":"2026-02-25T00:28:29","modified_gmt":"2026-02-25T00:28:29","slug":"ecra-de-mosquito-para-portlight-g-type-325x178mm","status":"publish","type":"product","link":"https:\/\/stoic-curie.212-227-153-4.plesk.page\/pt\/product\/ecra-de-mosquito-para-portlight-g-type-325x178mm\/","title":{"rendered":"Ecr\u00e3 de mosquito para Portlight G-Type 325x178mm"},"content":{"rendered":"<p>Ecr\u00e3 de mosquito para Portlight G-Type 325x178mm &#8211; <\/p>\n<p>Portlight de alum\u00ednio anodizado do tipo Goiot com vidro acr\u00edlico imperme\u00e1vel, constru\u00e7\u00e3o fundida e junta de veda\u00e7\u00e3o dupla. Grande faixa de vis\u00e3o gra\u00e7as \u00e0 al\u00e7a plana. Espessura m\u00e1xima do painel 27 mm.<\/p>\n","protected":false},"excerpt":{"rendered":"<p>Ecr\u00e3 de mosquito para Portlight G-Type 325x178mm &#8211; Portlight de alum\u00ednio anodizado do tipo Goiot com vidro acr\u00edlico imperme\u00e1vel, constru\u00e7\u00e3o<\/p>\n","protected":false},"featured_media":5948820,"comment_status":"closed","ping_status":"closed","template":"","meta":[],"product_brand":[2857],"product_cat":[1989],"product_tag":[],"class_list":{"0":"post-3700844","1":"product","2":"type-product","3":"status-publish","4":"has-post-thumbnail","6":"product_brand-can-marine-pt","7":"product_cat-escotilhas","9":"first","10":"instock","11":"shipping-taxable","12":"purchasable","13":"product-type-simple"},"_links":{"self":[{"href":"https:\/\/stoic-curie.212-227-153-4.plesk.page\/pt\/wp-json\/wp\/v2\/product\/3700844","targetHints":{"allow":["GET"]}}],"collection":[{"href":"https:\/\/stoic-curie.212-227-153-4.plesk.page\/pt\/wp-json\/wp\/v2\/product"}],"about":[{"href":"https:\/\/stoic-curie.212-227-153-4.plesk.page\/pt\/wp-json\/wp\/v2\/types\/product"}],"replies":[{"embeddable":true,"href":"https:\/\/stoic-curie.212-227-153-4.plesk.page\/pt\/wp-json\/wp\/v2\/comments?post=3700844"}],"version-history":[{"count":0,"href":"https:\/\/stoic-curie.212-227-153-4.plesk.page\/pt\/wp-json\/wp\/v2\/product\/3700844\/revisions"}],"wp:featuredmedia":[{"embeddable":true,"href":"https:\/\/stoic-curie.212-227-153-4.plesk.page\/pt\/wp-json\/wp\/v2\/media\/5948820"}],"wp:attachment":[{"href":"https:\/\/stoic-curie.212-227-153-4.plesk.page\/pt\/wp-json\/wp\/v2\/media?parent=3700844"}],"wp:term":[{"taxonomy":"product_brand","embeddable":true,"href":"https:\/\/stoic-curie.212-227-153-4.plesk.page\/pt\/wp-json\/wp\/v2\/product_brand?post=3700844"},{"taxonomy":"product_cat","embeddable":true,"href":"https:\/\/stoic-curie.212-227-153-4.plesk.page\/pt\/wp-json\/wp\/v2\/product_cat?post=3700844"},{"taxonomy":"product_tag","embeddable":true,"href":"https:\/\/stoic-curie.212-227-153-4.plesk.page\/pt\/wp-json\/wp\/v2\/product_tag?post=3700844"}],"curies":[{"name":"wp","href":"https:\/\/api.w.org\/{rel}","templated":true}]}}