{"id":3700858,"date":"2025-10-13T14:24:35","date_gmt":"2025-10-13T18:24:35","guid":{"rendered":"https:\/\/stoic-curie.212-227-153-4.plesk.page\/product\/bennett-cabo-eletrico-sobressalente-6mt\/"},"modified":"2026-02-25T00:28:29","modified_gmt":"2026-02-25T00:28:29","slug":"bennett-cabo-eletrico-sobressalente-6mt","status":"publish","type":"product","link":"https:\/\/stoic-curie.212-227-153-4.plesk.page\/pt\/product\/bennett-cabo-eletrico-sobressalente-6mt\/","title":{"rendered":"Bennett Cabo el\u00e9trico sobressalente 6mt"},"content":{"rendered":"<p>Bennett Cabo el\u00e9trico sobressalente 6mt &#8211; <\/p>\n<p>Pe\u00e7as de reposi\u00e7\u00e3o do kit de trim eletro-hidr\u00e1ulico Bennett.<\/p>\n","protected":false},"excerpt":{"rendered":"<p>Bennett Cabo el\u00e9trico sobressalente 6mt &#8211; Pe\u00e7as de reposi\u00e7\u00e3o do kit de trim eletro-hidr\u00e1ulico Bennett.<\/p>\n","protected":false},"featured_media":5948894,"comment_status":"closed","ping_status":"closed","template":"","meta":[],"product_brand":[2822],"product_cat":[2093],"product_tag":[],"class_list":{"0":"post-3700858","1":"product","2":"type-product","3":"status-publish","4":"has-post-thumbnail","6":"product_brand-bennett-marine-pt","7":"product_cat-estabilizadores","9":"first","10":"instock","11":"shipping-taxable","12":"purchasable","13":"product-type-simple"},"_links":{"self":[{"href":"https:\/\/stoic-curie.212-227-153-4.plesk.page\/pt\/wp-json\/wp\/v2\/product\/3700858","targetHints":{"allow":["GET"]}}],"collection":[{"href":"https:\/\/stoic-curie.212-227-153-4.plesk.page\/pt\/wp-json\/wp\/v2\/product"}],"about":[{"href":"https:\/\/stoic-curie.212-227-153-4.plesk.page\/pt\/wp-json\/wp\/v2\/types\/product"}],"replies":[{"embeddable":true,"href":"https:\/\/stoic-curie.212-227-153-4.plesk.page\/pt\/wp-json\/wp\/v2\/comments?post=3700858"}],"version-history":[{"count":0,"href":"https:\/\/stoic-curie.212-227-153-4.plesk.page\/pt\/wp-json\/wp\/v2\/product\/3700858\/revisions"}],"wp:featuredmedia":[{"embeddable":true,"href":"https:\/\/stoic-curie.212-227-153-4.plesk.page\/pt\/wp-json\/wp\/v2\/media\/5948894"}],"wp:attachment":[{"href":"https:\/\/stoic-curie.212-227-153-4.plesk.page\/pt\/wp-json\/wp\/v2\/media?parent=3700858"}],"wp:term":[{"taxonomy":"product_brand","embeddable":true,"href":"https:\/\/stoic-curie.212-227-153-4.plesk.page\/pt\/wp-json\/wp\/v2\/product_brand?post=3700858"},{"taxonomy":"product_cat","embeddable":true,"href":"https:\/\/stoic-curie.212-227-153-4.plesk.page\/pt\/wp-json\/wp\/v2\/product_cat?post=3700858"},{"taxonomy":"product_tag","embeddable":true,"href":"https:\/\/stoic-curie.212-227-153-4.plesk.page\/pt\/wp-json\/wp\/v2\/product_tag?post=3700858"}],"curies":[{"name":"wp","href":"https:\/\/api.w.org\/{rel}","templated":true}]}}