{"id":3700860,"date":"2025-10-13T14:24:36","date_gmt":"2025-10-13T18:24:36","guid":{"rendered":"https:\/\/stoic-curie.212-227-153-4.plesk.page\/product\/torggler-sitol-preto-290-ml\/"},"modified":"2026-02-25T00:28:29","modified_gmt":"2026-02-25T00:28:29","slug":"torggler-sitol-preto-290-ml","status":"publish","type":"product","link":"https:\/\/stoic-curie.212-227-153-4.plesk.page\/pt\/product\/torggler-sitol-preto-290-ml\/","title":{"rendered":"Torggler sitol Preto 290 ml"},"content":{"rendered":"<p>Torggler sitol Preto 290 ml &#8211; <\/p>\n<p>Selante h\u00edbrido Torggler para calafeta\u00e7\u00e3o de teca.<br \/>\u2022 Adere a qualquer superf\u00edcie lisa ou porosa, mesmo \u00famida.<br \/>\u2022 Lix\u00e1vel, constantemente el\u00e1stico, n\u00e3o encolhe.<br \/>\u2022 Resistente a raios UV, ambientes salinos e agentes qu\u00edmicos.<br \/>\u2022 Livre de solventes e isocianatos, n\u00e3o requer treinamento de acordo com o regulamento CE1907\/2006.<\/p>\n","protected":false},"excerpt":{"rendered":"<p>Torggler sitol Preto 290 ml &#8211; Selante h\u00edbrido Torggler para calafeta\u00e7\u00e3o de teca.\u2022 Adere a qualquer superf\u00edcie lisa ou porosa,<\/p>\n","protected":false},"featured_media":5948904,"comment_status":"closed","ping_status":"closed","template":"","meta":[],"product_brand":[3237],"product_cat":[1924],"product_tag":[],"class_list":{"0":"post-3700860","1":"product","2":"type-product","3":"status-publish","4":"has-post-thumbnail","6":"product_brand-osculati-pt","7":"product_cat-adesivos-e-selantes","9":"first","10":"instock","11":"shipping-taxable","12":"purchasable","13":"product-type-simple"},"_links":{"self":[{"href":"https:\/\/stoic-curie.212-227-153-4.plesk.page\/pt\/wp-json\/wp\/v2\/product\/3700860","targetHints":{"allow":["GET"]}}],"collection":[{"href":"https:\/\/stoic-curie.212-227-153-4.plesk.page\/pt\/wp-json\/wp\/v2\/product"}],"about":[{"href":"https:\/\/stoic-curie.212-227-153-4.plesk.page\/pt\/wp-json\/wp\/v2\/types\/product"}],"replies":[{"embeddable":true,"href":"https:\/\/stoic-curie.212-227-153-4.plesk.page\/pt\/wp-json\/wp\/v2\/comments?post=3700860"}],"version-history":[{"count":0,"href":"https:\/\/stoic-curie.212-227-153-4.plesk.page\/pt\/wp-json\/wp\/v2\/product\/3700860\/revisions"}],"wp:featuredmedia":[{"embeddable":true,"href":"https:\/\/stoic-curie.212-227-153-4.plesk.page\/pt\/wp-json\/wp\/v2\/media\/5948904"}],"wp:attachment":[{"href":"https:\/\/stoic-curie.212-227-153-4.plesk.page\/pt\/wp-json\/wp\/v2\/media?parent=3700860"}],"wp:term":[{"taxonomy":"product_brand","embeddable":true,"href":"https:\/\/stoic-curie.212-227-153-4.plesk.page\/pt\/wp-json\/wp\/v2\/product_brand?post=3700860"},{"taxonomy":"product_cat","embeddable":true,"href":"https:\/\/stoic-curie.212-227-153-4.plesk.page\/pt\/wp-json\/wp\/v2\/product_cat?post=3700860"},{"taxonomy":"product_tag","embeddable":true,"href":"https:\/\/stoic-curie.212-227-153-4.plesk.page\/pt\/wp-json\/wp\/v2\/product_tag?post=3700860"}],"curies":[{"name":"wp","href":"https:\/\/api.w.org\/{rel}","templated":true}]}}