{"id":3700861,"date":"2025-10-13T14:24:36","date_gmt":"2025-10-13T18:24:36","guid":{"rendered":"https:\/\/stoic-curie.212-227-153-4.plesk.page\/product\/fita-waterline-preta-20mm-x-25mt\/"},"modified":"2026-02-25T00:28:29","modified_gmt":"2026-02-25T00:28:29","slug":"fita-waterline-preta-20mm-x-25mt","status":"publish","type":"product","link":"https:\/\/stoic-curie.212-227-153-4.plesk.page\/pt\/product\/fita-waterline-preta-20mm-x-25mt\/","title":{"rendered":"Fita Waterline Preta 20mm x 25mt"},"content":{"rendered":"<p>Fita Waterline Preta 20mm x 25mt &#8211; <\/p>\n<p>Raios de vinil estabilizado de qualidade superior com adesivo auto-adesivo para linhas de \u00e1gua. Resistente a mudan\u00e7as de temperatura, raios UV e ao tempo. Fabricado com um filme protetor f\u00e1cil de remover para uma aplica\u00e7\u00e3o simples.<\/p>\n","protected":false},"excerpt":{"rendered":"<p>Fita Waterline Preta 20mm x 25mt &#8211; Raios de vinil estabilizado de qualidade superior com adesivo auto-adesivo para linhas de<\/p>\n","protected":false},"featured_media":5948639,"comment_status":"closed","ping_status":"closed","template":"","meta":[],"product_brand":[3237],"product_cat":[1925],"product_tag":[],"class_list":{"0":"post-3700861","1":"product","2":"type-product","3":"status-publish","4":"has-post-thumbnail","6":"product_brand-osculati-pt","7":"product_cat-fita-adesiva-linha-de-agua","9":"first","10":"instock","11":"shipping-taxable","12":"purchasable","13":"product-type-simple"},"_links":{"self":[{"href":"https:\/\/stoic-curie.212-227-153-4.plesk.page\/pt\/wp-json\/wp\/v2\/product\/3700861","targetHints":{"allow":["GET"]}}],"collection":[{"href":"https:\/\/stoic-curie.212-227-153-4.plesk.page\/pt\/wp-json\/wp\/v2\/product"}],"about":[{"href":"https:\/\/stoic-curie.212-227-153-4.plesk.page\/pt\/wp-json\/wp\/v2\/types\/product"}],"replies":[{"embeddable":true,"href":"https:\/\/stoic-curie.212-227-153-4.plesk.page\/pt\/wp-json\/wp\/v2\/comments?post=3700861"}],"version-history":[{"count":0,"href":"https:\/\/stoic-curie.212-227-153-4.plesk.page\/pt\/wp-json\/wp\/v2\/product\/3700861\/revisions"}],"wp:featuredmedia":[{"embeddable":true,"href":"https:\/\/stoic-curie.212-227-153-4.plesk.page\/pt\/wp-json\/wp\/v2\/media\/5948639"}],"wp:attachment":[{"href":"https:\/\/stoic-curie.212-227-153-4.plesk.page\/pt\/wp-json\/wp\/v2\/media?parent=3700861"}],"wp:term":[{"taxonomy":"product_brand","embeddable":true,"href":"https:\/\/stoic-curie.212-227-153-4.plesk.page\/pt\/wp-json\/wp\/v2\/product_brand?post=3700861"},{"taxonomy":"product_cat","embeddable":true,"href":"https:\/\/stoic-curie.212-227-153-4.plesk.page\/pt\/wp-json\/wp\/v2\/product_cat?post=3700861"},{"taxonomy":"product_tag","embeddable":true,"href":"https:\/\/stoic-curie.212-227-153-4.plesk.page\/pt\/wp-json\/wp\/v2\/product_tag?post=3700861"}],"curies":[{"name":"wp","href":"https:\/\/api.w.org\/{rel}","templated":true}]}}