{"id":3700866,"date":"2025-10-13T14:24:37","date_gmt":"2025-10-13T18:24:37","guid":{"rendered":"https:\/\/stoic-curie.212-227-153-4.plesk.page\/product\/torggler-domus-selante-bege-310-ml\/"},"modified":"2026-02-25T00:28:29","modified_gmt":"2026-02-25T00:28:29","slug":"torggler-domus-selante-bege-310-ml","status":"publish","type":"product","link":"https:\/\/stoic-curie.212-227-153-4.plesk.page\/pt\/product\/torggler-domus-selante-bege-310-ml\/","title":{"rendered":"Torggler domus selante Bege 310 ml"},"content":{"rendered":"<p>Torggler domus selante Bege 310 ml &#8211; <\/p>\n<p>Selante de silicone de cura neutra e baixo m\u00f3dulo de elasticidade da Torggler nas tonalidades crom\u00e1ticas mais utilizadas no setor n\u00e1utico. <br \/>\u2022 Resistente a mofo <br \/>\u2022 Resistente a raios UV e ambientes salgados <br \/>\u2022 Certifica\u00e7\u00e3o para aplica\u00e7\u00f5es de acordo com a regulamenta\u00e7\u00e3o EN15651-1\/2\/3<\/p>\n","protected":false},"excerpt":{"rendered":"<p>Torggler domus selante Bege 310 ml &#8211; Selante de silicone de cura neutra e baixo m\u00f3dulo de elasticidade da Torggler<\/p>\n","protected":false},"featured_media":5948925,"comment_status":"closed","ping_status":"closed","template":"","meta":[],"product_brand":[3237],"product_cat":[1924],"product_tag":[],"class_list":{"0":"post-3700866","1":"product","2":"type-product","3":"status-publish","4":"has-post-thumbnail","6":"product_brand-osculati-pt","7":"product_cat-adesivos-e-selantes","9":"first","10":"instock","11":"shipping-taxable","12":"purchasable","13":"product-type-simple"},"_links":{"self":[{"href":"https:\/\/stoic-curie.212-227-153-4.plesk.page\/pt\/wp-json\/wp\/v2\/product\/3700866","targetHints":{"allow":["GET"]}}],"collection":[{"href":"https:\/\/stoic-curie.212-227-153-4.plesk.page\/pt\/wp-json\/wp\/v2\/product"}],"about":[{"href":"https:\/\/stoic-curie.212-227-153-4.plesk.page\/pt\/wp-json\/wp\/v2\/types\/product"}],"replies":[{"embeddable":true,"href":"https:\/\/stoic-curie.212-227-153-4.plesk.page\/pt\/wp-json\/wp\/v2\/comments?post=3700866"}],"version-history":[{"count":0,"href":"https:\/\/stoic-curie.212-227-153-4.plesk.page\/pt\/wp-json\/wp\/v2\/product\/3700866\/revisions"}],"wp:featuredmedia":[{"embeddable":true,"href":"https:\/\/stoic-curie.212-227-153-4.plesk.page\/pt\/wp-json\/wp\/v2\/media\/5948925"}],"wp:attachment":[{"href":"https:\/\/stoic-curie.212-227-153-4.plesk.page\/pt\/wp-json\/wp\/v2\/media?parent=3700866"}],"wp:term":[{"taxonomy":"product_brand","embeddable":true,"href":"https:\/\/stoic-curie.212-227-153-4.plesk.page\/pt\/wp-json\/wp\/v2\/product_brand?post=3700866"},{"taxonomy":"product_cat","embeddable":true,"href":"https:\/\/stoic-curie.212-227-153-4.plesk.page\/pt\/wp-json\/wp\/v2\/product_cat?post=3700866"},{"taxonomy":"product_tag","embeddable":true,"href":"https:\/\/stoic-curie.212-227-153-4.plesk.page\/pt\/wp-json\/wp\/v2\/product_tag?post=3700866"}],"curies":[{"name":"wp","href":"https:\/\/api.w.org\/{rel}","templated":true}]}}