{"id":3700868,"date":"2025-10-13T14:24:38","date_gmt":"2025-10-13T18:24:38","guid":{"rendered":"https:\/\/stoic-curie.212-227-153-4.plesk.page\/product\/terminal-para-qbe-h65\/"},"modified":"2026-02-25T00:28:29","modified_gmt":"2026-02-25T00:28:29","slug":"terminal-para-qbe-h65","status":"publish","type":"product","link":"https:\/\/stoic-curie.212-227-153-4.plesk.page\/pt\/product\/terminal-para-qbe-h65\/","title":{"rendered":"Terminal para QBE H65"},"content":{"rendered":"<p>Terminal para QBE H65 &#8211; <\/p>\n<p>O perfil de prote\u00e7\u00e3o de design contempor\u00e2neo \u00e9 ideal para uso intenso em qualquer barco de trabalho ou profissional. Foi projetado para absorver grandes impactos enquanto mant\u00e9m uma estrutura leve e uma f\u00e1cil instala\u00e7\u00e3o com uma base fixa, barra de a\u00e7o inoxid\u00e1vel pr\u00e9-perfurada e perfil de crista de press\u00e3o. \u00c9 adequado para qualquer casco com acoplamento liso, em caixa ou plano.<\/p>\n","protected":false},"excerpt":{"rendered":"<p>Terminal para QBE H65 &#8211; O perfil de prote\u00e7\u00e3o de design contempor\u00e2neo \u00e9 ideal para uso intenso em qualquer barco<\/p>\n","protected":false},"featured_media":5948810,"comment_status":"closed","ping_status":"closed","template":"","meta":[],"product_brand":[3482],"product_cat":[2139],"product_tag":[],"class_list":{"0":"post-3700868","1":"product","2":"type-product","3":"status-publish","4":"has-post-thumbnail","6":"product_brand-tessilmare-pt","7":"product_cat-batentes-de-defensas","9":"first","10":"instock","11":"shipping-taxable","12":"purchasable","13":"product-type-simple"},"_links":{"self":[{"href":"https:\/\/stoic-curie.212-227-153-4.plesk.page\/pt\/wp-json\/wp\/v2\/product\/3700868","targetHints":{"allow":["GET"]}}],"collection":[{"href":"https:\/\/stoic-curie.212-227-153-4.plesk.page\/pt\/wp-json\/wp\/v2\/product"}],"about":[{"href":"https:\/\/stoic-curie.212-227-153-4.plesk.page\/pt\/wp-json\/wp\/v2\/types\/product"}],"replies":[{"embeddable":true,"href":"https:\/\/stoic-curie.212-227-153-4.plesk.page\/pt\/wp-json\/wp\/v2\/comments?post=3700868"}],"version-history":[{"count":0,"href":"https:\/\/stoic-curie.212-227-153-4.plesk.page\/pt\/wp-json\/wp\/v2\/product\/3700868\/revisions"}],"wp:featuredmedia":[{"embeddable":true,"href":"https:\/\/stoic-curie.212-227-153-4.plesk.page\/pt\/wp-json\/wp\/v2\/media\/5948810"}],"wp:attachment":[{"href":"https:\/\/stoic-curie.212-227-153-4.plesk.page\/pt\/wp-json\/wp\/v2\/media?parent=3700868"}],"wp:term":[{"taxonomy":"product_brand","embeddable":true,"href":"https:\/\/stoic-curie.212-227-153-4.plesk.page\/pt\/wp-json\/wp\/v2\/product_brand?post=3700868"},{"taxonomy":"product_cat","embeddable":true,"href":"https:\/\/stoic-curie.212-227-153-4.plesk.page\/pt\/wp-json\/wp\/v2\/product_cat?post=3700868"},{"taxonomy":"product_tag","embeddable":true,"href":"https:\/\/stoic-curie.212-227-153-4.plesk.page\/pt\/wp-json\/wp\/v2\/product_tag?post=3700868"}],"curies":[{"name":"wp","href":"https:\/\/api.w.org\/{rel}","templated":true}]}}