{"id":3700873,"date":"2025-10-13T14:24:39","date_gmt":"2025-10-13T18:24:39","guid":{"rendered":"https:\/\/stoic-curie.212-227-153-4.plesk.page\/product\/helice-para-yamaha-7-1-2-x-8\/"},"modified":"2026-02-25T00:28:29","modified_gmt":"2026-02-25T00:28:29","slug":"helice-para-yamaha-7-1-2-x-8","status":"publish","type":"product","link":"https:\/\/stoic-curie.212-227-153-4.plesk.page\/pt\/product\/helice-para-yamaha-7-1-2-x-8\/","title":{"rendered":"H\u00e9lice para Yamaha 7 1\/2 x 8"},"content":{"rendered":"<p>H\u00e9lice para Yamaha 7 1\/2 x 8 &#8211; <\/p>\n<p>H\u00e9lices de alum\u00ednio Alice para motores de popa Yamaha.<br \/>Feitas de liga de alum\u00ednio-tit\u00e2nio aeroespacial.<br \/>Escaneamento a laser 3D para controle est\u00e1tico e din\u00e2mico.<br \/>Pintura a p\u00f3 rob\u00f3tica da AkzoNobel.<br \/>Alta efici\u00eancia e redu\u00e7\u00e3o do consumo gra\u00e7as \u00e0 curvatura perfeita das l\u00e2minas.<br \/>O kit de montagem deve ser encomendado separadamente, se necess\u00e1rio para substituir porcas, arruelas e espa\u00e7adores. Para motores de popa Yamaha:<br \/>2A\/B (na transmiss\u00e3o por pino)<br \/>F2.5A\/3A<br \/>4A\/5C\/F4A\/F5A<\/p>\n","protected":false},"excerpt":{"rendered":"<p>H\u00e9lice para Yamaha 7 1\/2 x 8 &#8211; H\u00e9lices de alum\u00ednio Alice para motores de popa Yamaha.Feitas de liga de<\/p>\n","protected":false},"featured_media":5949018,"comment_status":"closed","ping_status":"closed","template":"","meta":[],"product_brand":[3392],"product_cat":[2090,2118],"product_tag":[],"class_list":{"0":"post-3700873","1":"product","2":"type-product","3":"status-publish","4":"has-post-thumbnail","6":"product_brand-sierra-marine-pt","7":"product_cat-helices-para-motores-fora-de-bordo","8":"product_cat-pecas-para-motores-fora-de-bordo-yamaha","10":"first","11":"instock","12":"shipping-taxable","13":"purchasable","14":"product-type-simple"},"_links":{"self":[{"href":"https:\/\/stoic-curie.212-227-153-4.plesk.page\/pt\/wp-json\/wp\/v2\/product\/3700873","targetHints":{"allow":["GET"]}}],"collection":[{"href":"https:\/\/stoic-curie.212-227-153-4.plesk.page\/pt\/wp-json\/wp\/v2\/product"}],"about":[{"href":"https:\/\/stoic-curie.212-227-153-4.plesk.page\/pt\/wp-json\/wp\/v2\/types\/product"}],"replies":[{"embeddable":true,"href":"https:\/\/stoic-curie.212-227-153-4.plesk.page\/pt\/wp-json\/wp\/v2\/comments?post=3700873"}],"version-history":[{"count":0,"href":"https:\/\/stoic-curie.212-227-153-4.plesk.page\/pt\/wp-json\/wp\/v2\/product\/3700873\/revisions"}],"wp:featuredmedia":[{"embeddable":true,"href":"https:\/\/stoic-curie.212-227-153-4.plesk.page\/pt\/wp-json\/wp\/v2\/media\/5949018"}],"wp:attachment":[{"href":"https:\/\/stoic-curie.212-227-153-4.plesk.page\/pt\/wp-json\/wp\/v2\/media?parent=3700873"}],"wp:term":[{"taxonomy":"product_brand","embeddable":true,"href":"https:\/\/stoic-curie.212-227-153-4.plesk.page\/pt\/wp-json\/wp\/v2\/product_brand?post=3700873"},{"taxonomy":"product_cat","embeddable":true,"href":"https:\/\/stoic-curie.212-227-153-4.plesk.page\/pt\/wp-json\/wp\/v2\/product_cat?post=3700873"},{"taxonomy":"product_tag","embeddable":true,"href":"https:\/\/stoic-curie.212-227-153-4.plesk.page\/pt\/wp-json\/wp\/v2\/product_tag?post=3700873"}],"curies":[{"name":"wp","href":"https:\/\/api.w.org\/{rel}","templated":true}]}}