{"id":3700876,"date":"2025-10-13T14:24:45","date_gmt":"2025-10-13T18:24:45","guid":{"rendered":"https:\/\/stoic-curie.212-227-153-4.plesk.page\/product\/sidermarine-mk40-hibrido-para-1-a-4-toneladas\/"},"modified":"2026-02-25T00:28:30","modified_gmt":"2026-02-25T00:28:30","slug":"sidermarine-mk40-hibrido-para-1-a-4-toneladas","status":"publish","type":"product","link":"https:\/\/stoic-curie.212-227-153-4.plesk.page\/pt\/product\/sidermarine-mk40-hibrido-para-1-a-4-toneladas\/","title":{"rendered":"Sidermarine MK40 H\u00edbrido para 1 a 4 toneladas"},"content":{"rendered":"<p>Sidermarine MK40 H\u00edbrido para 1 a 4 toneladas &#8211; <\/p>\n<p style=\"color: rgb(34, 34, 34); font-family: Arial, Helvetica, sans-serif; font-size: small;\"><strong>Molha de Amarra\u00e7\u00e3o MK 40 H\u00edbrida<\/strong><\/p>\n<p style=\"color: rgb(34, 34, 34); font-family: Arial, Helvetica, sans-serif; font-size: small;\">A molha de amarra\u00e7\u00e3o MK H\u00edbrida incorpora absorvedores de choque patenteados, otimizados por elast\u00f4meros cil\u00edndricos. Esses elast\u00f4meros oferecem uma carga inercial alta e constante. Quando combinados com a mola\u2014dispon\u00edvel em configura\u00e7\u00f5es que variam de uma unidade central \u00fanica a quatro em cada extremidade\u2014eles aumentam a capacidade da mola de gerenciar tens\u00f5es substanciais. Este design inovador facilita um movimento gradual que se ajusta \u00e0s necessidades da embarca\u00e7\u00e3o.<\/p>\n<p style=\"color: rgb(34, 34, 34); font-family: Arial, Helvetica, sans-serif; font-size: small;\">As molhas de amarra\u00e7\u00e3o s\u00e3o projetadas especificamente para aliviar a tens\u00e3o nas linhas de amarra\u00e7\u00e3o. Elas representam a \u00fanica solu\u00e7\u00e3o eficaz para reduzir a oscila\u00e7\u00e3o de uma embarca\u00e7\u00e3o enquanto est\u00e1 ancorada, garantindo seguran\u00e7a ao atenuar efetivamente a tens\u00e3o nas linhas. Isso diminui significativamente as for\u00e7as exercidas sobre os bollards de popa, resultando em um ambiente mais est\u00e1vel e confort\u00e1vel para os usu\u00e1rios. A molha de amarra\u00e7\u00e3o MK 40 H\u00edbrida \u00e9 adequada para embarca\u00e7\u00f5es pesando entre 1 e 4 toneladas.<\/p>\n<p style=\"color: rgb(34, 34, 34); font-family: Arial, Helvetica, sans-serif; font-size: small;\">Caracter\u00edsticas not\u00e1veis incluem:<\/p>\n<ul style=\"color: rgb(34, 34, 34); font-family: Arial, Helvetica, sans-serif; font-size: small;\">\n<li>Carga inercial melhorada suportada por elast\u00f4meros<\/li>\n<li>For\u00e7a de amortecimento gradual<\/li>\n<li>Opera\u00e7\u00e3o silenciosa e resist\u00eancia ao estresse<\/li>\n<li>Componentes internos fabricados em a\u00e7o inoxid\u00e1vel 316 sem juntas soldadas<\/li>\n<li>Funcionalidade preservada em uma ampla faixa de temperatura (-20\u00b0 a +80\u00b0)<\/li>\n<\/ul>\n<p style=\"color: rgb(34, 34, 34); font-family: Arial, Helvetica, sans-serif; font-size: small;\">Especifica\u00e7\u00f5es:<\/p>\n<ul style=\"color: rgb(34, 34, 34); font-family: Arial, Helvetica, sans-serif; font-size: small;\">\n<li>Comprimento: 381 mm<\/li>\n<li>Peso: 1,96 kg (4,32 lb)<\/li>\n<li>Adequada para embarca\u00e7\u00f5es pesando de 1 a 4 toneladas.<\/li>\n<\/ul>\n","protected":false},"excerpt":{"rendered":"<p>Sidermarine MK40 H\u00edbrido para 1 a 4 toneladas &#8211; Molha de Amarra\u00e7\u00e3o MK 40 H\u00edbrida A molha de amarra\u00e7\u00e3o MK<\/p>\n","protected":false},"featured_media":5949200,"comment_status":"closed","ping_status":"closed","template":"","meta":[],"product_brand":[3387],"product_cat":[1911],"product_tag":[],"class_list":{"0":"post-3700876","1":"product","2":"type-product","3":"status-publish","4":"has-post-thumbnail","6":"product_brand-sidermarine-pt","7":"product_cat-amortecedores-de-amarracao","9":"first","10":"instock","11":"shipping-taxable","12":"purchasable","13":"product-type-simple"},"_links":{"self":[{"href":"https:\/\/stoic-curie.212-227-153-4.plesk.page\/pt\/wp-json\/wp\/v2\/product\/3700876","targetHints":{"allow":["GET"]}}],"collection":[{"href":"https:\/\/stoic-curie.212-227-153-4.plesk.page\/pt\/wp-json\/wp\/v2\/product"}],"about":[{"href":"https:\/\/stoic-curie.212-227-153-4.plesk.page\/pt\/wp-json\/wp\/v2\/types\/product"}],"replies":[{"embeddable":true,"href":"https:\/\/stoic-curie.212-227-153-4.plesk.page\/pt\/wp-json\/wp\/v2\/comments?post=3700876"}],"version-history":[{"count":0,"href":"https:\/\/stoic-curie.212-227-153-4.plesk.page\/pt\/wp-json\/wp\/v2\/product\/3700876\/revisions"}],"wp:featuredmedia":[{"embeddable":true,"href":"https:\/\/stoic-curie.212-227-153-4.plesk.page\/pt\/wp-json\/wp\/v2\/media\/5949200"}],"wp:attachment":[{"href":"https:\/\/stoic-curie.212-227-153-4.plesk.page\/pt\/wp-json\/wp\/v2\/media?parent=3700876"}],"wp:term":[{"taxonomy":"product_brand","embeddable":true,"href":"https:\/\/stoic-curie.212-227-153-4.plesk.page\/pt\/wp-json\/wp\/v2\/product_brand?post=3700876"},{"taxonomy":"product_cat","embeddable":true,"href":"https:\/\/stoic-curie.212-227-153-4.plesk.page\/pt\/wp-json\/wp\/v2\/product_cat?post=3700876"},{"taxonomy":"product_tag","embeddable":true,"href":"https:\/\/stoic-curie.212-227-153-4.plesk.page\/pt\/wp-json\/wp\/v2\/product_tag?post=3700876"}],"curies":[{"name":"wp","href":"https:\/\/api.w.org\/{rel}","templated":true}]}}