{"id":3700877,"date":"2025-10-13T14:24:45","date_gmt":"2025-10-13T18:24:45","guid":{"rendered":"https:\/\/stoic-curie.212-227-153-4.plesk.page\/product\/sidermarine-mk75-flex-para-150-a-300-toneladas\/"},"modified":"2026-02-25T00:28:30","modified_gmt":"2026-02-25T00:28:30","slug":"sidermarine-mk75-flex-para-150-a-300-toneladas","status":"publish","type":"product","link":"https:\/\/stoic-curie.212-227-153-4.plesk.page\/pt\/product\/sidermarine-mk75-flex-para-150-a-300-toneladas\/","title":{"rendered":"Sidermarine MK75 Flex para 150 a 300 toneladas"},"content":{"rendered":"<p>Sidermarine MK75 Flex para 150 a 300 toneladas &#8211; <\/p>\n<p style=\"color: rgb(34, 34, 34); font-family: Arial, Helvetica, sans-serif; font-size: small;\">O absorvedor de choque de atraca\u00e7\u00e3o MK75 FLEX \u00e9 projetado para embarca\u00e7\u00f5es com peso entre 150 e 300 toneladas. Seu exclusivo elast\u00f4mero central em forma de &#8220;CILINDRO&#8221; absorve efetivamente altas cargas, garantindo uma experi\u00eancia suave na \u00e1gua.<\/p>\n<p style=\"color: rgb(34, 34, 34); font-family: Arial, Helvetica, sans-serif; font-size: small;\">Principais caracter\u00edsticas incluem:<\/p>\n<ul style=\"color: rgb(34, 34, 34); font-family: Arial, Helvetica, sans-serif; font-size: small;\">\n<li>For\u00e7a de amortecimento progressiva para desempenho aprimorado<\/li>\n<li>Opera\u00e7\u00e3o silenciosa, reduzindo ru\u00eddo durante o uso<\/li>\n<li>Componentes internos feitos de a\u00e7o inoxid\u00e1vel AISI 316L, livres de partes soldadas<\/li>\n<li>Desempenho confi\u00e1vel em uma ampla faixa de temperatura, de -20\u00b0 a +80\u00b0<\/li>\n<\/ul>\n<p style=\"color: rgb(34, 34, 34); font-family: Arial, Helvetica, sans-serif; font-size: small;\">O absorvedor de choque MK75 FLEX patenteado \u00e9 especificamente projetado para embarca\u00e7\u00f5es pesadas, apresentando uma geometria de elast\u00f4mero central que pode suportar cargas significativas. Este design \u00e9 ideal para p\u00ederes e megaiates, proporcionando um acolchoamento excepcional para barcos de at\u00e9 300 toneladas.<\/p>\n<p style=\"color: rgb(34, 34, 34); font-family: Arial, Helvetica, sans-serif; font-size: small;\">Benef\u00edcios adicionais incluem:<\/p>\n<ul style=\"color: rgb(34, 34, 34); font-family: Arial, Helvetica, sans-serif; font-size: small;\">\n<li>Materiais de alta qualidade para durabilidade<\/li>\n<li>Opera\u00e7\u00e3o \u00fanica e silenciosa<\/li>\n<li>Excelente capacidade de acolchoamento modular<\/li>\n<li>F\u00e1cil manuten\u00e7\u00e3o, permitindo que os propriet\u00e1rios realizem a manuten\u00e7\u00e3o sem dificuldade<\/li>\n<\/ul>\n<p style=\"color: rgb(34, 34, 34); font-family: Arial, Helvetica, sans-serif; font-size: small;\">O MK75 FLEX opera efetivamente em temperaturas extremas, garantindo desempenho consistente, independentemente das condi\u00e7\u00f5es.<\/p>\n<p style=\"color: rgb(34, 34, 34); font-family: Arial, Helvetica, sans-serif; font-size: small;\">Especifica\u00e7\u00f5es:<\/p>\n<ul style=\"color: rgb(34, 34, 34); font-family: Arial, Helvetica, sans-serif; font-size: small;\">\n<li>Dimens\u00f5es: 108 x 474 mm (4,25 x 1,66 polegadas)<\/li>\n<li>Peso: 5,60 kg (12,35 lbs)<\/li>\n<li>Adequado para barcos pesando de 150 a 300 toneladas.<\/li>\n<\/ul>\n","protected":false},"excerpt":{"rendered":"<p>Sidermarine MK75 Flex para 150 a 300 toneladas &#8211; O absorvedor de choque de atraca\u00e7\u00e3o MK75 FLEX \u00e9 projetado para<\/p>\n","protected":false},"featured_media":5949201,"comment_status":"closed","ping_status":"closed","template":"","meta":[],"product_brand":[3387],"product_cat":[1911],"product_tag":[],"class_list":{"0":"post-3700877","1":"product","2":"type-product","3":"status-publish","4":"has-post-thumbnail","6":"product_brand-sidermarine-pt","7":"product_cat-amortecedores-de-amarracao","9":"first","10":"instock","11":"shipping-taxable","12":"purchasable","13":"product-type-simple"},"_links":{"self":[{"href":"https:\/\/stoic-curie.212-227-153-4.plesk.page\/pt\/wp-json\/wp\/v2\/product\/3700877","targetHints":{"allow":["GET"]}}],"collection":[{"href":"https:\/\/stoic-curie.212-227-153-4.plesk.page\/pt\/wp-json\/wp\/v2\/product"}],"about":[{"href":"https:\/\/stoic-curie.212-227-153-4.plesk.page\/pt\/wp-json\/wp\/v2\/types\/product"}],"replies":[{"embeddable":true,"href":"https:\/\/stoic-curie.212-227-153-4.plesk.page\/pt\/wp-json\/wp\/v2\/comments?post=3700877"}],"version-history":[{"count":0,"href":"https:\/\/stoic-curie.212-227-153-4.plesk.page\/pt\/wp-json\/wp\/v2\/product\/3700877\/revisions"}],"wp:featuredmedia":[{"embeddable":true,"href":"https:\/\/stoic-curie.212-227-153-4.plesk.page\/pt\/wp-json\/wp\/v2\/media\/5949201"}],"wp:attachment":[{"href":"https:\/\/stoic-curie.212-227-153-4.plesk.page\/pt\/wp-json\/wp\/v2\/media?parent=3700877"}],"wp:term":[{"taxonomy":"product_brand","embeddable":true,"href":"https:\/\/stoic-curie.212-227-153-4.plesk.page\/pt\/wp-json\/wp\/v2\/product_brand?post=3700877"},{"taxonomy":"product_cat","embeddable":true,"href":"https:\/\/stoic-curie.212-227-153-4.plesk.page\/pt\/wp-json\/wp\/v2\/product_cat?post=3700877"},{"taxonomy":"product_tag","embeddable":true,"href":"https:\/\/stoic-curie.212-227-153-4.plesk.page\/pt\/wp-json\/wp\/v2\/product_tag?post=3700877"}],"curies":[{"name":"wp","href":"https:\/\/api.w.org\/{rel}","templated":true}]}}