{"id":3700883,"date":"2025-10-13T14:24:46","date_gmt":"2025-10-13T18:24:46","guid":{"rendered":"https:\/\/stoic-curie.212-227-153-4.plesk.page\/product\/bomba-de-embreagem-eletromagnetica-tellarini-ife-30-24\/"},"modified":"2026-02-25T00:28:30","modified_gmt":"2026-02-25T00:28:30","slug":"bomba-de-embreagem-eletromagnetica-tellarini-ife-30-24","status":"publish","type":"product","link":"https:\/\/stoic-curie.212-227-153-4.plesk.page\/pt\/product\/bomba-de-embreagem-eletromagnetica-tellarini-ife-30-24\/","title":{"rendered":"Bomba de Embreagem Eletromagn\u00e9tica Tellarini IFE 30-24"},"content":{"rendered":"<p>Bomba de Embreagem Eletromagn\u00e9tica Tellarini IFE 30-24 &#8211; <\/p>\n<p style=\"color: rgb(34, 34, 34); font-family: Arial, Helvetica, sans-serif; font-size: small;\">Esta bomba \u00e9 equipada com um impulsor de lat\u00e3o e um eixo de a\u00e7o inoxid\u00e1vel, apresentando um embreagem eletromagn\u00e9tica. Ela opera a uma velocidade m\u00e1xima de 2900 RPM e \u00e9 capaz de alcan\u00e7ar uma altura de 65 metros a 1400 RPM.<\/p>\n<p style=\"color: rgb(34, 34, 34); font-family: Arial, Helvetica, sans-serif; font-size: small;\">Projetada para aplica\u00e7\u00f5es em \u00e1gua doce e salgada, esta bomba se destaca na suc\u00e7\u00e3o e transfer\u00eancia de l\u00edquidos. Sua robusta capacidade de auto-primagem permite opera\u00e7\u00e3o mesmo quando o fornecimento de l\u00edquido \u00e9 intermitente, e oferece a versatilidade de fluxo revers\u00edvel. A s\u00e9rie IFE \u00e9 constru\u00edda em lat\u00e3o CB754S e inclui um eixo de a\u00e7o inoxid\u00e1vel. O modelo \u00e9 fornecido com um suporte e polia para acoplamento perfeito com o motor. A embreagem eletromagn\u00e9tica, situada entre a polia e o eixo, facilita o controle remoto do engate e desengate da bomba por meio de um simples interruptor. \u00c9 imperativo verificar a compatibilidade e selecionar juntas apropriadas para cada aplica\u00e7\u00e3o espec\u00edfica.<\/p>\n<p style=\"color: rgb(34, 34, 34); font-family: Arial, Helvetica, sans-serif; font-size: small;\"><strong>Aplica\u00e7\u00f5es Ideais:<\/strong><\/p>\n<ul style=\"color: rgb(34, 34, 34); font-family: Arial, Helvetica, sans-serif; font-size: small;\">\n<li><strong>Nautical:<\/strong> Bombas de por\u00e3o, servi\u00e7o, refrigera\u00e7\u00e3o, lavagem e aplica\u00e7\u00f5es em \u00e1gua do mar.<\/li>\n<li><strong> Agricultura:<\/strong> Fungicidas, fertilizantes l\u00edquidos, componentes de m\u00e1quinas agr\u00edcolas e irriga\u00e7\u00e3o.<\/li>\n<li><strong>Transporte:<\/strong> Tanques, m\u00e1quinas rodovi\u00e1rias e sistemas de \u00e1gua a bordo.<\/li>\n<\/ul>\n<p style=\"color: rgb(34, 34, 34); font-family: Arial, Helvetica, sans-serif; font-size: small;\"><strong>Especifica\u00e7\u00f5es Hidr\u00e1ulicas:<\/strong><\/p>\n<ul style=\"color: rgb(34, 34, 34); font-family: Arial, Helvetica, sans-serif; font-size: small;\">\n<li>Capacidade M\u00e1xima: 166 litros por minuto<\/li>\n<li>Altura M\u00e1xima: 65 metros<\/li>\n<li>Veda\u00e7\u00e3o do Eixo: Sim<\/li>\n<li>Altura M\u00e1xima de Auto-Primagem: 6 metros<\/li>\n<li>Portas Rosqueadas: 1&#8243;\u00bd<\/li>\n<li>Densidade M\u00e1xima do L\u00edquido: 1,1 g\/cm\u00b3 (livre de part\u00edculas s\u00f3lidas)<\/li>\n<li>Temperatura M\u00e1xima: 90\u00b0C<\/li>\n<li>N\u00e3o adequado para l\u00edquidos agressivos que possam danificar os materiais e as juntas da bomba (consulte as especifica\u00e7\u00f5es t\u00e9cnicas).<\/li>\n<li>N\u00e3o destinado ao transporte de gasolina, solventes ou em ambientes com riscos de explos\u00e3o e inc\u00eandio.<\/li>\n<li>Capacidade de fluxo de bombeamento revers\u00edvel.<\/li>\n<li>Inclui um par de conectores de mangueira de lat\u00e3o para tubos de 30 mm (um reto e um curvado).<\/li>\n<li>Pode operar por curtos per\u00edodos com tubos fechados.<\/li>\n<li>A bomba deve ser preenchida com l\u00edquido durante a instala\u00e7\u00e3o; este passo n\u00e3o \u00e9 necess\u00e1rio em seguida.<\/li>\n<\/ul>\n<p style=\"color: rgb(34, 34, 34); font-family: Arial, Helvetica, sans-serif; font-size: small;\"><strong>Especifica\u00e7\u00f5es T\u00e9cnicas:<\/strong><\/p>\n<ul style=\"color: rgb(34, 34, 34); font-family: Arial, Helvetica, sans-serif; font-size: small;\">\n<li>Preparada para conex\u00e3o via polia 2A148.<\/li>\n<li>Possui uma embreagem eletromagn\u00e9tica de 12V DC entre a polia e o eixo para controle remoto do engate e desengate da bomba.<\/li>\n<\/ul>\n<p style=\"color: rgb(34, 34, 34); font-family: Arial, Helvetica, sans-serif; font-size: small;\"><strong>Materiais:<\/strong><\/p>\n<ul style=\"color: rgb(34, 34, 34); font-family: Arial, Helvetica, sans-serif; font-size: small;\">\n<li>Partes da Bomba: Lat\u00e3o<\/li>\n<li>Eixo: AISI 304<\/li>\n<li>Impulsor: Lat\u00e3o<\/li>\n<li>Juntas: NBR<\/li>\n<\/ul>\n<p style=\"color: rgb(34, 34, 34); font-family: Arial, Helvetica, sans-serif; font-size: small;\"><strong>Caracter\u00edsticas da Bomba:<\/strong><\/p>\n<ul style=\"color: rgb(34, 34, 34); font-family: Arial, Helvetica, sans-serif; font-size: small;\">\n<li>Portas: 1&#8243;\u00bd<\/li>\n<li>Di\u00e2metro da Conex\u00e3o da Mangueira: 30 mm<\/li>\n<li>Capacidade de Auto-Primagem: 6 m<\/li>\n<li>Taxa M\u00e1xima de Fluxo: 166 litros por minuto<\/li>\n<li>Altura M\u00e1xima: 65 m<\/li>\n<\/ul>\n<p style=\"color: rgb(34, 34, 34); font-family: Arial, Helvetica, sans-serif; font-size: small;\"><strong>Dimens\u00f5es Totais:<\/strong><\/p>\n<ul style=\"color: rgb(34, 34, 34); font-family: Arial, Helvetica, sans-serif; font-size: small;\">\n<li>Largura: 304 mm<\/li>\n<li>Comprimento: 158 mm<\/li>\n<li>Altura: 180 mm<\/li>\n<li>Peso: 11,3 kg<\/li>\n<li><\/li>\n<\/ul>\n","protected":false},"excerpt":{"rendered":"<p>Bomba de Embreagem Eletromagn\u00e9tica Tellarini IFE 30-24 &#8211; Esta bomba \u00e9 equipada com um impulsor de lat\u00e3o e um eixo<\/p>\n","protected":false},"featured_media":5946619,"comment_status":"closed","ping_status":"closed","template":"","meta":[],"product_brand":[2977],"product_cat":[2096],"product_tag":[],"class_list":{"0":"post-3700883","1":"product","2":"type-product","3":"status-publish","4":"has-post-thumbnail","6":"product_brand-gianneschi-pt","7":"product_cat-bombas-de-arrefecimento-do-motor","9":"first","10":"instock","11":"shipping-taxable","12":"purchasable","13":"product-type-simple"},"_links":{"self":[{"href":"https:\/\/stoic-curie.212-227-153-4.plesk.page\/pt\/wp-json\/wp\/v2\/product\/3700883","targetHints":{"allow":["GET"]}}],"collection":[{"href":"https:\/\/stoic-curie.212-227-153-4.plesk.page\/pt\/wp-json\/wp\/v2\/product"}],"about":[{"href":"https:\/\/stoic-curie.212-227-153-4.plesk.page\/pt\/wp-json\/wp\/v2\/types\/product"}],"replies":[{"embeddable":true,"href":"https:\/\/stoic-curie.212-227-153-4.plesk.page\/pt\/wp-json\/wp\/v2\/comments?post=3700883"}],"version-history":[{"count":0,"href":"https:\/\/stoic-curie.212-227-153-4.plesk.page\/pt\/wp-json\/wp\/v2\/product\/3700883\/revisions"}],"wp:featuredmedia":[{"embeddable":true,"href":"https:\/\/stoic-curie.212-227-153-4.plesk.page\/pt\/wp-json\/wp\/v2\/media\/5946619"}],"wp:attachment":[{"href":"https:\/\/stoic-curie.212-227-153-4.plesk.page\/pt\/wp-json\/wp\/v2\/media?parent=3700883"}],"wp:term":[{"taxonomy":"product_brand","embeddable":true,"href":"https:\/\/stoic-curie.212-227-153-4.plesk.page\/pt\/wp-json\/wp\/v2\/product_brand?post=3700883"},{"taxonomy":"product_cat","embeddable":true,"href":"https:\/\/stoic-curie.212-227-153-4.plesk.page\/pt\/wp-json\/wp\/v2\/product_cat?post=3700883"},{"taxonomy":"product_tag","embeddable":true,"href":"https:\/\/stoic-curie.212-227-153-4.plesk.page\/pt\/wp-json\/wp\/v2\/product_tag?post=3700883"}],"curies":[{"name":"wp","href":"https:\/\/api.w.org\/{rel}","templated":true}]}}