{"id":3700887,"date":"2025-10-13T14:24:47","date_gmt":"2025-10-13T18:24:47","guid":{"rendered":"https:\/\/stoic-curie.212-227-153-4.plesk.page\/product\/garmin-echomap-uhd2-62sv\/"},"modified":"2026-02-25T00:28:30","modified_gmt":"2026-02-25T00:28:30","slug":"garmin-echomap-uhd2-62sv","status":"publish","type":"product","link":"https:\/\/stoic-curie.212-227-153-4.plesk.page\/pt\/product\/garmin-echomap-uhd2-62sv\/","title":{"rendered":"Garmin Echomap UHD2 62sv"},"content":{"rendered":"<p>Garmin Echomap UHD2 62sv &#8211; <\/p>\n<p>Temos o prazer de apresentar o Garmin echoMAP UHD2 62SV (sem transdutor). Este sofisticado chartplotter e fishfinder est\u00e1 equipado com uma tela sens\u00edvel ao toque de 6 polegadas que oferece uma resolu\u00e7\u00e3o de 800&#215;480 pixels, bot\u00f5es de acesso r\u00e1pido e um receptor GPS integrado. Ele conta com um poderoso sonar de 500W que inclui capacidades CHIRP, ClearV\u00fc, SideV\u00fc e UHD. Este dispositivo \u00e9 compat\u00edvel com todos os mapas Garmin BlueChart e Garmin Navionics+, e vem com conectividade sem fio integrada, al\u00e9m de suporte para NMEA0183\/2000 e Fusion-Link. Ele se integra facilmente a todos os sistemas de bordo e inclui recursos essenciais da Garmin, como Auto Guidance, ActiveCaptain, Sail Assist e Quickdraw Contours.<\/p>\n<p>O pacote inclui um suporte de montagem ajust\u00e1vel, uma capa para a tela e um cabo de pot\u00eancia\/dados. O modelo que n\u00e3o acompanha transdutor \u00e9 fornecido com um cabo adaptador que converte um transdutor de 8 pinos para uma conex\u00e3o de 12 pinos.<\/p>\n<p>O Garmin echoMAP UHD2 62SV exibe uma tela h\u00edbrida de 6 polegadas brilhante e leg\u00edvel \u00e0 luz do sol. Este sonar de escaneamento utiliza tecnologia CHIRP 2D tradicional, ClearV\u00fc e SideV\u00fc, e tamb\u00e9m \u00e9 compat\u00edvel com a tecnologia de escaneamento em tempo real LiveScope.<\/p>\n<p>O UHD2 62SV \u00e9 equipado com um sonar de 500W que possui tecnologia ClearV\u00fc e SideV\u00fc, junto com capacidades de CHIRP de canal \u00fanico tradicionais. Esta nova s\u00e9rie UHD2 apresenta uma interface atualizada similar \u00e0 dos GPSMAPs, oferecendo uma experi\u00eancia mais fluida e r\u00e1pida em compara\u00e7\u00e3o com modelos anteriores. A tela de alta resolu\u00e7\u00e3o (800 \u00d7 480 pixels) \u00e9 aprimorada com assist\u00eancia de teclado. Al\u00e9m disso, h\u00e1 um slot para cart\u00e3o microSD que aceita cart\u00f5es de at\u00e9 32GB, permitindo que voc\u00ea salve at\u00e9 5.000 pontos de refer\u00eancia.<\/p>\n<p>Com Wi-Fi embutido, voc\u00ea pode conectar seu smartphone ao aplicativo ActiveCaptain, que permite o compartilhamento de dados entre dispositivos. Al\u00e9m disso, \u00e9 poss\u00edvel conectar duas unidades echoMAP UHD2 para compartilhar dados de usu\u00e1rio e sonar.<\/p>\n<p>O dispositivo conta com um GPS multi-banda de 10Hz que utiliza m\u00faltiplas frequ\u00eancias para melhorar a precis\u00e3o da posi\u00e7\u00e3o, especialmente em \u00e1reas com sinais fracos ou refletidos.<\/p>\n<p>O echoMAP UHD2 62SV tamb\u00e9m \u00e9 compat\u00edvel com o motor el\u00e9trico FORCE, permitindo controle wireless completo do motor a partir da tela. Voc\u00ea pode criar e seguir rotas, navegar para pontos de refer\u00eancia, gerenciar velocidade, verificar a vida \u00fatil da bateria e muito mais.<\/p>\n<p><strong>TECNOLOGIA SIDEV\u00dc UHD<\/strong><\/p>\n<p>A tecnologia SideV\u00fc permite que voc\u00ea observe o que est\u00e1 acontecendo em ambos os lados do barco, ajudando a identificar estruturas e peixes com alta precis\u00e3o e detalhe. Este recurso permite localizar rapidamente \u00e1reas de pesca, gra\u00e7as a um amplo campo de escaneamento de 180\u00b0.<\/p>\n<p>A sonda de transom GT54UHD de 350W opera nas frequ\u00eancias CHIRP do SideV\u00fc:<\/p>\n<ul>\n<li>1060-1170 kHz para SideV\u00fc UHD (profundidade de at\u00e9 35 metros)<\/li>\n<li>425-485 kHz para SideV\u00fc (profundidade de at\u00e9 100 metros)<\/li>\n<\/ul>\n<hr>\n<p><strong>TECNOLOGIA CLEARV\u00dc UHD<\/strong><\/p>\n<p>A tecnologia ClearV\u00fc UHD est\u00e1 entre as mais eficazes dispon\u00edveis, fornecendo imagens claras e de alta qualidade em Ultra Alta Defini\u00e7\u00e3o de tudo que est\u00e1 sob a superf\u00edcie da \u00e1gua. Voc\u00ea poder\u00e1 ver estruturas submersas, peixes e objetos com uma clareza not\u00e1vel.<\/p>\n<ul>\n<li><strong>Termoclinas:<\/strong> Identifique a fronteira entre as camadas de \u00e1gua e zonas ricas em oxig\u00eanio.<\/li>\n<li><strong>Identifica\u00e7\u00e3o de Peixes:<\/strong> Distinguir claramente entre diferentes esp\u00e9cies de peixes.<\/li>\n<li><strong>Revela\u00e7\u00e3o de Estruturas:<\/strong> Detectar naufr\u00e1gios, vegeta\u00e7\u00e3o, pilares de pontes e muito mais.<\/li>\n<\/ul>\n<p>A sonda de transom GT54UHD de 350W utiliza frequ\u00eancias CHIRP do ClearV\u00fc:<\/p>\n<ul>\n<li>760-880 kHz para ClearV\u00fc UHD (profundidade de at\u00e9 50 metros)<\/li>\n<\/ul>\n<hr>\n<p><strong>COMPAT\u00cdVEL COM LIVESCOPE LVS32 &amp; LVS34<\/strong><\/p>\n<p>Voc\u00ea pode conectar uma sonda opcional Panoptix LiveScope para sondagem ao vivo instant\u00e2nea. Acesse os modos LiveScope Down e LiveScope Forward a partir de uma \u00fanica sonda, alternando facilmente entre os modos para se adequar \u00e0s suas t\u00e9cnicas de pesca. Use o modo LiveScope Forward para ver imagens n\u00edtidas do seu isco e peixes nas proximidades, e o modo LiveScope Down para observar o que est\u00e1 diretamente abaixo do barco.<\/p>\n<hr>\n<p><strong>FUN\u00c7\u00c3O QUICKDRAW CONTOURS<\/strong><\/p>\n<p>O software Quickdraw Contours permite que voc\u00ea crie mapas de pesca em HD em tempo real. Com o Garmin echoMAP UHD2 62SV, voc\u00ea pode armazenar mapas que cobrem at\u00e9 8.000 km\u00b2, com curvas batim\u00e9tricas exibidas a cada 30 cm. Voc\u00ea pode baixar mapas ou compartilhar os seus conectando via Wi-Fi ao aplicativo ActiveCaptain gratuito, que tamb\u00e9m fornece notifica\u00e7\u00f5es na tela sobre atualiza\u00e7\u00f5es do seu sonar.<\/p>\n<hr>\n<p><strong>CONEX\u00c3O WIFI E CONNECTIVITY ECHOMAP UHD2<\/strong><\/p>\n<p>O Garmin echoMAP UHD2 permite conectividade Wi-Fi com smartphones para utilizar o aplicativo ActiveCaptain em dispositivos iOS e Android. Al\u00e9m disso, voc\u00ea pode conectar duas unidades echoMAP UHD2 para compartilhar visualiza\u00e7\u00f5es de sonar e dados do usu\u00e1rio. Por exemplo, um sonar pode ser conectado a um transdutor de popa enquanto um segundo sonar localizado na frente recebe a visualiza\u00e7\u00e3o do sonar sem fio via Wi-Fi, permitindo que voc\u00ea pesque de todos os lados do barco enquanto monitora uma das telas.<\/p>\n<p>O recurso sem fio tamb\u00e9m permite que voc\u00ea compartilhe certas configura\u00e7\u00f5es do sonar, como sensibilidade, alcance e filtro de interfer\u00eancia, possibilitando ajustes finos em qualquer uma das telas. No entanto, para outras configura\u00e7\u00f5es, voc\u00ea precisar\u00e1 usar sua tela principal.<\/p>\n<p>A conex\u00e3o Wi-Fi tamb\u00e9m facilita o compartilhamento de atualiza\u00e7\u00f5es. Voc\u00ea pode inserir um cart\u00e3o SD de atualiza\u00e7\u00e3o em seu primeiro sonar, iniciar a atualiza\u00e7\u00e3o e depois atualizar sem fio o segundo sonar assim que a primeira atualiza\u00e7\u00e3o for conclu\u00edda, sem precisar mover o cart\u00e3o SD.<\/p>\n","protected":false},"excerpt":{"rendered":"<p>Garmin Echomap UHD2 62sv &#8211; Temos o prazer de apresentar o Garmin echoMAP UHD2 62SV (sem transdutor). Este sofisticado chartplotter<\/p>\n","protected":false},"featured_media":5949209,"comment_status":"closed","ping_status":"closed","template":"","meta":[],"product_brand":[2972],"product_cat":[2031],"product_tag":[],"class_list":{"0":"post-3700887","1":"product","2":"type-product","3":"status-publish","4":"has-post-thumbnail","6":"product_brand-garmin-pt","7":"product_cat-equipamento-eletronico","9":"first","10":"instock","11":"shipping-taxable","12":"purchasable","13":"product-type-simple"},"_links":{"self":[{"href":"https:\/\/stoic-curie.212-227-153-4.plesk.page\/pt\/wp-json\/wp\/v2\/product\/3700887","targetHints":{"allow":["GET"]}}],"collection":[{"href":"https:\/\/stoic-curie.212-227-153-4.plesk.page\/pt\/wp-json\/wp\/v2\/product"}],"about":[{"href":"https:\/\/stoic-curie.212-227-153-4.plesk.page\/pt\/wp-json\/wp\/v2\/types\/product"}],"replies":[{"embeddable":true,"href":"https:\/\/stoic-curie.212-227-153-4.plesk.page\/pt\/wp-json\/wp\/v2\/comments?post=3700887"}],"version-history":[{"count":0,"href":"https:\/\/stoic-curie.212-227-153-4.plesk.page\/pt\/wp-json\/wp\/v2\/product\/3700887\/revisions"}],"wp:featuredmedia":[{"embeddable":true,"href":"https:\/\/stoic-curie.212-227-153-4.plesk.page\/pt\/wp-json\/wp\/v2\/media\/5949209"}],"wp:attachment":[{"href":"https:\/\/stoic-curie.212-227-153-4.plesk.page\/pt\/wp-json\/wp\/v2\/media?parent=3700887"}],"wp:term":[{"taxonomy":"product_brand","embeddable":true,"href":"https:\/\/stoic-curie.212-227-153-4.plesk.page\/pt\/wp-json\/wp\/v2\/product_brand?post=3700887"},{"taxonomy":"product_cat","embeddable":true,"href":"https:\/\/stoic-curie.212-227-153-4.plesk.page\/pt\/wp-json\/wp\/v2\/product_cat?post=3700887"},{"taxonomy":"product_tag","embeddable":true,"href":"https:\/\/stoic-curie.212-227-153-4.plesk.page\/pt\/wp-json\/wp\/v2\/product_tag?post=3700887"}],"curies":[{"name":"wp","href":"https:\/\/api.w.org\/{rel}","templated":true}]}}