{"id":3700892,"date":"2025-10-13T14:24:48","date_gmt":"2025-10-13T18:24:48","guid":{"rendered":"https:\/\/stoic-curie.212-227-153-4.plesk.page\/product\/polyform-a7-branco\/"},"modified":"2026-02-25T00:28:30","modified_gmt":"2026-02-25T00:28:30","slug":"polyform-a7-branco","status":"publish","type":"product","link":"https:\/\/stoic-curie.212-227-153-4.plesk.page\/pt\/product\/polyform-a7-branco\/","title":{"rendered":"Polyform A7 Branco"},"content":{"rendered":"<p>Polyform A7 Branco &#8211; <\/p>\n<p>A boia de uso geral da s\u00e9rie A da Polyform tem sido uma op\u00e7\u00e3o confi\u00e1vel para barcos de pesca comercial e iates por mais de cinco d\u00e9cadas. Reconhecida por sua durabilidade e resist\u00eancia, esta boia est\u00e1 dispon\u00edvel em uma variedade de tamanhos \u00fateis. Profissionais da ind\u00fastria reconhecem que marcar seu equipamento em condi\u00e7\u00f5es adversas pode ser desafiador, raz\u00e3o pela qual a boia da s\u00e9rie A da Polyform \u00e9 utilizada em todos os oceanos, mares, rios e lagos.<\/p>\n<p>As caracter\u00edsticas not\u00e1veis de todas as boias da s\u00e9rie A incluem:<\/p>\n<ul>\n<li>Uma espessura de parede robusta e consistente que aumenta a for\u00e7a e a longevidade<\/li>\n<li>O exclusivo sistema de v\u00e1lvula dupla da Polyform, claramente rotulado como &#8220;AR PRETO&#8221; e &#8220;AR SA\u00cdDA&#8221;<\/li>\n<li>Um tradicional suporte de corda azul que garante versatilidade confi\u00e1vel<\/li>\n<\/ul>\n<p>Tamanho: A-7<br \/>Cor: Vermelho<br \/>Dimens\u00f5es: 39&#8243; x 54&#8243;<br \/>Recomendado para embarca\u00e7\u00f5es com mais de 70 p\u00e9s de comprimento<\/p>\n","protected":false},"excerpt":{"rendered":"<p>Polyform A7 Branco &#8211; A boia de uso geral da s\u00e9rie A da Polyform tem sido uma op\u00e7\u00e3o confi\u00e1vel para<\/p>\n","protected":false},"featured_media":5949216,"comment_status":"closed","ping_status":"closed","template":"","meta":[],"product_brand":[3272],"product_cat":[2137],"product_tag":[],"class_list":{"0":"post-3700892","1":"product","2":"type-product","3":"status-publish","4":"has-post-thumbnail","6":"product_brand-polyform-pt","7":"product_cat-boias-de-amarracao-e-sinalizacao","9":"first","10":"instock","11":"shipping-taxable","12":"purchasable","13":"product-type-simple"},"_links":{"self":[{"href":"https:\/\/stoic-curie.212-227-153-4.plesk.page\/pt\/wp-json\/wp\/v2\/product\/3700892","targetHints":{"allow":["GET"]}}],"collection":[{"href":"https:\/\/stoic-curie.212-227-153-4.plesk.page\/pt\/wp-json\/wp\/v2\/product"}],"about":[{"href":"https:\/\/stoic-curie.212-227-153-4.plesk.page\/pt\/wp-json\/wp\/v2\/types\/product"}],"replies":[{"embeddable":true,"href":"https:\/\/stoic-curie.212-227-153-4.plesk.page\/pt\/wp-json\/wp\/v2\/comments?post=3700892"}],"version-history":[{"count":0,"href":"https:\/\/stoic-curie.212-227-153-4.plesk.page\/pt\/wp-json\/wp\/v2\/product\/3700892\/revisions"}],"wp:featuredmedia":[{"embeddable":true,"href":"https:\/\/stoic-curie.212-227-153-4.plesk.page\/pt\/wp-json\/wp\/v2\/media\/5949216"}],"wp:attachment":[{"href":"https:\/\/stoic-curie.212-227-153-4.plesk.page\/pt\/wp-json\/wp\/v2\/media?parent=3700892"}],"wp:term":[{"taxonomy":"product_brand","embeddable":true,"href":"https:\/\/stoic-curie.212-227-153-4.plesk.page\/pt\/wp-json\/wp\/v2\/product_brand?post=3700892"},{"taxonomy":"product_cat","embeddable":true,"href":"https:\/\/stoic-curie.212-227-153-4.plesk.page\/pt\/wp-json\/wp\/v2\/product_cat?post=3700892"},{"taxonomy":"product_tag","embeddable":true,"href":"https:\/\/stoic-curie.212-227-153-4.plesk.page\/pt\/wp-json\/wp\/v2\/product_tag?post=3700892"}],"curies":[{"name":"wp","href":"https:\/\/api.w.org\/{rel}","templated":true}]}}