{"id":3700895,"date":"2025-10-13T14:24:48","date_gmt":"2025-10-13T18:24:48","guid":{"rendered":"https:\/\/stoic-curie.212-227-153-4.plesk.page\/product\/cilindro-hidraulico-ultraflex-uc128p-obf-1\/"},"modified":"2026-02-25T00:28:30","modified_gmt":"2026-02-25T00:28:30","slug":"cilindro-hidraulico-ultraflex-uc128p-obf-1","status":"publish","type":"product","link":"https:\/\/stoic-curie.212-227-153-4.plesk.page\/pt\/product\/cilindro-hidraulico-ultraflex-uc128p-obf-1\/","title":{"rendered":"Cilindro Hidr\u00e1ulico Ultraflex UC128P-OBF\/1"},"content":{"rendered":"<p>Cilindro Hidr\u00e1ulico Ultraflex UC128P-OBF\/1 &#8211; <\/p>\n<p style=\"color: rgb(34, 34, 34); font-family: Arial, Helvetica, sans-serif; font-size: small;\">Apresentamos o Cilindro de Montagem Frontal Ultraflex UC128P-OBF\/1, vers\u00e3o de bombordo &#8211; Balanceado: Este design de ponta garante que o n\u00famero de rota\u00e7\u00f5es do volante de travamento a travamento seja id\u00eantico em ambos os lados, bombordo e estibordo.<\/p>\n<p style=\"color: rgb(34, 34, 34); font-family: Arial, Helvetica, sans-serif; font-size: small;\">O cilindro UC128-OBF \u00e9 constru\u00eddo com uma haste robusta de a\u00e7o inoxid\u00e1vel, selos duradouros e montagens resilientes. Sua instala\u00e7\u00e3o \u00e9 simples e ele \u00e9 compat\u00edvel com quase todos os motores de popa de 2 tempos e 4 tempos dispon\u00edveis no mercado atualmente.<\/p>\n<p style=\"color: rgb(34, 34, 34); font-family: Arial, Helvetica, sans-serif; font-size: small;\">Recomendamos parear os cilindros UC128-OBF com os volantes das s\u00e9ries UP25, UP28, UP33 e UP39, al\u00e9m de mangueiras pr\u00e9-montadas (Kit OB e Kit OB\/R5).<\/p>\n<p style=\"color: rgb(34, 34, 34); font-family: Arial, Helvetica, sans-serif; font-size: small;\">Para configura\u00e7\u00f5es que exigem cilindros UC128-OBF duplos, voc\u00ea precisar\u00e1 adquirir um cilindro UC128-OBF padr\u00e3o (com a barra de liga\u00e7\u00e3o conectada ao lado estibordo) e um cilindro UC128P-OBF de bombordo (com a barra de liga\u00e7\u00e3o conectada ao lado bombordo). Por favor, consulte a se\u00e7\u00e3o de barras de liga\u00e7\u00e3o para selecionar o modelo correto para configura\u00e7\u00f5es que envolvem motores duplos e cilindros duplos.<\/p>\n<p style=\"color: rgb(34, 34, 34); font-family: Arial, Helvetica, sans-serif; font-size: small;\">APLICA\u00c7\u00d5ES: O cilindro de montagem frontal UC128-OBF n\u00e3o \u00e9 recomendado para instala\u00e7\u00f5es onde as velocidades dos barcos ultrapassem 55 mph (48 n\u00f3s) ou 65 mph (56 n\u00f3s) em aplica\u00e7\u00f5es envolvendo motores duplos, cilindros duplos e motores de rota\u00e7\u00e3o contr\u00e1ria. N\u00e3o \u00e9 projetado para corridas competidoras.<\/p>\n<p style=\"color: rgb(34, 34, 34); font-family: Arial, Helvetica, sans-serif; font-size: small;\">Em conclus\u00e3o, o Cilindro de Montagem Frontal Ultraflex UC128P-OBF\/1, vers\u00e3o de bombordo &#8211; Balanceado garante rota\u00e7\u00f5es de volante iguais de travamento a travamento em ambos os lados.<\/p>\n<p style=\"color: rgb(34, 34, 34); font-family: Arial, Helvetica, sans-serif; font-size: small;\">\u2022 O cilindro UC128-OBF est\u00e1 equipado com uma haste de a\u00e7o inoxid\u00e1vel de alta resist\u00eancia, selos e montagens, tornando-o f\u00e1cil de instalar e compat\u00edvel com quase todos os motores de popa de 2 tempos e 4 tempos dispon\u00edveis no mercado.<\/p>\n<p style=\"color: rgb(34, 34, 34); font-family: Arial, Helvetica, sans-serif; font-size: small;\">\u2022 Recomendamos utilizar os cilindros UC128-OBF com volantes das s\u00e9ries UP25, UP28, UP33 e UP39, assim como mangueiras pr\u00e9-montadas (Kit OB e Kit OB\/R5).<\/p>\n<p style=\"color: rgb(34, 34, 34); font-family: Arial, Helvetica, sans-serif; font-size: small;\">\u2022 Para aplica\u00e7\u00f5es envolvendo cilindros UC128-OBF duplos, pe\u00e7a um cilindro UC128-OBF padr\u00e3o (com a barra de liga\u00e7\u00e3o no lado estibordo) e um cilindro UC128P-OBF de bombordo (com a barra de liga\u00e7\u00e3o no lado bombordo). Consulte a se\u00e7\u00e3o de barras de liga\u00e7\u00e3o para selecionar o modelo apropriado para configura\u00e7\u00f5es de motor duplo e cilindro duplo.<\/p>\n<p style=\"color: rgb(34, 34, 34); font-family: Arial, Helvetica, sans-serif; font-size: small;\">APLICA\u00c7\u00d5ES: O cilindro de montagem frontal UC128-OBF N\u00c3O \u00e9 adequado para instala\u00e7\u00f5es onde as velocidades dos barcos excedem 55 mph (48 n\u00f3s) ou 65 mph (56 n\u00f3s) em aplica\u00e7\u00f5es de motores duplos, cilindros duplos e motores de rota\u00e7\u00e3o contr\u00e1ria. N\u00c3O \u00e9 destinado para prop\u00f3sitos de corrida.<\/p>\n","protected":false},"excerpt":{"rendered":"<p>Cilindro Hidr\u00e1ulico Ultraflex UC128P-OBF\/1 &#8211; Apresentamos o Cilindro de Montagem Frontal Ultraflex UC128P-OBF\/1, vers\u00e3o de bombordo &#8211; Balanceado: Este design<\/p>\n","protected":false},"featured_media":5949223,"comment_status":"closed","ping_status":"closed","template":"","meta":[],"product_brand":[3502],"product_cat":[2110],"product_tag":[],"class_list":{"0":"post-3700895","1":"product","2":"type-product","3":"status-publish","4":"has-post-thumbnail","6":"product_brand-ultraflex-uflex-pt","7":"product_cat-direcao-hidraulica","9":"first","10":"instock","11":"shipping-taxable","12":"purchasable","13":"product-type-simple"},"_links":{"self":[{"href":"https:\/\/stoic-curie.212-227-153-4.plesk.page\/pt\/wp-json\/wp\/v2\/product\/3700895","targetHints":{"allow":["GET"]}}],"collection":[{"href":"https:\/\/stoic-curie.212-227-153-4.plesk.page\/pt\/wp-json\/wp\/v2\/product"}],"about":[{"href":"https:\/\/stoic-curie.212-227-153-4.plesk.page\/pt\/wp-json\/wp\/v2\/types\/product"}],"replies":[{"embeddable":true,"href":"https:\/\/stoic-curie.212-227-153-4.plesk.page\/pt\/wp-json\/wp\/v2\/comments?post=3700895"}],"version-history":[{"count":0,"href":"https:\/\/stoic-curie.212-227-153-4.plesk.page\/pt\/wp-json\/wp\/v2\/product\/3700895\/revisions"}],"wp:featuredmedia":[{"embeddable":true,"href":"https:\/\/stoic-curie.212-227-153-4.plesk.page\/pt\/wp-json\/wp\/v2\/media\/5949223"}],"wp:attachment":[{"href":"https:\/\/stoic-curie.212-227-153-4.plesk.page\/pt\/wp-json\/wp\/v2\/media?parent=3700895"}],"wp:term":[{"taxonomy":"product_brand","embeddable":true,"href":"https:\/\/stoic-curie.212-227-153-4.plesk.page\/pt\/wp-json\/wp\/v2\/product_brand?post=3700895"},{"taxonomy":"product_cat","embeddable":true,"href":"https:\/\/stoic-curie.212-227-153-4.plesk.page\/pt\/wp-json\/wp\/v2\/product_cat?post=3700895"},{"taxonomy":"product_tag","embeddable":true,"href":"https:\/\/stoic-curie.212-227-153-4.plesk.page\/pt\/wp-json\/wp\/v2\/product_tag?post=3700895"}],"curies":[{"name":"wp","href":"https:\/\/api.w.org\/{rel}","templated":true}]}}