{"id":5501238,"date":"2026-01-27T06:22:58","date_gmt":"2026-01-27T05:22:58","guid":{"rendered":"https:\/\/stoic-curie.212-227-153-4.plesk.page\/product\/escotilhas-vetus-libero-tamanho-50\/"},"modified":"2026-02-25T00:27:42","modified_gmt":"2026-02-25T00:27:42","slug":"escotilhas-vetus-libero-tamanho-50","status":"publish","type":"product","link":"https:\/\/stoic-curie.212-227-153-4.plesk.page\/pt\/product\/escotilhas-vetus-libero-tamanho-50\/","title":{"rendered":"Escotilhas Vetus Libero Tamanho 50"},"content":{"rendered":"<p>Escotilhas Vetus Libero Tamanho 50 &#8211; <\/p>\n<p>Estrutura de alum\u00ednio anodizado e quadro das escotilhas Vetus com lente acr\u00edlica fum\u00ea de 12 mm de espessura. Equipadas com dobradi\u00e7as de fric\u00e7\u00e3o que permitem que fiquem abertas em qualquer posi\u00e7\u00e3o at\u00e9 180\u00b0. Altura acima do conv\u00e9s: 50 mm. Certificado CE classe AII.<\/p>\n","protected":false},"excerpt":{"rendered":"<p>Escotilhas Vetus Libero Tamanho 50 &#8211; Estrutura de alum\u00ednio anodizado e quadro das escotilhas Vetus com lente acr\u00edlica fum\u00ea de<\/p>\n","protected":false},"featured_media":5937256,"comment_status":"open","ping_status":"closed","template":"","meta":[],"product_brand":[3522],"product_cat":[1989],"product_tag":[],"class_list":{"0":"post-5501238","1":"product","2":"type-product","3":"status-publish","4":"has-post-thumbnail","6":"product_brand-vetus-pt","7":"product_cat-escotilhas","9":"first","10":"instock","11":"shipping-taxable","12":"purchasable","13":"product-type-simple"},"_links":{"self":[{"href":"https:\/\/stoic-curie.212-227-153-4.plesk.page\/pt\/wp-json\/wp\/v2\/product\/5501238","targetHints":{"allow":["GET"]}}],"collection":[{"href":"https:\/\/stoic-curie.212-227-153-4.plesk.page\/pt\/wp-json\/wp\/v2\/product"}],"about":[{"href":"https:\/\/stoic-curie.212-227-153-4.plesk.page\/pt\/wp-json\/wp\/v2\/types\/product"}],"replies":[{"embeddable":true,"href":"https:\/\/stoic-curie.212-227-153-4.plesk.page\/pt\/wp-json\/wp\/v2\/comments?post=5501238"}],"version-history":[{"count":0,"href":"https:\/\/stoic-curie.212-227-153-4.plesk.page\/pt\/wp-json\/wp\/v2\/product\/5501238\/revisions"}],"wp:featuredmedia":[{"embeddable":true,"href":"https:\/\/stoic-curie.212-227-153-4.plesk.page\/pt\/wp-json\/wp\/v2\/media\/5937256"}],"wp:attachment":[{"href":"https:\/\/stoic-curie.212-227-153-4.plesk.page\/pt\/wp-json\/wp\/v2\/media?parent=5501238"}],"wp:term":[{"taxonomy":"product_brand","embeddable":true,"href":"https:\/\/stoic-curie.212-227-153-4.plesk.page\/pt\/wp-json\/wp\/v2\/product_brand?post=5501238"},{"taxonomy":"product_cat","embeddable":true,"href":"https:\/\/stoic-curie.212-227-153-4.plesk.page\/pt\/wp-json\/wp\/v2\/product_cat?post=5501238"},{"taxonomy":"product_tag","embeddable":true,"href":"https:\/\/stoic-curie.212-227-153-4.plesk.page\/pt\/wp-json\/wp\/v2\/product_tag?post=5501238"}],"curies":[{"name":"wp","href":"https:\/\/api.w.org\/{rel}","templated":true}]}}