{"id":5501239,"date":"2026-01-27T06:22:59","date_gmt":"2026-01-27T05:22:59","guid":{"rendered":"https:\/\/stoic-curie.212-227-153-4.plesk.page\/product\/escotilha-vetus-libero-62\/"},"modified":"2026-02-25T00:27:42","modified_gmt":"2026-02-25T00:27:42","slug":"escotilha-vetus-libero-62","status":"publish","type":"product","link":"https:\/\/stoic-curie.212-227-153-4.plesk.page\/pt\/product\/escotilha-vetus-libero-62\/","title":{"rendered":"Escotilha Vetus Libero 62"},"content":{"rendered":"<p>Escotilha Vetus Libero 62 &#8211; <\/p>\n<p style=\"color: rgb(34, 34, 34); font-family: Arial, Helvetica, sans-serif; font-size: small;\">O Vetus Libero 62 (Modelo LIB6255L) apresenta uma estrutura de alum\u00ednio anodizado, polido \u00e0 m\u00e3o, com um raio de canto de 32 mm ou 55 mm. A tampa \u00e9 feita de acr\u00edlico escuro de 10 mm. Essas escotilhas de escape e de conv\u00e9s incluem mecanismos ajust\u00e1veis que permitem que a tampa permane\u00e7a aberta em quase qualquer \u00e2ngulo, at\u00e9 90\u00b0. O tipo LIBERO \u00e9 projetado para a Categoria A, \u00c1rea II.<\/p>\n<p style=\"color: rgb(34, 34, 34); font-family: Arial, Helvetica, sans-serif; font-size: small;\">A primeira imagem apresenta uma varia\u00e7\u00e3o das nossas escotilhas LIBERO, que diferem em forma, n\u00famero de dobradi\u00e7as, ajustadores e al\u00e7as. Para mais detalhes, consulte a se\u00e7\u00e3o de informa\u00e7\u00f5es adicionais.<\/p>\n<p style=\"color: rgb(34, 34, 34); font-family: Arial, Helvetica, sans-serif; font-size: small;\">As principais especifica\u00e7\u00f5es incluem:<\/p>\n<ul style=\"color: rgb(34, 34, 34); font-family: Arial, Helvetica, sans-serif; font-size: small;\">\n<li>Estrutura e moldura em alum\u00ednio anodizado<\/li>\n<li>Lente de acr\u00edlico fum\u00ea com espessura de 12 mm<\/li>\n<li>Dobradicas de fric\u00e7\u00e3o que permitem que a escotilha permane\u00e7a aberta em qualquer posi\u00e7\u00e3o at\u00e9 180\u00b0<\/li>\n<li>Altura no conv\u00e9s de 50 mm<\/li>\n<li>Certifica\u00e7\u00e3o CE Classe AII<\/li>\n<\/ul>\n<p style=\"color: rgb(34, 34, 34); font-family: Arial, Helvetica, sans-serif; font-size: small;\">Detalhes adicionais:<\/p>\n<ul style=\"color: rgb(34, 34, 34); font-family: Arial, Helvetica, sans-serif; font-size: small;\">\n<li>Material: Alum\u00ednio<\/li>\n<li>N\u00famero de al\u00e7as: 2<\/li>\n<li>Tipo de tela contra mosquitos: HCM6262<\/li>\n<li>Marca CE: AII<\/li>\n<li>Formato: Quadrado<\/li>\n<li>Abertura: Emoldurada<\/li>\n<li>Dobradicas de fric\u00e7\u00e3o: Sim<\/li>\n<li>Tipo de escotilha: Escape<\/li>\n<li>Comprimento: 680 mm<\/li>\n<li>Altura: 680 mm<\/li>\n<li>Raio de corte: 55 mm<\/li>\n<li>Altura de corte: 620 mm<\/li>\n<li>Comprimento de corte: 620 mm<\/li>\n<\/ul>\n","protected":false},"excerpt":{"rendered":"<p>Escotilha Vetus Libero 62 &#8211; O Vetus Libero 62 (Modelo LIB6255L) apresenta uma estrutura de alum\u00ednio anodizado, polido \u00e0 m\u00e3o,<\/p>\n","protected":false},"featured_media":5937256,"comment_status":"open","ping_status":"closed","template":"","meta":[],"product_brand":[3522],"product_cat":[1989],"product_tag":[],"class_list":{"0":"post-5501239","1":"product","2":"type-product","3":"status-publish","4":"has-post-thumbnail","6":"product_brand-vetus-pt","7":"product_cat-escotilhas","9":"first","10":"instock","11":"shipping-taxable","12":"purchasable","13":"product-type-simple"},"_links":{"self":[{"href":"https:\/\/stoic-curie.212-227-153-4.plesk.page\/pt\/wp-json\/wp\/v2\/product\/5501239","targetHints":{"allow":["GET"]}}],"collection":[{"href":"https:\/\/stoic-curie.212-227-153-4.plesk.page\/pt\/wp-json\/wp\/v2\/product"}],"about":[{"href":"https:\/\/stoic-curie.212-227-153-4.plesk.page\/pt\/wp-json\/wp\/v2\/types\/product"}],"replies":[{"embeddable":true,"href":"https:\/\/stoic-curie.212-227-153-4.plesk.page\/pt\/wp-json\/wp\/v2\/comments?post=5501239"}],"version-history":[{"count":0,"href":"https:\/\/stoic-curie.212-227-153-4.plesk.page\/pt\/wp-json\/wp\/v2\/product\/5501239\/revisions"}],"wp:featuredmedia":[{"embeddable":true,"href":"https:\/\/stoic-curie.212-227-153-4.plesk.page\/pt\/wp-json\/wp\/v2\/media\/5937256"}],"wp:attachment":[{"href":"https:\/\/stoic-curie.212-227-153-4.plesk.page\/pt\/wp-json\/wp\/v2\/media?parent=5501239"}],"wp:term":[{"taxonomy":"product_brand","embeddable":true,"href":"https:\/\/stoic-curie.212-227-153-4.plesk.page\/pt\/wp-json\/wp\/v2\/product_brand?post=5501239"},{"taxonomy":"product_cat","embeddable":true,"href":"https:\/\/stoic-curie.212-227-153-4.plesk.page\/pt\/wp-json\/wp\/v2\/product_cat?post=5501239"},{"taxonomy":"product_tag","embeddable":true,"href":"https:\/\/stoic-curie.212-227-153-4.plesk.page\/pt\/wp-json\/wp\/v2\/product_tag?post=5501239"}],"curies":[{"name":"wp","href":"https:\/\/api.w.org\/{rel}","templated":true}]}}