{"id":5501240,"date":"2026-01-27T06:23:09","date_gmt":"2026-01-27T05:23:09","guid":{"rendered":"https:\/\/stoic-curie.212-227-153-4.plesk.page\/product\/baterias-vetus-agm-140-amp\/"},"modified":"2026-02-25T00:27:44","modified_gmt":"2026-02-25T00:27:44","slug":"baterias-vetus-agm-140-amp","status":"publish","type":"product","link":"https:\/\/stoic-curie.212-227-153-4.plesk.page\/pt\/product\/baterias-vetus-agm-140-amp\/","title":{"rendered":"Baterias Vetus AGM  140 amp"},"content":{"rendered":"<p>Baterias Vetus AGM  140 amp &#8211; <\/p>\n<p>Baterias Vetus com tecnologia AGM (Mat de Vidro Absorvido). Seladas, n\u00e3o necessitam de manuten\u00e7\u00e3o. Projetadas para uso marinho, com baixa autodissipa\u00e7\u00e3o, s\u00e3o ideais para reiniciar o motor no in\u00edcio da pr\u00f3xima temporada. Muito robustas; se danificadas, n\u00e3o vazam l\u00edquidos e continuam a funcionar gra\u00e7as aos separadores de fibra de vidro inseridos entre as placas. Especialmente projetadas para uso c\u00edclico.<\/p>\n","protected":false},"excerpt":{"rendered":"<p>Baterias Vetus AGM 140 amp &#8211; Baterias Vetus com tecnologia AGM (Mat de Vidro Absorvido). Seladas, n\u00e3o necessitam de manuten\u00e7\u00e3o.<\/p>\n","protected":false},"featured_media":5937512,"comment_status":"open","ping_status":"closed","template":"","meta":[],"product_brand":[3522],"product_cat":[2016],"product_tag":[],"class_list":{"0":"post-5501240","1":"product","2":"type-product","3":"status-publish","4":"has-post-thumbnail","6":"product_brand-vetus-pt","7":"product_cat-baterias-equipamento-eletrico","9":"first","10":"instock","11":"shipping-taxable","12":"purchasable","13":"product-type-simple"},"_links":{"self":[{"href":"https:\/\/stoic-curie.212-227-153-4.plesk.page\/pt\/wp-json\/wp\/v2\/product\/5501240","targetHints":{"allow":["GET"]}}],"collection":[{"href":"https:\/\/stoic-curie.212-227-153-4.plesk.page\/pt\/wp-json\/wp\/v2\/product"}],"about":[{"href":"https:\/\/stoic-curie.212-227-153-4.plesk.page\/pt\/wp-json\/wp\/v2\/types\/product"}],"replies":[{"embeddable":true,"href":"https:\/\/stoic-curie.212-227-153-4.plesk.page\/pt\/wp-json\/wp\/v2\/comments?post=5501240"}],"version-history":[{"count":0,"href":"https:\/\/stoic-curie.212-227-153-4.plesk.page\/pt\/wp-json\/wp\/v2\/product\/5501240\/revisions"}],"wp:featuredmedia":[{"embeddable":true,"href":"https:\/\/stoic-curie.212-227-153-4.plesk.page\/pt\/wp-json\/wp\/v2\/media\/5937512"}],"wp:attachment":[{"href":"https:\/\/stoic-curie.212-227-153-4.plesk.page\/pt\/wp-json\/wp\/v2\/media?parent=5501240"}],"wp:term":[{"taxonomy":"product_brand","embeddable":true,"href":"https:\/\/stoic-curie.212-227-153-4.plesk.page\/pt\/wp-json\/wp\/v2\/product_brand?post=5501240"},{"taxonomy":"product_cat","embeddable":true,"href":"https:\/\/stoic-curie.212-227-153-4.plesk.page\/pt\/wp-json\/wp\/v2\/product_cat?post=5501240"},{"taxonomy":"product_tag","embeddable":true,"href":"https:\/\/stoic-curie.212-227-153-4.plesk.page\/pt\/wp-json\/wp\/v2\/product_tag?post=5501240"}],"curies":[{"name":"wp","href":"https:\/\/api.w.org\/{rel}","templated":true}]}}