{"id":5501241,"date":"2026-01-27T06:23:10","date_gmt":"2026-01-27T05:23:10","guid":{"rendered":"https:\/\/stoic-curie.212-227-153-4.plesk.page\/product\/bateria-agm-vetus-170amp\/"},"modified":"2026-02-25T00:27:44","modified_gmt":"2026-02-25T00:27:44","slug":"bateria-agm-vetus-170amp","status":"publish","type":"product","link":"https:\/\/stoic-curie.212-227-153-4.plesk.page\/pt\/product\/bateria-agm-vetus-170amp\/","title":{"rendered":"Bateria AGM Vetus 170amp"},"content":{"rendered":"<p>Bateria AGM Vetus 170amp &#8211; <\/p>\n<p style=\"color: rgb(34, 34, 34); font-family: Arial, Helvetica, sans-serif; font-size: small;\">O eletr\u00f3lito dentro destas baterias \u00e9 alojado em separadores de mat fiberglass que est\u00e3o posicionados entre as placas da bateria. Esta constru\u00e7\u00e3o efetivamente previne vazamentos durante a opera\u00e7\u00e3o padr\u00e3o. Mesmo no caso de uma queda acidental que danifique a carca\u00e7a, o eletr\u00f3lito permanece contido com seguran\u00e7a dentro dos mats de fibra de vidro. Este design de bateria \u00e9 seguro para transporte a\u00e9reo e serve como substituto para a antiga s\u00e9rie de baterias AGM VETUS.<\/p>\n<p style=\"color: rgb(34, 34, 34); font-family: Arial, Helvetica, sans-serif; font-size: small;\">As baterias AGM (Absorbed Glass Mat) da VETUS s\u00e3o seladas e n\u00e3o requerem manuten\u00e7\u00e3o. Elas s\u00e3o especificamente projetadas para uso marinho, tornando-as perfeitas para dar partida em motores, operar guinchos e alimentar propulsores de proa. Essas baterias fornecem altas Correntes de Arranque Marinho (MCA), apresentam baixas taxas de autodescarga e s\u00e3o constru\u00eddas para resistir a danos. Se sofrerem qualquer comprometimento, n\u00e3o vazam l\u00edquido e continuam a funcionar de forma eficaz. Elas s\u00e3o particularmente ideais para aplica\u00e7\u00f5es de ciclos cont\u00ednuos, especialmente quando o recarregamento imediato \u00e9 poss\u00edvel.<\/p>\n<p style=\"color: rgb(34, 34, 34); font-family: Arial, Helvetica, sans-serif; font-size: small;\"><strong>Especifica\u00e7\u00f5es<\/strong><\/p>\n<ul style=\"color: rgb(34, 34, 34); font-family: Arial, Helvetica, sans-serif; font-size: small;\">\n<li>Correntes de Arranque a Frio (CCA EN): 1100 A<\/li>\n<li>Capacidade de Reserva (minutos a 25A): 300<\/li>\n<li>Capacidade C20 (Ah): 170 Ah<\/li>\n<li>Capacidade C5 (Ah): 130 Ah<\/li>\n<li>Voltagem: 12 V<\/li>\n<li>Peso: 46,6 kg<\/li>\n<li>Comprimento: 513 mm<\/li>\n<li>Altura: 223 mm<\/li>\n<li>Largura: 223 mm<\/li>\n<\/ul>\n","protected":false},"excerpt":{"rendered":"<p>Bateria AGM Vetus 170amp &#8211; O eletr\u00f3lito dentro destas baterias \u00e9 alojado em separadores de mat fiberglass que est\u00e3o posicionados<\/p>\n","protected":false},"featured_media":5937512,"comment_status":"open","ping_status":"closed","template":"","meta":[],"product_brand":[3522],"product_cat":[2016],"product_tag":[],"class_list":{"0":"post-5501241","1":"product","2":"type-product","3":"status-publish","4":"has-post-thumbnail","6":"product_brand-vetus-pt","7":"product_cat-baterias-equipamento-eletrico","9":"first","10":"instock","11":"shipping-taxable","12":"purchasable","13":"product-type-simple"},"_links":{"self":[{"href":"https:\/\/stoic-curie.212-227-153-4.plesk.page\/pt\/wp-json\/wp\/v2\/product\/5501241","targetHints":{"allow":["GET"]}}],"collection":[{"href":"https:\/\/stoic-curie.212-227-153-4.plesk.page\/pt\/wp-json\/wp\/v2\/product"}],"about":[{"href":"https:\/\/stoic-curie.212-227-153-4.plesk.page\/pt\/wp-json\/wp\/v2\/types\/product"}],"replies":[{"embeddable":true,"href":"https:\/\/stoic-curie.212-227-153-4.plesk.page\/pt\/wp-json\/wp\/v2\/comments?post=5501241"}],"version-history":[{"count":0,"href":"https:\/\/stoic-curie.212-227-153-4.plesk.page\/pt\/wp-json\/wp\/v2\/product\/5501241\/revisions"}],"wp:featuredmedia":[{"embeddable":true,"href":"https:\/\/stoic-curie.212-227-153-4.plesk.page\/pt\/wp-json\/wp\/v2\/media\/5937512"}],"wp:attachment":[{"href":"https:\/\/stoic-curie.212-227-153-4.plesk.page\/pt\/wp-json\/wp\/v2\/media?parent=5501241"}],"wp:term":[{"taxonomy":"product_brand","embeddable":true,"href":"https:\/\/stoic-curie.212-227-153-4.plesk.page\/pt\/wp-json\/wp\/v2\/product_brand?post=5501241"},{"taxonomy":"product_cat","embeddable":true,"href":"https:\/\/stoic-curie.212-227-153-4.plesk.page\/pt\/wp-json\/wp\/v2\/product_cat?post=5501241"},{"taxonomy":"product_tag","embeddable":true,"href":"https:\/\/stoic-curie.212-227-153-4.plesk.page\/pt\/wp-json\/wp\/v2\/product_tag?post=5501241"}],"curies":[{"name":"wp","href":"https:\/\/api.w.org\/{rel}","templated":true}]}}